{"id":29601,"date":"2022-12-05T09:55:24","date_gmt":"2022-12-05T08:55:24","guid":{"rendered":"https:\/\/www.pharmacieonline.lu\/?post_type=product&#038;p=29601"},"modified":"2026-04-09T16:25:42","modified_gmt":"2026-04-09T14:25:42","slug":"avene-hyaluron-activ-b3-soin-yeux-15ml","status":"publish","type":"product","link":"https:\/\/www.pharmacieonline.lu\/de\/produit\/avene-hyaluron-activ-b3-soin-yeux-15ml\/","title":{"rendered":"AVENE HYALURON ACTIV B3 SOIN YEUX 15ML"},"content":{"rendered":"<p>Augenpflege mit Dextransulfat, reiner Hyalurons\u00e4ure und Niacinamid gegen die Ursache der Hautalterung*. Die Augenkontur ist straffer. Falten, Schwellungen, Augenringe werden aufgef\u00fcllt.<\/p>\n<p>Mit dem Alter beschleunigt sich alles. Alternde Zellen breiten sich aus und die Haut funktioniert in Zeitlupe. Av\u00e8ne Dermatologische Labors haben Hyaluron Activ B3 Augenpflege entwickelt, die Dextransulfat, reine Hyalurons\u00e4ure (mit hohem und niedrigem Molekulargewicht) und Niacinamid (6 %) enth\u00e4lt, um die Ursache der Hautalterung zu bek\u00e4mpfen und das Zellleben zu verl\u00e4ngern.* Die Hyaluron Activ B3 Triple Correction Augenpflege ist eine \u00d6ko-Pflege mit 93% Inhaltsstoffen nat\u00fcrlichen Ursprungs, ohne Inhaltsstoffe tierischen Ursprungs. Seine Gel-Creme-Textur bringt einen sofortigen Frische-Effekt. Die Augenkontur ist straffer. Falten, Schwellungen, Augenringe werden aufgef\u00fcllt. Ohne Duftstoffe eignet sich diese Pflege sowohl f\u00fcr die Augenpartie, auch empfindliche, als auch f\u00fcr die Lippenkontur. Es ist auch eine gute Make-up-Basis.<\/p>\n<p>*In-vitro-Test dank Niacinamid.<\/p>\n<p>Vorteile<br \/>\n\u2022 KORRIGIERT feine Linien und F\u00e4ltchen<br \/>\n\u2022 ENTSPANNT die Augenpartie<br \/>\n\u2022 BELEBT das Strahlen der Augen<\/p>\n<p>H\u00e4ufigkeit der Nutzung<br \/>\n1 bis 2 mal am Tag<br \/>\nBeratung verwenden<br \/>\nMorgens und\/oder abends alleine oder nach Ihrem Serum auftragen. Geeignet f\u00fcr die Lippenkontur.<\/p>","protected":false},"excerpt":{"rendered":"<p>Augenpflege mit Dextransulfat, reiner Hyalurons\u00e4ure und Niacinamid gegen die Ursache der Hautalterung*. Die Augenkontur ist straffer. Falten, Schwellungen, Augenringe werden aufgef\u00fcllt. Mit dem Alter beschleunigt sich alles. Alternde Zellen breiten sich aus und die Haut funktioniert in Zeitlupe. Av\u00e8ne Dermatologische Labors haben Hyaluron Activ B3 Augenpflege entwickelt, die Dextransulfat, reine Hyalurons\u00e4ure (mit hohem und niedrigem [&hellip;]<\/p>\n","protected":false},"featured_media":29603,"template":"","meta":{"_acf_changed":false,"footnotes":""},"product_brand":[],"product_cat":[47,42,54],"product_tag":[],"class_list":{"0":"post-29601","1":"product","2":"type-product","3":"status-publish","4":"has-post-thumbnail","6":"product_cat-dermocosmetique","7":"product_cat-para-pharmacie","8":"product_cat-soins-du-visage","10":"first","11":"outofstock","12":"taxable","13":"shipping-taxable","14":"purchasable","15":"product-type-simple"},"acf":[],"_links":{"self":[{"href":"https:\/\/www.pharmacieonline.lu\/de\/wp-json\/wp\/v2\/product\/29601","targetHints":{"allow":["GET"]}}],"collection":[{"href":"https:\/\/www.pharmacieonline.lu\/de\/wp-json\/wp\/v2\/product"}],"about":[{"href":"https:\/\/www.pharmacieonline.lu\/de\/wp-json\/wp\/v2\/types\/product"}],"version-history":[{"count":0,"href":"https:\/\/www.pharmacieonline.lu\/de\/wp-json\/wp\/v2\/product\/29601\/revisions"}],"wp:featuredmedia":[{"embeddable":true,"href":"https:\/\/www.pharmacieonline.lu\/de\/wp-json\/wp\/v2\/media\/29603"}],"wp:attachment":[{"href":"https:\/\/www.pharmacieonline.lu\/de\/wp-json\/wp\/v2\/media?parent=29601"}],"wp:term":[{"taxonomy":"product_brand","embeddable":true,"href":"https:\/\/www.pharmacieonline.lu\/de\/wp-json\/wp\/v2\/product_brand?post=29601"},{"taxonomy":"product_cat","embeddable":true,"href":"https:\/\/www.pharmacieonline.lu\/de\/wp-json\/wp\/v2\/product_cat?post=29601"},{"taxonomy":"product_tag","embeddable":true,"href":"https:\/\/www.pharmacieonline.lu\/de\/wp-json\/wp\/v2\/product_tag?post=29601"}],"curies":[{"name":"wp","href":"https:\/\/api.w.org\/{rel}","templated":true}]}}