{"id":29605,"date":"2022-12-05T09:57:42","date_gmt":"2022-12-05T08:57:42","guid":{"rendered":"https:\/\/www.pharmacieonline.lu\/?post_type=product&#038;p=29605"},"modified":"2026-04-09T20:25:27","modified_gmt":"2026-04-09T18:25:27","slug":"avene-hyaluron-activ-b3-cr-jour-reg-50ml","status":"publish","type":"product","link":"https:\/\/www.pharmacieonline.lu\/de\/produit\/avene-hyaluron-activ-b3-cr-jour-reg-50ml\/","title":{"rendered":"AVENE HYALURON ACTIV B3 CR JOUR REG 50ML"},"content":{"rendered":"<p>Creme konzentriert mit 0,2 % reiner Hyalurons\u00e4ure und 6 % Niacinamid, um die Ursache der Hautalterung zu bek\u00e4mpfen*. Die Haut ist straffer, Falten werden korrigiert.<\/p>\n<p>*In-vitro-Test dank Niacinamid.<\/p>\n<p>Mit dem Alter beschleunigt sich alles. Alternde Zellen breiten sich aus und die Haut funktioniert in Zeitlupe. Av\u00e8ne Dermatologische Labore haben Hyaluron Activ B3 Creme entwickelt, die zu 0,2 % aus reiner Hyalurons\u00e4ure (mit hohem und niedrigem Molekulargewicht) und Niacinamid (6 %) konzentriert ist, um die Ursache der Hautalterung zu bek\u00e4mpfen und die Lebensdauer der Zellen zu verl\u00e4ngern*. Nach einer einzigen Anwendung ist die Haut aufgepolstert, gegl\u00e4ttet und strahlend. Ab 15 Tagen wird sie regeneriert, gestrafft und F\u00e4ltchen werden korrigiert**. Seine zart duftende, samtige Textur bringt Komfort auf die Haut. Es ist auch eine sehr gute Make-up-Basis. Hyaluron Activ B3 Zellregenerationscreme ist eine umweltfreundliche Behandlung mit 92 % Inhaltsstoffen nat\u00fcrlichen Ursprungs, ohne Inhaltsstoffe tierischen Ursprungs, in einem nachf\u00fcllbaren Glastiegel.<\/p>\n<p>*In-vitro-Test dank Niacinamid.<br \/>\n**Selbsteinsch\u00e4tzung, 71 Benutzer, 1 Anwendung pro Tag.<\/p>\n<p>Vorteile<br \/>\n\u2022 FESTE Haut f\u00fcr 97 % der Frauen.<br \/>\n\u2022 KORRIGIERT Falten ab 15 Tagen.<br \/>\n\u2022 REGENERIERT die Haut durch Verl\u00e4ngerung der Lebensdauer der Zellen.<\/p>\n<p>H\u00e4ufigkeit der Nutzung<br \/>\n1 bis 2 mal am Tag<br \/>\nBeratung verwenden<br \/>\nMorgens und\/oder abends auf Gesicht, Hals und Dekollet\u00e9 auftragen, alleine oder nach Ihrem Serum.<\/p>","protected":false},"excerpt":{"rendered":"<p>Creme konzentriert mit 0,2 % reiner Hyalurons\u00e4ure und 6 % Niacinamid, um die Ursache der Hautalterung zu bek\u00e4mpfen*. Die Haut ist straffer, Falten werden korrigiert. *In-vitro-Test dank Niacinamid. Mit dem Alter beschleunigt sich alles. Alternde Zellen breiten sich aus und die Haut funktioniert in Zeitlupe. Av\u00e8ne Dermatologische Labore haben Hyaluron Activ B3 Creme entwickelt, die [&hellip;]<\/p>\n","protected":false},"featured_media":29607,"template":"","meta":{"_acf_changed":false,"footnotes":""},"product_brand":[],"product_cat":[47,42,54],"product_tag":[],"class_list":{"0":"post-29605","1":"product","2":"type-product","3":"status-publish","4":"has-post-thumbnail","6":"product_cat-dermocosmetique","7":"product_cat-para-pharmacie","8":"product_cat-soins-du-visage","10":"first","11":"instock","12":"taxable","13":"shipping-taxable","14":"purchasable","15":"product-type-simple"},"acf":[],"_links":{"self":[{"href":"https:\/\/www.pharmacieonline.lu\/de\/wp-json\/wp\/v2\/product\/29605","targetHints":{"allow":["GET"]}}],"collection":[{"href":"https:\/\/www.pharmacieonline.lu\/de\/wp-json\/wp\/v2\/product"}],"about":[{"href":"https:\/\/www.pharmacieonline.lu\/de\/wp-json\/wp\/v2\/types\/product"}],"version-history":[{"count":0,"href":"https:\/\/www.pharmacieonline.lu\/de\/wp-json\/wp\/v2\/product\/29605\/revisions"}],"wp:featuredmedia":[{"embeddable":true,"href":"https:\/\/www.pharmacieonline.lu\/de\/wp-json\/wp\/v2\/media\/29607"}],"wp:attachment":[{"href":"https:\/\/www.pharmacieonline.lu\/de\/wp-json\/wp\/v2\/media?parent=29605"}],"wp:term":[{"taxonomy":"product_brand","embeddable":true,"href":"https:\/\/www.pharmacieonline.lu\/de\/wp-json\/wp\/v2\/product_brand?post=29605"},{"taxonomy":"product_cat","embeddable":true,"href":"https:\/\/www.pharmacieonline.lu\/de\/wp-json\/wp\/v2\/product_cat?post=29605"},{"taxonomy":"product_tag","embeddable":true,"href":"https:\/\/www.pharmacieonline.lu\/de\/wp-json\/wp\/v2\/product_tag?post=29605"}],"curies":[{"name":"wp","href":"https:\/\/api.w.org\/{rel}","templated":true}]}}