{"id":29807,"date":"2022-12-12T16:41:56","date_gmt":"2022-12-12T15:41:56","guid":{"rendered":"https:\/\/www.pharmacieonline.lu\/?post_type=product&#038;p=29807"},"modified":"2026-04-09T01:55:21","modified_gmt":"2026-04-08T23:55:21","slug":"29807","status":"publish","type":"product","link":"https:\/\/www.pharmacieonline.lu\/de\/produit\/29807\/","title":{"rendered":"BRISE PILULES"},"content":{"rendered":"<p>3in1-Ger\u00e4t n\u00fctzlich f\u00fcr:<br \/>\nTabletten schneiden, zerkleinern und aufbewahren<\/p>","protected":false},"excerpt":{"rendered":"<p>3in1-Ger\u00e4t n\u00fctzlich f\u00fcr: Tabletten schneiden, zerkleinern und aufbewahren<\/p>\n","protected":false},"featured_media":29809,"template":"","meta":{"_acf_changed":false,"footnotes":""},"product_brand":[],"product_cat":[45],"product_tag":[],"class_list":{"0":"post-29807","1":"product","2":"type-product","3":"status-publish","4":"has-post-thumbnail","6":"product_cat-materiel-medical","8":"first","9":"outofstock","10":"taxable","11":"shipping-taxable","12":"purchasable","13":"product-type-simple"},"acf":[],"_links":{"self":[{"href":"https:\/\/www.pharmacieonline.lu\/de\/wp-json\/wp\/v2\/product\/29807","targetHints":{"allow":["GET"]}}],"collection":[{"href":"https:\/\/www.pharmacieonline.lu\/de\/wp-json\/wp\/v2\/product"}],"about":[{"href":"https:\/\/www.pharmacieonline.lu\/de\/wp-json\/wp\/v2\/types\/product"}],"version-history":[{"count":0,"href":"https:\/\/www.pharmacieonline.lu\/de\/wp-json\/wp\/v2\/product\/29807\/revisions"}],"wp:featuredmedia":[{"embeddable":true,"href":"https:\/\/www.pharmacieonline.lu\/de\/wp-json\/wp\/v2\/media\/29809"}],"wp:attachment":[{"href":"https:\/\/www.pharmacieonline.lu\/de\/wp-json\/wp\/v2\/media?parent=29807"}],"wp:term":[{"taxonomy":"product_brand","embeddable":true,"href":"https:\/\/www.pharmacieonline.lu\/de\/wp-json\/wp\/v2\/product_brand?post=29807"},{"taxonomy":"product_cat","embeddable":true,"href":"https:\/\/www.pharmacieonline.lu\/de\/wp-json\/wp\/v2\/product_cat?post=29807"},{"taxonomy":"product_tag","embeddable":true,"href":"https:\/\/www.pharmacieonline.lu\/de\/wp-json\/wp\/v2\/product_tag?post=29807"}],"curies":[{"name":"wp","href":"https:\/\/api.w.org\/{rel}","templated":true}]}}