{"id":30129,"date":"2023-01-03T15:31:58","date_gmt":"2023-01-03T14:31:58","guid":{"rendered":"https:\/\/www.pharmacieonline.lu\/?post_type=product&#038;p=30129"},"modified":"2026-04-09T01:55:21","modified_gmt":"2026-04-08T23:55:21","slug":"nuxe-super-serum-10-a-age-form-deluxe-50ml","status":"publish","type":"product","link":"https:\/\/www.pharmacieonline.lu\/de\/produit\/nuxe-super-serum-10-a-age-form-deluxe-50ml\/","title":{"rendered":"NUXE SUPER SERUM 10 A\/AGE FORM DELUXE 50ML"},"content":{"rendered":"<p>Super Serum [10] &#8211; Das universelle Anti-Aging-Konzentrat<\/p>\n<p>Serum mit Hyalurons\u00e4ure: Korrektur von Falten, Festigkeit, Pickeln<\/p>\n<p>Enth\u00e4lt 95 % Inhaltsstoffe nat\u00fcrlichen Ursprungs<\/p>\n<p>DAS SUPER ANTI-AGING KONZENTRAT F\u00dcR ALLE HAUTTYPEN<\/p>\n<p>Dieses Serum mit nat\u00fcrlicher Hyalurons\u00e4ure ist eine Verschmelzung der Expertise von NUXE Laboratory in Bezug auf Pflanzen\u00f6le und Anti-Aging-Hautpflege und mit Tausenden von Mikrok\u00fcgelchen aus fraktionierten Pflanzen\u00f6len angereichert.<\/p>\n<p>Von den ersten Tropfen an verwandelt sich die Haut: gegl\u00e4ttet, aufgepolstert und strahlend.<\/p>\n<p>In wenigen Wochen nachgewiesene Anti-Aging-Wirkung(2): feine Linien und F\u00e4ltchen werden reduziert, 84 % der Frauen empfinden ihre Haut als glatter, 71 % als straffer.<\/p>\n<p>Dunkle Flecken werden korrigiert, 81 % der Frauen finden ihren Teint ebenm\u00e4\u00dfiger.<\/p>\n<p>Anti-Aging-Wirkung und ultimatives Vergn\u00fcgen dank seiner frischen und seidigen Textur mit subtilen pflanzlichen Noten, die g\u00f6ttlich auf der Haut schmilzt.<\/p>\n<p>Pflege formuliert und hergestellt in Frankreich.<\/p>\n<p>Tragen Sie Ihr universelles Anti-Aging-Serum morgens und\/oder abends vor Ihrer t\u00e4glichen Hautpflege auf die gereinigte Haut auf: Nehmen Sie eine halbe Pipette des Serums und tragen Sie es dann auf Gesicht, Hals und Dekollet\u00e9 auf. Anschlie\u00dfend k\u00f6nnen Sie Ihre Tages- oder Nachtcreme auftragen.<\/p>\n<p>INHALTSSTOFFE: AQUA\/WASSER, GLYCERIN, CAPRYLIC\/CAPRIC TRIGLYCERIDE, BETAINE, PROPANEDIOL, NIACINAMID, PENTYLENGLYCOL, 1,2-HEXANDIOL, COCO-CAPRYLAT\/CAPRATE, RIZINUS*\u00d6L\/IPDI COPOLYMER, LEONTOPODIUM ALPINUM CALLUS KULTUREXTRAKT, CARBOMER, CAPRYLYL GLYKOL, PARFUM\/DUFT, ZITRONENS\u00c4URE, NATRIUMHYDROXID, HYALURONS\u00c4URE, TRISODIUMETHYLENDIAMINDISUCCINAT, NATRIUMHYALURONAT, PASSIFLORA INCARNATA-EXTRAKT, ALKALIGENE POLYSACCHARIDE, BENZYLALKOHOL, XANTHANGUMMI, DEHYDROESSIGS\u00c4URE [N4601\/A]. * Aus Rizinus\u00f6l gewonnen<\/p>","protected":false},"excerpt":{"rendered":"<p>Super Serum [10] &#8211; Das universelle Anti-Aging-Konzentrat Serum mit Hyalurons\u00e4ure: Korrektur von Falten, Festigkeit, Pickeln Enth\u00e4lt 95 % Inhaltsstoffe nat\u00fcrlichen Ursprungs DAS SUPER ANTI-AGING KONZENTRAT F\u00dcR ALLE HAUTTYPEN Dieses Serum mit nat\u00fcrlicher Hyalurons\u00e4ure ist eine Verschmelzung der Expertise von NUXE Laboratory in Bezug auf Pflanzen\u00f6le und Anti-Aging-Hautpflege und mit Tausenden von Mikrok\u00fcgelchen aus fraktionierten Pflanzen\u00f6len [&hellip;]<\/p>\n","protected":false},"featured_media":30130,"template":"","meta":{"_acf_changed":false,"footnotes":""},"product_brand":[],"product_cat":[47,42,54,782],"product_tag":[],"class_list":{"0":"post-30129","1":"product","2":"type-product","3":"status-publish","4":"has-post-thumbnail","6":"product_cat-dermocosmetique","7":"product_cat-para-pharmacie","8":"product_cat-soins-du-visage","9":"product_cat-vegan","11":"first","12":"outofstock","13":"taxable","14":"shipping-taxable","15":"purchasable","16":"product-type-simple"},"acf":[],"_links":{"self":[{"href":"https:\/\/www.pharmacieonline.lu\/de\/wp-json\/wp\/v2\/product\/30129","targetHints":{"allow":["GET"]}}],"collection":[{"href":"https:\/\/www.pharmacieonline.lu\/de\/wp-json\/wp\/v2\/product"}],"about":[{"href":"https:\/\/www.pharmacieonline.lu\/de\/wp-json\/wp\/v2\/types\/product"}],"version-history":[{"count":0,"href":"https:\/\/www.pharmacieonline.lu\/de\/wp-json\/wp\/v2\/product\/30129\/revisions"}],"wp:featuredmedia":[{"embeddable":true,"href":"https:\/\/www.pharmacieonline.lu\/de\/wp-json\/wp\/v2\/media\/30130"}],"wp:attachment":[{"href":"https:\/\/www.pharmacieonline.lu\/de\/wp-json\/wp\/v2\/media?parent=30129"}],"wp:term":[{"taxonomy":"product_brand","embeddable":true,"href":"https:\/\/www.pharmacieonline.lu\/de\/wp-json\/wp\/v2\/product_brand?post=30129"},{"taxonomy":"product_cat","embeddable":true,"href":"https:\/\/www.pharmacieonline.lu\/de\/wp-json\/wp\/v2\/product_cat?post=30129"},{"taxonomy":"product_tag","embeddable":true,"href":"https:\/\/www.pharmacieonline.lu\/de\/wp-json\/wp\/v2\/product_tag?post=30129"}],"curies":[{"name":"wp","href":"https:\/\/api.w.org\/{rel}","templated":true}]}}