{"id":30150,"date":"2023-01-03T17:18:35","date_gmt":"2023-01-03T16:18:35","guid":{"rendered":"https:\/\/www.pharmacieonline.lu\/?post_type=product&#038;p=30150"},"modified":"2026-04-03T23:55:22","modified_gmt":"2026-04-03T21:55:22","slug":"nuxe-reve-miel-gel-demaq-visage-200-ml","status":"publish","type":"product","link":"https:\/\/www.pharmacieonline.lu\/de\/produit\/nuxe-reve-miel-gel-demaq-visage-200-ml\/","title":{"rendered":"NUXE REVE MIEL GEL DEMAQ VISAGE 200 ML"},"content":{"rendered":"<p>Reinigungsgel und Make-up-Entferner, R\u00eave de Miel 200 ml<br \/>\nReinigungsgel und Make-up-Entferner \u2013 reinigt, beruhigt und macht weich.<br \/>\nF\u00fcr trockene und empfindliche Haut.<\/p>\n<p>93 % Inhaltsstoffe nat\u00fcrlichen Ursprungs<\/p>\n<p>Dieses sanfte Reinigungsgel zum Abschminken mit Honig und Sonnenblume reinigt sanft, beruhigt und entfernt Make-up in einem Schritt. Ein Genuss f\u00fcr die Sinne f\u00fcr sch\u00f6ne Haut.<\/p>\n<p>Zutatenliste<\/p>\n<p>Die Listen der Inhaltsstoffe, die bei der Zusammensetzung unserer Markenprodukte verwendet werden, werden regelm\u00e4\u00dfig aktualisiert. Bevor Sie ein Produkt unserer Marke verwenden, lesen Sie bitte die Zutatenliste auf der Verpackung, um sicherzustellen, dass die Zutaten f\u00fcr Ihren pers\u00f6nlichen Gebrauch geeignet sind.<\/p>\n<p>AQUA\/WASSER, GLYCERIN, NATRIUMLAUROYLSARCOSINAT, MEL\/HONIG, SONNENBLUMENKERN\u00d6L PEG-8-ESTER, ACRYLAT\/C10-30-ALKYLACRYLAT-KREUZPOLYMER, NATRIUMCOCOAMPHOACETAT, PARFUM\/DUFT, PHENOXYETHANOL, GLUCONOLACTON, LAURYLGLUCOSID, COCO-GLUCOSID, GLYCERYLID OLEATE, NATRIUMHYDROXID, KARAMELL, NATRIUMCOCOYLGLUTAMAT, NATRIUMLAURYLGLUCOSECARBOXYLAT, ALLANTOIN, NATRIUMBENZOAT, TETRASODIUMGLUTAMATDIACETAT, 1,2-HEXANDIOL, CAPRYLYLGLYKOL, ZITRONENS\u00c4URE, CALCIUMGLUCONAT, TROPOLON, HYDROGENIERTES PALITHYDROGRAT TO20COPHERRATE] \/HAS].<\/p>","protected":false},"excerpt":{"rendered":"<p>Reinigungsgel und Make-up-Entferner, R\u00eave de Miel 200 ml Reinigungsgel und Make-up-Entferner \u2013 reinigt, beruhigt und macht weich. F\u00fcr trockene und empfindliche Haut. 93 % Inhaltsstoffe nat\u00fcrlichen Ursprungs Dieses sanfte Reinigungsgel zum Abschminken mit Honig und Sonnenblume reinigt sanft, beruhigt und entfernt Make-up in einem Schritt. Ein Genuss f\u00fcr die Sinne f\u00fcr sch\u00f6ne Haut. Zutatenliste Die [&hellip;]<\/p>\n","protected":false},"featured_media":30151,"template":"","meta":{"_acf_changed":false,"footnotes":""},"product_brand":[],"product_cat":[47,42,761],"product_tag":[],"class_list":{"0":"post-30150","1":"product","2":"type-product","3":"status-publish","4":"has-post-thumbnail","6":"product_cat-dermocosmetique","7":"product_cat-para-pharmacie","8":"product_cat-demaquillant-eau-micellaire-tonique","10":"first","11":"instock","12":"taxable","13":"shipping-taxable","14":"purchasable","15":"product-type-simple"},"acf":[],"_links":{"self":[{"href":"https:\/\/www.pharmacieonline.lu\/de\/wp-json\/wp\/v2\/product\/30150","targetHints":{"allow":["GET"]}}],"collection":[{"href":"https:\/\/www.pharmacieonline.lu\/de\/wp-json\/wp\/v2\/product"}],"about":[{"href":"https:\/\/www.pharmacieonline.lu\/de\/wp-json\/wp\/v2\/types\/product"}],"version-history":[{"count":0,"href":"https:\/\/www.pharmacieonline.lu\/de\/wp-json\/wp\/v2\/product\/30150\/revisions"}],"wp:featuredmedia":[{"embeddable":true,"href":"https:\/\/www.pharmacieonline.lu\/de\/wp-json\/wp\/v2\/media\/30151"}],"wp:attachment":[{"href":"https:\/\/www.pharmacieonline.lu\/de\/wp-json\/wp\/v2\/media?parent=30150"}],"wp:term":[{"taxonomy":"product_brand","embeddable":true,"href":"https:\/\/www.pharmacieonline.lu\/de\/wp-json\/wp\/v2\/product_brand?post=30150"},{"taxonomy":"product_cat","embeddable":true,"href":"https:\/\/www.pharmacieonline.lu\/de\/wp-json\/wp\/v2\/product_cat?post=30150"},{"taxonomy":"product_tag","embeddable":true,"href":"https:\/\/www.pharmacieonline.lu\/de\/wp-json\/wp\/v2\/product_tag?post=30150"}],"curies":[{"name":"wp","href":"https:\/\/api.w.org\/{rel}","templated":true}]}}