{"id":30206,"date":"2023-01-05T15:04:09","date_gmt":"2023-01-05T14:04:09","guid":{"rendered":"https:\/\/www.pharmacieonline.lu\/?post_type=product&#038;p=30206"},"modified":"2026-04-07T02:55:20","modified_gmt":"2026-04-07T00:55:20","slug":"vitry-boost-serum-ongles-10-ml","status":"publish","type":"product","link":"https:\/\/www.pharmacieonline.lu\/de\/produit\/vitry-boost-serum-ongles-10-ml\/","title":{"rendered":"VITRY BOOST SERUM ONGLES 10 ML"},"content":{"rendered":"<p>Das BOOST Serum ist die L\u00f6sung zur Versch\u00f6nerung der N\u00e4gel, seine vegane Formel, angereichert mit Schwarzrosenextrakt und Urea, besteht zu 95 % aus Inhaltsstoffen nat\u00fcrlichen Ursprungs.<br \/>\nEs enth\u00e4lt Biotin (Vitamin B8), das die Produktion von Keratin anregt, um die N\u00e4gel zu st\u00e4rken.<br \/>\nSeine nicht fettende Textur pflegt die N\u00e4gel intensiv, um ihren Glanz und ihre Vitalit\u00e4t wiederherzustellen.<\/p>\n<p>Verwenden<\/p>\n<p>Mit der Pipette 3 bis 4 Tropfen des BOOST-Serums auf die nackten N\u00e4gel geben: Gut einmassieren, um die Aufnahme zu erleichtern.Um die Ergebnisse zu optimieren, die Anwendung jeden Abend erneuern und die ganze Nacht einwirken lassen<br \/>\nMindestens 4 Wochen anwenden<\/p>\n<p>Komposition<\/p>\n<p>INHALTSSTOFFE: AQUA (WASSER, EAU), GLYCERIN, PENTYLENGLYKOL, PROPANDIOL, METHYLPROPANEDIOL, PARFUM (DUFT), UREA, POLYACRYLATE CROSSPOLYMER-6, CAPRYLYGLYCOL, Dinatriumphosphat, CARBOMER, BIOTIN, PHENYLPROPANOL, NATRIUMHYDROXID, ZITRONENS\u00c4URE, MILCHS\u00c4URE , CHAMOMILLA RECUTITA (MATRICARIA) BLUMENEXTRAKT, ROSA HYBRID BLUMENEXTRAKT, NATRIUMBENZOAT, KALIUMSORBAT.<\/p>","protected":false},"excerpt":{"rendered":"<p>Das BOOST Serum ist die L\u00f6sung zur Versch\u00f6nerung der N\u00e4gel, seine vegane Formel, angereichert mit Schwarzrosenextrakt und Urea, besteht zu 95 % aus Inhaltsstoffen nat\u00fcrlichen Ursprungs. Es enth\u00e4lt Biotin (Vitamin B8), das die Produktion von Keratin anregt, um die N\u00e4gel zu st\u00e4rken. Seine nicht fettende Textur pflegt die N\u00e4gel intensiv, um ihren Glanz und ihre [&hellip;]<\/p>\n","protected":false},"featured_media":30209,"template":"","meta":{"_acf_changed":false,"footnotes":""},"product_brand":[],"product_cat":[47,42,764,782,955],"product_tag":[],"class_list":{"0":"post-30206","1":"product","2":"type-product","3":"status-publish","4":"has-post-thumbnail","6":"product_cat-dermocosmetique","7":"product_cat-para-pharmacie","8":"product_cat-soins-mains","9":"product_cat-vegan","10":"product_cat-accessoires-manucure-pedicure","12":"first","13":"outofstock","14":"taxable","15":"shipping-taxable","16":"purchasable","17":"product-type-simple"},"acf":[],"_links":{"self":[{"href":"https:\/\/www.pharmacieonline.lu\/de\/wp-json\/wp\/v2\/product\/30206","targetHints":{"allow":["GET"]}}],"collection":[{"href":"https:\/\/www.pharmacieonline.lu\/de\/wp-json\/wp\/v2\/product"}],"about":[{"href":"https:\/\/www.pharmacieonline.lu\/de\/wp-json\/wp\/v2\/types\/product"}],"version-history":[{"count":0,"href":"https:\/\/www.pharmacieonline.lu\/de\/wp-json\/wp\/v2\/product\/30206\/revisions"}],"wp:featuredmedia":[{"embeddable":true,"href":"https:\/\/www.pharmacieonline.lu\/de\/wp-json\/wp\/v2\/media\/30209"}],"wp:attachment":[{"href":"https:\/\/www.pharmacieonline.lu\/de\/wp-json\/wp\/v2\/media?parent=30206"}],"wp:term":[{"taxonomy":"product_brand","embeddable":true,"href":"https:\/\/www.pharmacieonline.lu\/de\/wp-json\/wp\/v2\/product_brand?post=30206"},{"taxonomy":"product_cat","embeddable":true,"href":"https:\/\/www.pharmacieonline.lu\/de\/wp-json\/wp\/v2\/product_cat?post=30206"},{"taxonomy":"product_tag","embeddable":true,"href":"https:\/\/www.pharmacieonline.lu\/de\/wp-json\/wp\/v2\/product_tag?post=30206"}],"curies":[{"name":"wp","href":"https:\/\/api.w.org\/{rel}","templated":true}]}}