{"id":30210,"date":"2023-01-05T15:06:12","date_gmt":"2023-01-05T14:06:12","guid":{"rendered":"https:\/\/www.pharmacieonline.lu\/?post_type=product&#038;p=30210"},"modified":"2026-04-09T14:25:31","modified_gmt":"2026-04-09T12:25:31","slug":"vitry-boost-serum-cils-et-sourcils-9-5ml","status":"publish","type":"product","link":"https:\/\/www.pharmacieonline.lu\/de\/produit\/vitry-boost-serum-cils-et-sourcils-9-5ml\/","title":{"rendered":"VITRY BOOST SERUM CILS ET SOURCILS 9.5ML"},"content":{"rendered":"<p>Boost Serum Wimpern &amp; Augenbrauen st\u00e4rkt, pflegt und pflegt Wimpern und Augenbrauen. Man erh\u00e4lt l\u00e4ngere, zahlreichere und sch\u00f6nere Wimpern und Augenbrauen.<\/p>\n<p>Wachstum: +31 %.<\/p>\n<p>Verlust: -20 %.<\/p>\n<p>BOOST Serum ist die L\u00f6sung zur Versch\u00f6nerung d\u00fcnner und sp\u00e4rlicher Wimpern und Augenbrauen.Seine mit Birkenwasser angereicherte vegane Formel besteht zu 95% aus Inhaltsstoffen nat\u00fcrlichen Ursprungs.<br \/>\nEs enth\u00e4lt Hyalurons\u00e4ure und einen einzigartigen Extrakt, der reich an Polyphenolen ist, die Wimpern und Augenbrauen st\u00e4rken und revitalisieren.<br \/>\nSeine transparente Textur n\u00e4hrt die Wimpern intensiv, um ihren Glanz und ihre Vitalit\u00e4t wiederherzustellen.<\/p>\n<p>Indikation<br \/>\nSt\u00e4rkt, pflegt und pflegt Wimpern und Augenbrauen.<\/p>\n<p>Verwenden<br \/>\nAbends nach dem Abschminken auf Wimpern und Augenbrauen und besonders am Ansatz auftragen (die ganze Nacht einwirken lassen).<\/p>\n<p>Wenden Sie es mindestens 4 Wochen lang an, um optimale Ergebnisse zu erzielen.<\/p>\n<p>Abends nach dem Abschminken auf Augenbrauen und Wimpern auftragen, dabei auf den Ansatz beharren (die ganze Nacht einwirken lassen) Zur Optimierung des Ergebnisses die Anwendung jeden Abend f\u00fcr mindestens 4 Wochen erneuern<\/p>\n<p>Komposition<br \/>\nZusammensetzung: Polyphenole, Birkenwasser und Hyalurons\u00e4ure.<\/p>\n<p>95 % Inhaltsstoffe nat\u00fcrlichen Ursprungs.<\/p>\n<p>ZUTATEN: AQUA (WASSER, EAU), PENTYLENGLYKOL, POLYACRYLAT-21, GLYCERIN, PROPANDIOL, XANTHANGUMMI, GALACTOARABINAN, PULLULAN, ALKOHOL, BUTYLENGLYKOL, ECTOIN, TRIDECET-6-PHOSPHAT, CAPRYLYLGLYKOL, NATRIUMMETABISULPHIT, NATRIUMPHYTAT , BETULA ALBA SAFT, BENZOES\u00c4URE, NATRIUMHYALURONAT, DIPROPYLENGLYKOL, BIOFLAVONOIDE, GLYCERYLCAPRYLAT, 1,2-HEXANDIOL.<\/p>","protected":false},"excerpt":{"rendered":"<p>Boost Serum Wimpern &amp; Augenbrauen st\u00e4rkt, pflegt und pflegt Wimpern und Augenbrauen. Man erh\u00e4lt l\u00e4ngere, zahlreichere und sch\u00f6nere Wimpern und Augenbrauen. Wachstum: +31 %. Verlust: -20 %. BOOST Serum ist die L\u00f6sung zur Versch\u00f6nerung d\u00fcnner und sp\u00e4rlicher Wimpern und Augenbrauen.Seine mit Birkenwasser angereicherte vegane Formel besteht zu 95% aus Inhaltsstoffen nat\u00fcrlichen Ursprungs. Es enth\u00e4lt Hyalurons\u00e4ure [&hellip;]<\/p>\n","protected":false},"featured_media":30213,"template":"","meta":{"_acf_changed":false,"footnotes":""},"product_brand":[],"product_cat":[47,42,782,955],"product_tag":[],"class_list":{"0":"post-30210","1":"product","2":"type-product","3":"status-publish","4":"has-post-thumbnail","6":"product_cat-dermocosmetique","7":"product_cat-para-pharmacie","8":"product_cat-vegan","9":"product_cat-accessoires-manucure-pedicure","11":"first","12":"instock","13":"taxable","14":"shipping-taxable","15":"purchasable","16":"product-type-simple"},"acf":[],"_links":{"self":[{"href":"https:\/\/www.pharmacieonline.lu\/de\/wp-json\/wp\/v2\/product\/30210","targetHints":{"allow":["GET"]}}],"collection":[{"href":"https:\/\/www.pharmacieonline.lu\/de\/wp-json\/wp\/v2\/product"}],"about":[{"href":"https:\/\/www.pharmacieonline.lu\/de\/wp-json\/wp\/v2\/types\/product"}],"version-history":[{"count":0,"href":"https:\/\/www.pharmacieonline.lu\/de\/wp-json\/wp\/v2\/product\/30210\/revisions"}],"wp:featuredmedia":[{"embeddable":true,"href":"https:\/\/www.pharmacieonline.lu\/de\/wp-json\/wp\/v2\/media\/30213"}],"wp:attachment":[{"href":"https:\/\/www.pharmacieonline.lu\/de\/wp-json\/wp\/v2\/media?parent=30210"}],"wp:term":[{"taxonomy":"product_brand","embeddable":true,"href":"https:\/\/www.pharmacieonline.lu\/de\/wp-json\/wp\/v2\/product_brand?post=30210"},{"taxonomy":"product_cat","embeddable":true,"href":"https:\/\/www.pharmacieonline.lu\/de\/wp-json\/wp\/v2\/product_cat?post=30210"},{"taxonomy":"product_tag","embeddable":true,"href":"https:\/\/www.pharmacieonline.lu\/de\/wp-json\/wp\/v2\/product_tag?post=30210"}],"curies":[{"name":"wp","href":"https:\/\/api.w.org\/{rel}","templated":true}]}}