{"id":30232,"date":"2023-01-06T13:04:23","date_gmt":"2023-01-06T12:04:23","guid":{"rendered":"https:\/\/www.pharmacieonline.lu\/?post_type=product&#038;p=30232"},"modified":"2026-04-11T05:55:25","modified_gmt":"2026-04-11T03:55:25","slug":"mentalis-stress-120-caps","status":"publish","type":"product","link":"https:\/\/www.pharmacieonline.lu\/de\/produit\/mentalis-stress-120-caps\/","title":{"rendered":"MENTALIS STRESS 120 CAPS"},"content":{"rendered":"<p>UM DEM K\u00d6RPER ZU HELFEN, STRESS ZU WIDERSTEHEN*<\/p>\n<p>Unsere moderne Lebensweise kann zu vielen Situationen f\u00fchren, die Stress und M\u00fcdigkeit erzeugen. Unter diesen werden professionelle Investitionen oft als eine der Hauptursachen sowohl f\u00fcr geistige als auch f\u00fcr k\u00f6rperliche Erm\u00fcdung angesehen. So wird in Industriel\u00e4ndern gesch\u00e4tzt, dass fast ein Drittel der Bev\u00f6lkerung eines Tages die Auswirkungen von Stress oder M\u00fcdigkeit sp\u00fcren wird.<\/p>\n<p>*Withania somnifera L.-Extrakt hilft dem K\u00f6rper, Stress zu widerstehen und hilft, die k\u00f6rperliche und geistige Leistungsf\u00e4higkeit bei Ersch\u00f6pfung zu erhalten.<\/p>\n<p>Verwenden<br \/>\n2 Kapseln pro Tag, nach den Mahlzeiten mit einem Glas Wasser einnehmen.<\/p>\n<p>Komposition<br \/>\nPro 2 Kapseln:<\/p>\n<p>600 mg Ashwagandha-Extrakt (Withania somnifera L.; KSM-66\u00ae),<br \/>\n10 mg Melonen-Superoxid-Dismutase (Cucumis melo L.; Pyramizym\u00ae)<br \/>\n150 mg liposomales Magnesium<br \/>\n100 % AR von B-Vitaminen (B1, B2, B3, B5, B6, B8, B9 und B12)<\/p>\n<p>Der Trenker<\/p>\n<p>Pyramizym\u00ae \u200b\u200b\u200b\u200bist exklusiv f\u00fcr Trenker Pharmaceutical Laboratories. Es enth\u00e4lt hohe Dosierungen von drei Enzymen: Superoxiddismutase, Katalase und Glutathionperoxidase.<\/p>","protected":false},"excerpt":{"rendered":"<p>UM DEM K\u00d6RPER ZU HELFEN, STRESS ZU WIDERSTEHEN* Unsere moderne Lebensweise kann zu vielen Situationen f\u00fchren, die Stress und M\u00fcdigkeit erzeugen. Unter diesen werden professionelle Investitionen oft als eine der Hauptursachen sowohl f\u00fcr geistige als auch f\u00fcr k\u00f6rperliche Erm\u00fcdung angesehen. So wird in Industriel\u00e4ndern gesch\u00e4tzt, dass fast ein Drittel der Bev\u00f6lkerung eines Tages die Auswirkungen [&hellip;]<\/p>\n","protected":false},"featured_media":30235,"template":"","meta":{"_acf_changed":false,"footnotes":""},"product_brand":[],"product_cat":[953,781],"product_tag":[],"class_list":{"0":"post-30232","1":"product","2":"type-product","3":"status-publish","4":"has-post-thumbnail","6":"product_cat-complements-alimentaires","7":"product_cat-sommeil-stress","9":"first","10":"instock","11":"taxable","12":"shipping-taxable","13":"purchasable","14":"product-type-simple"},"acf":[],"_links":{"self":[{"href":"https:\/\/www.pharmacieonline.lu\/de\/wp-json\/wp\/v2\/product\/30232","targetHints":{"allow":["GET"]}}],"collection":[{"href":"https:\/\/www.pharmacieonline.lu\/de\/wp-json\/wp\/v2\/product"}],"about":[{"href":"https:\/\/www.pharmacieonline.lu\/de\/wp-json\/wp\/v2\/types\/product"}],"version-history":[{"count":0,"href":"https:\/\/www.pharmacieonline.lu\/de\/wp-json\/wp\/v2\/product\/30232\/revisions"}],"wp:featuredmedia":[{"embeddable":true,"href":"https:\/\/www.pharmacieonline.lu\/de\/wp-json\/wp\/v2\/media\/30235"}],"wp:attachment":[{"href":"https:\/\/www.pharmacieonline.lu\/de\/wp-json\/wp\/v2\/media?parent=30232"}],"wp:term":[{"taxonomy":"product_brand","embeddable":true,"href":"https:\/\/www.pharmacieonline.lu\/de\/wp-json\/wp\/v2\/product_brand?post=30232"},{"taxonomy":"product_cat","embeddable":true,"href":"https:\/\/www.pharmacieonline.lu\/de\/wp-json\/wp\/v2\/product_cat?post=30232"},{"taxonomy":"product_tag","embeddable":true,"href":"https:\/\/www.pharmacieonline.lu\/de\/wp-json\/wp\/v2\/product_tag?post=30232"}],"curies":[{"name":"wp","href":"https:\/\/api.w.org\/{rel}","templated":true}]}}