{"id":30242,"date":"2023-01-06T13:09:48","date_gmt":"2023-01-06T12:09:48","guid":{"rendered":"https:\/\/www.pharmacieonline.lu\/?post_type=product&#038;p=30242"},"modified":"2026-04-03T10:25:19","modified_gmt":"2026-04-03T08:25:19","slug":"mentalis-sleep-90-gel","status":"publish","type":"product","link":"https:\/\/www.pharmacieonline.lu\/de\/produit\/mentalis-sleep-90-gel\/","title":{"rendered":"MENTALIS SLEEP 90 GEL"},"content":{"rendered":"<p>Mentalis Sleep, eine einzigartige Dual-Action-Tablette, kombiniert eine schnelle Freisetzung zum Einschlafen und eine verl\u00e4ngerte Freisetzung zum Einschlafen und erfrischten Aufwachen.<\/p>\n<p>Klinisch nachgewiesene Wirksamkeit f\u00fcr:<\/p>\n<p>Menschen, die Schwierigkeiten beim Einschlafen haben<br \/>\nMenschen, die sich dar\u00fcber beschweren, dass sie nachts aufwachen.<br \/>\nMenschen, die morgens Schwierigkeiten haben, aus dem Bett zu kommen.<br \/>\nDer Trenker<\/p>\n<p>Mentalis Sleep ist eine einzigartige Formulierung in Form von zweischichtigen Tabletten (Tabletten mit doppelter Wirkung), die eine sofortige Freisetzung von Melatonin, Zitronenmelisse und einem ersten Teil von Ashwagandha und eine verl\u00e4ngerte Freisetzung des zweiten Teils von Ashwagandha kombiniert. Daher wirkt Mentalis Sleep sowohl beim Einschlafen als auch im Tiefschlaf f\u00fcr eine optimale Effizienz. Im Zusammenhang mit den Wirkstoffen von Mentalis Sleep wurden keine F\u00e4lle von Gew\u00f6hnung oder Benommenheit beim Aufwachen berichtet.<\/p>\n<p>Indikation<br \/>\nSchlafqualit\u00e4t<\/p>\n<p>Verwenden<br \/>\n1 Tablette pro Tag, 30 Minuten vor dem Schlafengehen.<\/p>\n<p>Zusammensetzung pro Dosis*<\/p>\n<p>Schnelles Handeln :<\/p>\n<p>300 mg Ashwaganda<br \/>\n300 mg Zitronenmelisse<br \/>\n0,295 mg Melatonin<\/p>\n<p>Langsame Aktion:<\/p>\n<p>300 mg Ashwaganda<\/p>\n<p>* Maximal empfohlene Tagesdosis.<\/p>","protected":false},"excerpt":{"rendered":"<p>Mentalis Sleep, eine einzigartige Dual-Action-Tablette, kombiniert eine schnelle Freisetzung zum Einschlafen und eine verl\u00e4ngerte Freisetzung zum Einschlafen und erfrischten Aufwachen. Klinisch nachgewiesene Wirksamkeit f\u00fcr: Menschen, die Schwierigkeiten beim Einschlafen haben Menschen, die sich dar\u00fcber beschweren, dass sie nachts aufwachen. Menschen, die morgens Schwierigkeiten haben, aus dem Bett zu kommen. Der Trenker Mentalis Sleep ist eine [&hellip;]<\/p>\n","protected":false},"featured_media":30244,"template":"","meta":{"_acf_changed":false,"footnotes":""},"product_brand":[],"product_cat":[953,781],"product_tag":[],"class_list":{"0":"post-30242","1":"product","2":"type-product","3":"status-publish","4":"has-post-thumbnail","6":"product_cat-complements-alimentaires","7":"product_cat-sommeil-stress","9":"first","10":"instock","11":"taxable","12":"shipping-taxable","13":"purchasable","14":"product-type-simple"},"acf":[],"_links":{"self":[{"href":"https:\/\/www.pharmacieonline.lu\/de\/wp-json\/wp\/v2\/product\/30242","targetHints":{"allow":["GET"]}}],"collection":[{"href":"https:\/\/www.pharmacieonline.lu\/de\/wp-json\/wp\/v2\/product"}],"about":[{"href":"https:\/\/www.pharmacieonline.lu\/de\/wp-json\/wp\/v2\/types\/product"}],"version-history":[{"count":0,"href":"https:\/\/www.pharmacieonline.lu\/de\/wp-json\/wp\/v2\/product\/30242\/revisions"}],"wp:featuredmedia":[{"embeddable":true,"href":"https:\/\/www.pharmacieonline.lu\/de\/wp-json\/wp\/v2\/media\/30244"}],"wp:attachment":[{"href":"https:\/\/www.pharmacieonline.lu\/de\/wp-json\/wp\/v2\/media?parent=30242"}],"wp:term":[{"taxonomy":"product_brand","embeddable":true,"href":"https:\/\/www.pharmacieonline.lu\/de\/wp-json\/wp\/v2\/product_brand?post=30242"},{"taxonomy":"product_cat","embeddable":true,"href":"https:\/\/www.pharmacieonline.lu\/de\/wp-json\/wp\/v2\/product_cat?post=30242"},{"taxonomy":"product_tag","embeddable":true,"href":"https:\/\/www.pharmacieonline.lu\/de\/wp-json\/wp\/v2\/product_tag?post=30242"}],"curies":[{"name":"wp","href":"https:\/\/api.w.org\/{rel}","templated":true}]}}