{"id":30522,"date":"2023-01-19T11:05:51","date_gmt":"2023-01-19T10:05:51","guid":{"rendered":"https:\/\/www.pharmacieonline.lu\/?post_type=product&#038;p=30522"},"modified":"2026-04-09T10:55:25","modified_gmt":"2026-04-09T08:55:25","slug":"shampoux-express-lotion-100-ml","status":"publish","type":"product","link":"https:\/\/www.pharmacieonline.lu\/de\/produit\/shampoux-express-lotion-100-ml\/","title":{"rendered":"SHAMPOUX EXPRESS LOTION 100 ML"},"content":{"rendered":"<p>T\u00f6tet 100 % der L\u00e4use und Nissen. Neue Technologie mit kristallisierender Wirkung.<\/p>\n<p>Wirksam in 15 Minuten.<br \/>\nKein K\u00e4mmen notwendig<br \/>\npflanzlich<br \/>\nKristallisiert L\u00e4use<br \/>\nIndikation<\/p>\n<p>Anti-L\u00e4use-Lotion.<\/p>\n<p>Verwenden<\/p>\n<p>Vor Gebrauch sch\u00fctteln. Tragen Sie die Lotion mit dem Applikator auf trockenes, entwirrtes Haar auf.<\/p>\n<p>Zur gleichm\u00e4\u00dfigen Verteilung einmassieren. 15 Minuten einwirken lassen.<\/p>\n<p>Befeuchten Sie die Haare unter der Dusche mit etwas Wasser (ca. 1\/4 Glas). Durch sanftes Einmassieren (ca. 1 Minute) kristallisiert das Gel, wird wei\u00df und t\u00f6tet Parasiten ab.<\/p>\n<p>K\u00e4mmen ist nicht notwendig. Haare mit normalem Shampoo waschen. Mit einem F\u00f6n trocknen.<\/p>\n<p>Komposition<\/p>\n<p>Crystalysine\u00ae (basierend auf Pflanzenharz).<\/p>","protected":false},"excerpt":{"rendered":"<p>T\u00f6tet 100 % der L\u00e4use und Nissen. Neue Technologie mit kristallisierender Wirkung. Wirksam in 15 Minuten. Kein K\u00e4mmen notwendig pflanzlich Kristallisiert L\u00e4use Indikation Anti-L\u00e4use-Lotion. Verwenden Vor Gebrauch sch\u00fctteln. Tragen Sie die Lotion mit dem Applikator auf trockenes, entwirrtes Haar auf. Zur gleichm\u00e4\u00dfigen Verteilung einmassieren. 15 Minuten einwirken lassen. Befeuchten Sie die Haare unter der Dusche [&hellip;]<\/p>\n","protected":false},"featured_media":30524,"template":"","meta":{"_acf_changed":false,"footnotes":""},"product_brand":[],"product_cat":[110,42,80],"product_tag":[],"class_list":{"0":"post-30522","1":"product","2":"type-product","3":"status-publish","4":"has-post-thumbnail","6":"product_cat-shampoing","7":"product_cat-para-pharmacie","8":"product_cat-anti-poux","10":"first","11":"instock","12":"taxable","13":"shipping-taxable","14":"purchasable","15":"product-type-simple"},"acf":[],"_links":{"self":[{"href":"https:\/\/www.pharmacieonline.lu\/de\/wp-json\/wp\/v2\/product\/30522","targetHints":{"allow":["GET"]}}],"collection":[{"href":"https:\/\/www.pharmacieonline.lu\/de\/wp-json\/wp\/v2\/product"}],"about":[{"href":"https:\/\/www.pharmacieonline.lu\/de\/wp-json\/wp\/v2\/types\/product"}],"version-history":[{"count":0,"href":"https:\/\/www.pharmacieonline.lu\/de\/wp-json\/wp\/v2\/product\/30522\/revisions"}],"wp:featuredmedia":[{"embeddable":true,"href":"https:\/\/www.pharmacieonline.lu\/de\/wp-json\/wp\/v2\/media\/30524"}],"wp:attachment":[{"href":"https:\/\/www.pharmacieonline.lu\/de\/wp-json\/wp\/v2\/media?parent=30522"}],"wp:term":[{"taxonomy":"product_brand","embeddable":true,"href":"https:\/\/www.pharmacieonline.lu\/de\/wp-json\/wp\/v2\/product_brand?post=30522"},{"taxonomy":"product_cat","embeddable":true,"href":"https:\/\/www.pharmacieonline.lu\/de\/wp-json\/wp\/v2\/product_cat?post=30522"},{"taxonomy":"product_tag","embeddable":true,"href":"https:\/\/www.pharmacieonline.lu\/de\/wp-json\/wp\/v2\/product_tag?post=30522"}],"curies":[{"name":"wp","href":"https:\/\/api.w.org\/{rel}","templated":true}]}}