{"id":306,"date":"2020-11-25T17:26:38","date_gmt":"2020-11-25T16:26:38","guid":{"rendered":"https:\/\/www.pharmacieonline.lu\/produit\/steristrip-6100-mm-110-strips-1546p-1\/"},"modified":"2026-04-28T04:25:16","modified_gmt":"2026-04-28T02:25:16","slug":"steristrip-6100-mm-110-strips-1546p-1","status":"publish","type":"product","link":"https:\/\/www.pharmacieonline.lu\/de\/produit\/steristrip-6100-mm-110-strips-1546p-1\/","title":{"rendered":"STERISTRIP 6*100 MM 1*10 STRIPS  1546P-1"},"content":{"rendered":"<p>3M Steri-Strip Adhesive Skin Sutures sind die effektive, schmerzfreie L\u00f6sung zum Schlie\u00dfen von Wunden. Diese N\u00e4hte liegen in Form von Streifen aus einem mikropor\u00f6sen Tr\u00e4ger aus Rayonfasern vor, die mit Polyesterfilamenten verst\u00e4rkt sind. Sie sind mit einer hypoallergenen Klebeschicht aus synthetischem Acryl mit hoher Haftkraft versehen. Das Fehlen von Gewebereaktionen wirkt sich g\u00fcnstig auf die Heilung aus. Anwendung und Entfernung sind schmerzfrei und f\u00fcr die P\u00e4diatrie geeignet. Das Fehlen von Gewebereaktionen wirkt sich g\u00fcnstig auf die Heilung aus. Die M\u00f6glichkeit, die Lippen der Wunde regelm\u00e4\u00dfig \u00fcber ihre gesamte L\u00e4nge zu verbinden, ergibt ein sehr gutes \u00e4sthetisches Ergebnis (keine Schuppenflecken). Der Steri-Strip ist steril und in Plastikh\u00fcllen verpackt.<\/p>\n<p>Indikation<br \/>\nVerschluss oberfl\u00e4chlicher Wunden<br \/>\nFr\u00fchzeitiger Austausch von Dr\u00e4hten oder Heftklammern<br \/>\nNaht kombiniert mit F\u00e4den oder Heftklammern<\/p>","protected":false},"excerpt":{"rendered":"<p>3M Steri-Strip Adhesive Skin Sutures sind die effektive, schmerzfreie L\u00f6sung zum Schlie\u00dfen von Wunden. Diese N\u00e4hte liegen in Form von Streifen aus einem mikropor\u00f6sen Tr\u00e4ger aus Rayonfasern vor, die mit Polyesterfilamenten verst\u00e4rkt sind. Sie sind mit einer hypoallergenen Klebeschicht aus synthetischem Acryl mit hoher Haftkraft versehen. Das Fehlen von Gewebereaktionen wirkt sich g\u00fcnstig auf die [&hellip;]<\/p>\n","protected":false},"featured_media":14341,"template":"","meta":{"_acf_changed":false,"footnotes":""},"product_brand":[],"product_cat":[775,789,45],"product_tag":[],"class_list":{"0":"post-306","1":"product","2":"type-product","3":"status-publish","4":"has-post-thumbnail","6":"product_cat-premiers-soins-plaies-brulures","7":"product_cat-pansements","8":"product_cat-materiel-medical","10":"first","11":"instock","12":"taxable","13":"shipping-taxable","14":"purchasable","15":"product-type-simple"},"acf":[],"_links":{"self":[{"href":"https:\/\/www.pharmacieonline.lu\/de\/wp-json\/wp\/v2\/product\/306","targetHints":{"allow":["GET"]}}],"collection":[{"href":"https:\/\/www.pharmacieonline.lu\/de\/wp-json\/wp\/v2\/product"}],"about":[{"href":"https:\/\/www.pharmacieonline.lu\/de\/wp-json\/wp\/v2\/types\/product"}],"version-history":[{"count":0,"href":"https:\/\/www.pharmacieonline.lu\/de\/wp-json\/wp\/v2\/product\/306\/revisions"}],"wp:featuredmedia":[{"embeddable":true,"href":"https:\/\/www.pharmacieonline.lu\/de\/wp-json\/wp\/v2\/media\/14341"}],"wp:attachment":[{"href":"https:\/\/www.pharmacieonline.lu\/de\/wp-json\/wp\/v2\/media?parent=306"}],"wp:term":[{"taxonomy":"product_brand","embeddable":true,"href":"https:\/\/www.pharmacieonline.lu\/de\/wp-json\/wp\/v2\/product_brand?post=306"},{"taxonomy":"product_cat","embeddable":true,"href":"https:\/\/www.pharmacieonline.lu\/de\/wp-json\/wp\/v2\/product_cat?post=306"},{"taxonomy":"product_tag","embeddable":true,"href":"https:\/\/www.pharmacieonline.lu\/de\/wp-json\/wp\/v2\/product_tag?post=306"}],"curies":[{"name":"wp","href":"https:\/\/api.w.org\/{rel}","templated":true}]}}