{"id":30702,"date":"2023-01-19T17:09:19","date_gmt":"2023-01-19T16:09:19","guid":{"rendered":"https:\/\/www.pharmacieonline.lu\/?post_type=product&#038;p=30702"},"modified":"2026-04-09T18:25:25","modified_gmt":"2026-04-09T16:25:25","slug":"avene-hyaluron-activ-b3-cr-nuit-reg-40ml","status":"publish","type":"product","link":"https:\/\/www.pharmacieonline.lu\/de\/produit\/avene-hyaluron-activ-b3-cr-nuit-reg-40ml\/","title":{"rendered":"AVENE HYALURON ACTIV B3 CR NUIT REG 40ML"},"content":{"rendered":"<p>Integrale regenerierende Nachtcreme, enth\u00e4lt Retinal, reine Hyalurons\u00e4ure und Niacinamid, um die Ursache der Hautalterung zu bek\u00e4mpfen.<\/p>\n<p>Verwenden<br \/>\nH\u00e4ufigkeit der Nutzung<br \/>\n&#8211; 1 Mal pro Tag<br \/>\nBeratung verwenden<\/p>\n<p>&#8211; Tragen Sie 2 Dosen auf Gesicht, Hals und Dekollet\u00e9 auf. Bei Kribbeln die Anwendungen verteilen.<\/p>\n<p>Komposition<\/p>\n<p>AVENE-THERMALQUELLWASSER (AVENE AQUA). CAPRYL-\/CAPRIC-TRIGLYCERID. GLYCERIN. SQUALAN. BUTYROSPERMUM PARKII (SHEA) BUTTER (BUTYROSPERMUM PARKII BUTTER). CARTHAMUS TINCTORIUS SEED OIL (CARTHAMUS TINCTORIUS SEED OIL). PENTAERYTHRITYLTETRACAPRYLAT\/TETRACAPRATE. CETEARYLALKOHOL. BEHENYLALKOHOL. NIACINAMID. C20-22-ALKYLPHOSPHAT. C20-22 ALKOHOLE. NETZHAUT. NATRIUMHYALURONAT. TERMINALIA CHEBULA-FRUCHTEXTRAKT. ADENOSIN. ACACIA SENEGAL GUM. CETEARYLGLUCOSID. DUFT (PARFUM). HELIANTHUS ANNUUS (SONNENBLUME) SAMEN\u00d6L (HELIANTHUS ANNUUS SEED OIL). ROT 33 (CI 17200). NATRIUMBENZOAT. NATRIUMHYDROXID. TOCOPHEROL. TOCOPHERYLGLUCOSID. WASSER (AQUA). XANTHAN-GUMMI<\/p>","protected":false},"excerpt":{"rendered":"<p>Integrale regenerierende Nachtcreme, enth\u00e4lt Retinal, reine Hyalurons\u00e4ure und Niacinamid, um die Ursache der Hautalterung zu bek\u00e4mpfen. Verwenden H\u00e4ufigkeit der Nutzung &#8211; 1 Mal pro Tag Beratung verwenden &#8211; Tragen Sie 2 Dosen auf Gesicht, Hals und Dekollet\u00e9 auf. Bei Kribbeln die Anwendungen verteilen. Komposition AVENE-THERMALQUELLWASSER (AVENE AQUA). CAPRYL-\/CAPRIC-TRIGLYCERID. GLYCERIN. SQUALAN. BUTYROSPERMUM PARKII (SHEA) BUTTER (BUTYROSPERMUM [&hellip;]<\/p>\n","protected":false},"featured_media":30704,"template":"","meta":{"_acf_changed":false,"footnotes":""},"product_brand":[],"product_cat":[47,42,54],"product_tag":[],"class_list":{"0":"post-30702","1":"product","2":"type-product","3":"status-publish","4":"has-post-thumbnail","6":"product_cat-dermocosmetique","7":"product_cat-para-pharmacie","8":"product_cat-soins-du-visage","10":"first","11":"instock","12":"taxable","13":"shipping-taxable","14":"purchasable","15":"product-type-simple"},"acf":[],"_links":{"self":[{"href":"https:\/\/www.pharmacieonline.lu\/de\/wp-json\/wp\/v2\/product\/30702","targetHints":{"allow":["GET"]}}],"collection":[{"href":"https:\/\/www.pharmacieonline.lu\/de\/wp-json\/wp\/v2\/product"}],"about":[{"href":"https:\/\/www.pharmacieonline.lu\/de\/wp-json\/wp\/v2\/types\/product"}],"version-history":[{"count":0,"href":"https:\/\/www.pharmacieonline.lu\/de\/wp-json\/wp\/v2\/product\/30702\/revisions"}],"wp:featuredmedia":[{"embeddable":true,"href":"https:\/\/www.pharmacieonline.lu\/de\/wp-json\/wp\/v2\/media\/30704"}],"wp:attachment":[{"href":"https:\/\/www.pharmacieonline.lu\/de\/wp-json\/wp\/v2\/media?parent=30702"}],"wp:term":[{"taxonomy":"product_brand","embeddable":true,"href":"https:\/\/www.pharmacieonline.lu\/de\/wp-json\/wp\/v2\/product_brand?post=30702"},{"taxonomy":"product_cat","embeddable":true,"href":"https:\/\/www.pharmacieonline.lu\/de\/wp-json\/wp\/v2\/product_cat?post=30702"},{"taxonomy":"product_tag","embeddable":true,"href":"https:\/\/www.pharmacieonline.lu\/de\/wp-json\/wp\/v2\/product_tag?post=30702"}],"curies":[{"name":"wp","href":"https:\/\/api.w.org\/{rel}","templated":true}]}}