{"id":31138,"date":"2023-01-26T11:49:42","date_gmt":"2023-01-26T10:49:42","guid":{"rendered":"https:\/\/www.pharmacieonline.lu\/?post_type=product&#038;p=31138"},"modified":"2026-04-07T18:25:19","modified_gmt":"2026-04-07T16:25:19","slug":"aponorm-inhalator-compact-2","status":"publish","type":"product","link":"https:\/\/www.pharmacieonline.lu\/de\/produit\/aponorm-inhalator-compact-2\/","title":{"rendered":"APONORM INHALATOR COMPACT 2"},"content":{"rendered":"<p>Der aponorm Compact PLUS Inhalator ist durch seinen umfangreichen Lieferumfang, inklusive Maske f\u00fcr Kinder und Erwachsene, Nase und Mundst\u00fcck.\u00ae, das ideale Ger\u00e4t f\u00fcr die ganze Familie<\/p>\n<p>Die kleine Partikelgr\u00f6\u00dfe (MMAD) von 2,08 \u03bcm eignet sich besonders f\u00fcr die Behandlung der unteren Atemwege, da das feine Aerosol auch die kleineren und engeren Bereiche der Lunge erreichen kann. Erkrankungen der unteren Atemwege umfassen Husten, Bronchitis, Asthma, COPD oder Lungenentz\u00fcndung.<\/p>","protected":false},"excerpt":{"rendered":"<p>Der aponorm Compact PLUS Inhalator ist durch seinen umfangreichen Lieferumfang, inklusive Maske f\u00fcr Kinder und Erwachsene, Nase und Mundst\u00fcck.\u00ae, das ideale Ger\u00e4t f\u00fcr die ganze Familie Die kleine Partikelgr\u00f6\u00dfe (MMAD) von 2,08 \u03bcm eignet sich besonders f\u00fcr die Behandlung der unteren Atemwege, da das feine Aerosol auch die kleineren und engeren Bereiche der Lunge erreichen [&hellip;]<\/p>\n","protected":false},"featured_media":31139,"template":"","meta":{"_acf_changed":false,"footnotes":""},"product_brand":[],"product_cat":[146,45],"product_tag":[],"class_list":{"0":"post-31138","1":"product","2":"type-product","3":"status-publish","4":"has-post-thumbnail","6":"product_cat-inhalateurs","7":"product_cat-materiel-medical","9":"first","10":"instock","11":"taxable","12":"shipping-taxable","13":"purchasable","14":"product-type-simple"},"acf":[],"_links":{"self":[{"href":"https:\/\/www.pharmacieonline.lu\/de\/wp-json\/wp\/v2\/product\/31138","targetHints":{"allow":["GET"]}}],"collection":[{"href":"https:\/\/www.pharmacieonline.lu\/de\/wp-json\/wp\/v2\/product"}],"about":[{"href":"https:\/\/www.pharmacieonline.lu\/de\/wp-json\/wp\/v2\/types\/product"}],"version-history":[{"count":0,"href":"https:\/\/www.pharmacieonline.lu\/de\/wp-json\/wp\/v2\/product\/31138\/revisions"}],"wp:featuredmedia":[{"embeddable":true,"href":"https:\/\/www.pharmacieonline.lu\/de\/wp-json\/wp\/v2\/media\/31139"}],"wp:attachment":[{"href":"https:\/\/www.pharmacieonline.lu\/de\/wp-json\/wp\/v2\/media?parent=31138"}],"wp:term":[{"taxonomy":"product_brand","embeddable":true,"href":"https:\/\/www.pharmacieonline.lu\/de\/wp-json\/wp\/v2\/product_brand?post=31138"},{"taxonomy":"product_cat","embeddable":true,"href":"https:\/\/www.pharmacieonline.lu\/de\/wp-json\/wp\/v2\/product_cat?post=31138"},{"taxonomy":"product_tag","embeddable":true,"href":"https:\/\/www.pharmacieonline.lu\/de\/wp-json\/wp\/v2\/product_tag?post=31138"}],"curies":[{"name":"wp","href":"https:\/\/api.w.org\/{rel}","templated":true}]}}