{"id":31181,"date":"2023-01-26T12:07:21","date_gmt":"2023-01-26T11:07:21","guid":{"rendered":"https:\/\/www.pharmacieonline.lu\/?post_type=product&#038;p=31181"},"modified":"2026-04-05T11:55:17","modified_gmt":"2026-04-05T09:55:17","slug":"soria-sirop-propolis-flacon-200-ml","status":"publish","type":"product","link":"https:\/\/www.pharmacieonline.lu\/de\/produit\/soria-sirop-propolis-flacon-200-ml\/","title":{"rendered":"SORIA SIROP PROPOLIS FLACON 200 ML"},"content":{"rendered":"<p>Was ist Propolis-Sirup?<br \/>\nPropolis-Sirup wirkt beruhigend auf die Atemwege und kann verwendet werden, um freier zu atmen. Der Sirup ist pflanzlich und enth\u00e4lt keinen Alkohol, Aromen oder k\u00fcnstliche Farbstoffe.<\/p>\n<p>1Mit Atemwegs-unterst\u00fctzendem Spitzwegerich, Eukalyptus und Marshmallow.<br \/>\nSpitzwegerich und Salbei beruhigen den Hals. Echinacea, schwarze Johannisbeere und Holunder unterst\u00fctzen die Immunit\u00e4t.<\/p>\n<p>Der Sirup enth\u00e4lt dank der Verwendung von turbodynamischen Extrakten bis zu 2-mal mehr Wirkstoffe.<\/p>\n<p>Wie ist die Zusammensetzung von Propolis-Sirup?<br \/>\nPropolis-Sirup enth\u00e4lt patentierte, turbodynamische Fl\u00fcssigextrakte aus Propolis 300 mg, Echinacea 200 mg, Wegerich 200 mg, Eibisch 100 mg, Sonnentau 100 mg, Eukalyptus 100 mg, S\u00fc\u00dfholz 100 mg, Schwarze Johannisbeere 100 mg, Salbei 100 mg, Holunder 100 mg, K\u00f6nigskerze 100 mg, Islandflechte 50 mg, Alant 50 mg, Primel 50 mg, Rosmarin 50 mg und nat\u00fcrliche \u00e4therische \u00d6le von Oregano, Eukalyptus, Anis und Kiefer.<\/p>\n<p>Diese Pflanzenextrakte sind 100 % nat\u00fcrlich, alkoholfrei und enthalten bis zu 2-mal mehr Wirkstoffe als herk\u00f6mmliche Fl\u00fcssigkeitsextrakte. Dies ist einem patentierten Herstellungsverfahren zu verdanken, bei dem alle Wirkstoffe durch unterschiedliche Extraktionsfl\u00fcssigkeiten aus der Pflanze extrahiert werden, sodass ein ausgewogener Extrakt entsteht.<\/p>\n<p>Wann verwenden?<br \/>\n1Propolis-Sirup kann verwendet werden, um die Atemwege und den Rachen zu beruhigen und die Immunit\u00e4t zu unterst\u00fctzen. Es kann bei gereizten Atemwegen wie Hals, Nase und bei geschw\u00e4chter Immunit\u00e4t verwendet werden. Der Sirup ist f\u00fcr Kinder geeignet und kann w\u00e4hrend der Stillzeit und Schwangerschaft verwendet werden.<\/p>\n<p>Wie viele verwenden?<br \/>\nErwachsene: 3 x 15 ml (1 Essl\u00f6ffel) pro Tag.<br \/>\nKinder von 6 bis 12 Jahren: 3 x 10 ml (1 Essl\u00f6ffel) pro Tag.<br \/>\nKinder von 3 bis 6 Jahren: 3 x 5 ml (1 Teel\u00f6ffel) pro Tag.<br \/>\nDank seiner fl\u00fcssigen Form zieht das Produkt schnell ein und wirkt schnell.<\/p>\n<p>Vorteile:<br \/>\n\u2022 Synergistische Kombination aus Honig, Propolis, 14 Pflanzenextrakten und 4 \u00e4therischen \u00d6len<br \/>\n\u2022 Mit nat\u00fcrlichem Honig aus Spanien<br \/>\n\u2022 Schnelle Wirkung dank fl\u00fcssiger Form<br \/>\n\u2022 Geeignet f\u00fcr Kinder und w\u00e4hrend der Schwangerschaft<br \/>\n\u2022 Galenische Form in Sirup, einfach anzuwenden<br \/>\n\u2022 Angenehmer Geschmack<br \/>\n\u2022 Keine zugesetzten Aromen oder Farbstoffe<\/p>\n<p>Zusammensetzung pro 15 ml:<br \/>\nMelasse; Wasser; Schatz; Turbo-Dynamic Fluid-Extrakte: Propolis 300 mg, Echinacea (Echinacea purpurea, Bl\u00e4tter) 200 mg, Spitzwegerich (Plantago lanceolata, Bl\u00e4tter) 200 mg, Eibisch (Althaea officinalis, Wurzel) 100 mg, Sonnentau (Drosera rotundifolia, Bl\u00e4tter) 100 mg, Eukalyptus (Eucalyptus globulus, Bl\u00e4tter) 100 mg, S\u00fc\u00dfholz (Glycyrrhiza glabra, Wurzel) 100 mg, Schwarze Johannisbeere (Ribes nigrum, Bl\u00e4tter) 100 mg, Salbei (Salvia officinalis, Bl\u00e4tter) 100 mg, Schwarzer Holunder (Sambucus nigra, Bl\u00e4tter) 100 mg, K\u00f6nigskerze (Verbascum thapsus, Bl\u00fcten) 100 mg, Isl\u00e4ndisch Moos (Cetraria islandica, Thallus) 50 mg, Alant (Inula helenium, Wurzel) 50 mg, Schl\u00fcsselblume (Primula veris, Wurzel) 50 mg, Rosmarin (Rosmarinus officinalis, Bl\u00e4tter) 50mg; Ascorbins\u00e4ure (S\u00e4uerungsmittel); Kaliumsorbat (Konservierungsmittel); nat\u00fcrliche Aromen: \u00e4therisches Oregano\u00f6l (Origanum vulgare, Luftteile), \u00e4therisches Eukalyptus\u00f6l (Eucalyptus radiata, Blatt), \u00e4therisches Anis\u00f6l (Pimpinella anisum, Samen), \u00e4therisches Kiefern\u00f6l (Pinus sylvestris, Nadel)<\/p>","protected":false},"excerpt":{"rendered":"<p>Was ist Propolis-Sirup? Propolis-Sirup wirkt beruhigend auf die Atemwege und kann verwendet werden, um freier zu atmen. Der Sirup ist pflanzlich und enth\u00e4lt keinen Alkohol, Aromen oder k\u00fcnstliche Farbstoffe. 1Mit Atemwegs-unterst\u00fctzendem Spitzwegerich, Eukalyptus und Marshmallow. Spitzwegerich und Salbei beruhigen den Hals. Echinacea, schwarze Johannisbeere und Holunder unterst\u00fctzen die Immunit\u00e4t. Der Sirup enth\u00e4lt dank der Verwendung [&hellip;]<\/p>\n","protected":false},"featured_media":31182,"template":"","meta":{"_acf_changed":false,"footnotes":""},"product_brand":[],"product_cat":[793,43,83,82],"product_tag":[],"class_list":{"0":"post-31181","1":"product","2":"type-product","3":"status-publish","4":"has-post-thumbnail","6":"product_cat-sirops","7":"product_cat-medicaments-en-vente-libre","8":"product_cat-gorge","9":"product_cat-toux","11":"first","12":"instock","13":"taxable","14":"shipping-taxable","15":"purchasable","16":"product-type-simple"},"acf":[],"_links":{"self":[{"href":"https:\/\/www.pharmacieonline.lu\/de\/wp-json\/wp\/v2\/product\/31181","targetHints":{"allow":["GET"]}}],"collection":[{"href":"https:\/\/www.pharmacieonline.lu\/de\/wp-json\/wp\/v2\/product"}],"about":[{"href":"https:\/\/www.pharmacieonline.lu\/de\/wp-json\/wp\/v2\/types\/product"}],"version-history":[{"count":0,"href":"https:\/\/www.pharmacieonline.lu\/de\/wp-json\/wp\/v2\/product\/31181\/revisions"}],"wp:featuredmedia":[{"embeddable":true,"href":"https:\/\/www.pharmacieonline.lu\/de\/wp-json\/wp\/v2\/media\/31182"}],"wp:attachment":[{"href":"https:\/\/www.pharmacieonline.lu\/de\/wp-json\/wp\/v2\/media?parent=31181"}],"wp:term":[{"taxonomy":"product_brand","embeddable":true,"href":"https:\/\/www.pharmacieonline.lu\/de\/wp-json\/wp\/v2\/product_brand?post=31181"},{"taxonomy":"product_cat","embeddable":true,"href":"https:\/\/www.pharmacieonline.lu\/de\/wp-json\/wp\/v2\/product_cat?post=31181"},{"taxonomy":"product_tag","embeddable":true,"href":"https:\/\/www.pharmacieonline.lu\/de\/wp-json\/wp\/v2\/product_tag?post=31181"}],"curies":[{"name":"wp","href":"https:\/\/api.w.org\/{rel}","templated":true}]}}