{"id":312,"date":"2020-11-25T17:26:38","date_gmt":"2020-11-25T16:26:38","guid":{"rendered":"https:\/\/www.pharmacieonline.lu\/produit\/vermox-100-mg-6-cpr-17604\/"},"modified":"2026-04-28T21:40:16","modified_gmt":"2026-04-28T19:40:16","slug":"vermox-100-mg-6-cpr-17604","status":"publish","type":"product","link":"https:\/\/www.pharmacieonline.lu\/de\/produit\/vermox-100-mg-6-cpr-17604\/","title":{"rendered":"VERMOX 100 MG 6 CPR                17604"},"content":{"rendered":"<p>&nbsp;<\/p>\n<p>Indikation<\/p>\n<p>Magen-Darm-Befall<\/p>\n<p>von Cestoden und Nematoden wie:<\/p>\n<p>Enterobius vermicularis (Madenwurm),<br \/>\nAscaris lumbricoides (Fadenwurm),<br \/>\nTrichuris trichiura (Peitschenwurm),<br \/>\nAncylostoma duodenale und Necator americanus (Hakenw\u00fcrmer),<br \/>\nStrongyloides stercoralis (Aalwurm),<br \/>\nTaenia saginata und Taenia solium (Bandw\u00fcrmer).<\/p>\n<p>Anwendung<br \/>\n1 einzelne Tablette<br \/>\nWiederholen Sie die Behandlung nach 2 bis 4 Wochen<br \/>\n1 Tablette morgens und abends f\u00fcr drei Tage<br \/>\nErwachsene: 2 bis 3 Tabletten morgens und abends f\u00fcr drei Tage.<br \/>\nKinder: 1 Tablette morgens und abends f\u00fcr drei Tage<\/p>\n<p>&nbsp;<\/p>\n<p>&nbsp;<\/p>","protected":false},"excerpt":{"rendered":"<p>&nbsp; Indikation Magen-Darm-Befall von Cestoden und Nematoden wie: Enterobius vermicularis (Madenwurm), Ascaris lumbricoides (Fadenwurm), Trichuris trichiura (Peitschenwurm), Ancylostoma duodenale und Necator americanus (Hakenw\u00fcrmer), Strongyloides stercoralis (Aalwurm), Taenia saginata und Taenia solium (Bandw\u00fcrmer). Anwendung 1 einzelne Tablette Wiederholen Sie die Behandlung nach 2 bis 4 Wochen 1 Tablette morgens und abends f\u00fcr drei Tage Erwachsene: 2 [&hellip;]<\/p>\n","protected":false},"featured_media":14333,"template":"","meta":{"_acf_changed":false,"footnotes":""},"product_brand":[],"product_cat":[43],"product_tag":[],"class_list":{"0":"post-312","1":"product","2":"type-product","3":"status-publish","4":"has-post-thumbnail","6":"product_cat-medicaments-en-vente-libre","8":"first","9":"instock","10":"taxable","11":"shipping-taxable","12":"purchasable","13":"product-type-simple"},"acf":[],"_links":{"self":[{"href":"https:\/\/www.pharmacieonline.lu\/de\/wp-json\/wp\/v2\/product\/312","targetHints":{"allow":["GET"]}}],"collection":[{"href":"https:\/\/www.pharmacieonline.lu\/de\/wp-json\/wp\/v2\/product"}],"about":[{"href":"https:\/\/www.pharmacieonline.lu\/de\/wp-json\/wp\/v2\/types\/product"}],"version-history":[{"count":0,"href":"https:\/\/www.pharmacieonline.lu\/de\/wp-json\/wp\/v2\/product\/312\/revisions"}],"wp:featuredmedia":[{"embeddable":true,"href":"https:\/\/www.pharmacieonline.lu\/de\/wp-json\/wp\/v2\/media\/14333"}],"wp:attachment":[{"href":"https:\/\/www.pharmacieonline.lu\/de\/wp-json\/wp\/v2\/media?parent=312"}],"wp:term":[{"taxonomy":"product_brand","embeddable":true,"href":"https:\/\/www.pharmacieonline.lu\/de\/wp-json\/wp\/v2\/product_brand?post=312"},{"taxonomy":"product_cat","embeddable":true,"href":"https:\/\/www.pharmacieonline.lu\/de\/wp-json\/wp\/v2\/product_cat?post=312"},{"taxonomy":"product_tag","embeddable":true,"href":"https:\/\/www.pharmacieonline.lu\/de\/wp-json\/wp\/v2\/product_tag?post=312"}],"curies":[{"name":"wp","href":"https:\/\/api.w.org\/{rel}","templated":true}]}}