{"id":31394,"date":"2023-01-26T16:10:51","date_gmt":"2023-01-26T15:10:51","guid":{"rendered":"https:\/\/www.pharmacieonline.lu\/?post_type=product&#038;p=31394"},"modified":"2026-04-05T15:55:15","modified_gmt":"2026-04-05T13:55:15","slug":"ducray-extra-doux-shamp-200-ml-nf","status":"publish","type":"product","link":"https:\/\/www.pharmacieonline.lu\/de\/produit\/ducray-extra-doux-shamp-200-ml-nf\/","title":{"rendered":"DUCRAY EXTRA DOUX SHAMP 200 ML NF"},"content":{"rendered":"<p>EXTRA WEICH<br \/>\nDermo-sch\u00fctzendes Shampoo<br \/>\nBringt Glanz &#8211; Reinigt sanft<\/p>\n<p>Ein Shampoo, das dank seiner hochvertr\u00e4glichen Formel t\u00e4glich die Haare der ganzen Familie w\u00e4scht.<\/p>\n<p>Alle Haartypen<br \/>\nAlle Haartypen<br \/>\nMinimalistische Formel, hohe Toleranz<br \/>\nUnter dermatologischer, ophthalmologischer und p\u00e4diatrischer Kontrolle getestet<\/p>","protected":false},"excerpt":{"rendered":"<p>EXTRA WEICH Dermo-sch\u00fctzendes Shampoo Bringt Glanz &#8211; Reinigt sanft Ein Shampoo, das dank seiner hochvertr\u00e4glichen Formel t\u00e4glich die Haare der ganzen Familie w\u00e4scht. Alle Haartypen Alle Haartypen Minimalistische Formel, hohe Toleranz Unter dermatologischer, ophthalmologischer und p\u00e4diatrischer Kontrolle getestet<\/p>\n","protected":false},"featured_media":31395,"template":"","meta":{"_acf_changed":false,"footnotes":""},"product_brand":[],"product_cat":[42,756,53],"product_tag":[],"class_list":{"0":"post-31394","1":"product","2":"type-product","3":"status-publish","4":"has-post-thumbnail","6":"product_cat-para-pharmacie","7":"product_cat-shampoing-cheveux","8":"product_cat-cheveux","10":"first","11":"instock","12":"taxable","13":"shipping-taxable","14":"purchasable","15":"product-type-simple"},"acf":[],"_links":{"self":[{"href":"https:\/\/www.pharmacieonline.lu\/de\/wp-json\/wp\/v2\/product\/31394","targetHints":{"allow":["GET"]}}],"collection":[{"href":"https:\/\/www.pharmacieonline.lu\/de\/wp-json\/wp\/v2\/product"}],"about":[{"href":"https:\/\/www.pharmacieonline.lu\/de\/wp-json\/wp\/v2\/types\/product"}],"version-history":[{"count":0,"href":"https:\/\/www.pharmacieonline.lu\/de\/wp-json\/wp\/v2\/product\/31394\/revisions"}],"wp:featuredmedia":[{"embeddable":true,"href":"https:\/\/www.pharmacieonline.lu\/de\/wp-json\/wp\/v2\/media\/31395"}],"wp:attachment":[{"href":"https:\/\/www.pharmacieonline.lu\/de\/wp-json\/wp\/v2\/media?parent=31394"}],"wp:term":[{"taxonomy":"product_brand","embeddable":true,"href":"https:\/\/www.pharmacieonline.lu\/de\/wp-json\/wp\/v2\/product_brand?post=31394"},{"taxonomy":"product_cat","embeddable":true,"href":"https:\/\/www.pharmacieonline.lu\/de\/wp-json\/wp\/v2\/product_cat?post=31394"},{"taxonomy":"product_tag","embeddable":true,"href":"https:\/\/www.pharmacieonline.lu\/de\/wp-json\/wp\/v2\/product_tag?post=31394"}],"curies":[{"name":"wp","href":"https:\/\/api.w.org\/{rel}","templated":true}]}}