{"id":31430,"date":"2023-01-26T16:33:51","date_gmt":"2023-01-26T15:33:51","guid":{"rendered":"https:\/\/www.pharmacieonline.lu\/?post_type=product&#038;p=31430"},"modified":"2026-04-13T19:55:22","modified_gmt":"2026-04-13T17:55:22","slug":"roche-posay-cicaplast-baume-b5-100ml","status":"publish","type":"product","link":"https:\/\/www.pharmacieonline.lu\/de\/produit\/roche-posay-cicaplast-baume-b5-100ml\/","title":{"rendered":"ROCHE POSAY CICAPLAST BAUME B5 100ML"},"content":{"rendered":"<p>CICAPLAST Baume B5+ ist eine vielseitige Salbe, die gereizte Haut beruhigt und sch\u00fctzt. Es kann von der ganzen Familie verwendet werden und wurde f\u00fcr 14 Indikationen getestet.<\/p>\n<p>Entwickelt mit dem exklusiven Tribioma-Pr\u00e4biotikum.<\/p>\n<p>Es ist au\u00dferdem angereichert mit Madecassosid, einem reparierenden Wirkstoff, Panthenol, einem beruhigenden Wirkstoff und antibakteriellen Wirkstoffen. Es beruhigt, n\u00e4hrt und sch\u00fctzt Ihre trockene Haut und hilft, die Hautbarriere wiederherzustellen.<\/p>\n<p>Indikation<br \/>\nHeilsalbe f\u00fcr Gesicht, K\u00f6rper und Lippen.<\/p>\n<p>Verwenden<br \/>\nZweimal t\u00e4glich auf die gereinigte, trockene Haut auftragen. Gro\u00dfz\u00fcgig auf K\u00f6rper, Gesicht und Lippen auftragen. Vermeiden Sie die Augenpartie.<\/p>\n<p>Komposition<br \/>\nAQUA &#8211; HYDROGENIERTES POLYISOBUTEN &#8211; DIMETICON &#8211; GLYCERIN &#8211; BUTYROSPERMUM PARKII BUTTER \/ HEABUTTER &#8211; PANTHENOL &#8211; PROPANDIOL &#8211; BUTYLENGLYKOL &#8211; ALUMINIUMST\u00c4RKE OCTENYLSUCCINAT &#8211; CETYL PEG\/PPG &#8211; 10\/1 DIMETICON &#8211; TRIHYDROXYSTEARIN &#8211; ZINK GLUCONSILAT &#8211; MANGATH &#8211; ALUMINIUMHYDROXID &#8211; MAGNESIUMSULFAT &#8211; Dinatrium-EDTA &#8211; KUPFERGLUCONAT &#8211; CAPRYLOYLGLYCIN &#8211; ZITRONENS\u00c4URE &#8211; ACETYLIERTES GLYKOLSTEARAT &#8211; POLYGLYCERYL-ISOSTEARAT &#8211; TOCEN &#8211; ACETYLIERTES GLYKOLSTEARAT &#8211; TOCEN. 4 ISOSTEARATE &#8211; TOCOPHEROL &#8211; PENTAERYTHRITYL TETRA-DI-T-BUTYL HYDROXYHYDROCINNAMATE &#8211; CI 77891 \/ TITANDIOXID C184488\/1<\/p>","protected":false},"excerpt":{"rendered":"<p>CICAPLAST Baume B5+ ist eine vielseitige Salbe, die gereizte Haut beruhigt und sch\u00fctzt. Es kann von der ganzen Familie verwendet werden und wurde f\u00fcr 14 Indikationen getestet. Entwickelt mit dem exklusiven Tribioma-Pr\u00e4biotikum. Es ist au\u00dferdem angereichert mit Madecassosid, einem reparierenden Wirkstoff, Panthenol, einem beruhigenden Wirkstoff und antibakteriellen Wirkstoffen. Es beruhigt, n\u00e4hrt und sch\u00fctzt Ihre trockene [&hellip;]<\/p>\n","protected":false},"featured_media":31432,"template":"","meta":{"_acf_changed":false,"footnotes":""},"product_brand":[],"product_cat":[47,783,42,54,115,44,114,56],"product_tag":[],"class_list":{"0":"post-31430","1":"product","2":"type-product","3":"status-publish","4":"has-post-thumbnail","6":"product_cat-dermocosmetique","7":"product_cat-creme-pour-le-change","8":"product_cat-para-pharmacie","9":"product_cat-soins-du-visage","10":"product_cat-change-de-bebe","11":"product_cat-bebe-maman","12":"product_cat-soins-de-bebe","13":"product_cat-soins-du-corps","15":"first","16":"instock","17":"taxable","18":"shipping-taxable","19":"purchasable","20":"product-type-simple"},"acf":[],"_links":{"self":[{"href":"https:\/\/www.pharmacieonline.lu\/de\/wp-json\/wp\/v2\/product\/31430","targetHints":{"allow":["GET"]}}],"collection":[{"href":"https:\/\/www.pharmacieonline.lu\/de\/wp-json\/wp\/v2\/product"}],"about":[{"href":"https:\/\/www.pharmacieonline.lu\/de\/wp-json\/wp\/v2\/types\/product"}],"version-history":[{"count":0,"href":"https:\/\/www.pharmacieonline.lu\/de\/wp-json\/wp\/v2\/product\/31430\/revisions"}],"wp:featuredmedia":[{"embeddable":true,"href":"https:\/\/www.pharmacieonline.lu\/de\/wp-json\/wp\/v2\/media\/31432"}],"wp:attachment":[{"href":"https:\/\/www.pharmacieonline.lu\/de\/wp-json\/wp\/v2\/media?parent=31430"}],"wp:term":[{"taxonomy":"product_brand","embeddable":true,"href":"https:\/\/www.pharmacieonline.lu\/de\/wp-json\/wp\/v2\/product_brand?post=31430"},{"taxonomy":"product_cat","embeddable":true,"href":"https:\/\/www.pharmacieonline.lu\/de\/wp-json\/wp\/v2\/product_cat?post=31430"},{"taxonomy":"product_tag","embeddable":true,"href":"https:\/\/www.pharmacieonline.lu\/de\/wp-json\/wp\/v2\/product_tag?post=31430"}],"curies":[{"name":"wp","href":"https:\/\/api.w.org\/{rel}","templated":true}]}}