{"id":31454,"date":"2023-01-26T16:50:07","date_gmt":"2023-01-26T15:50:07","guid":{"rendered":"https:\/\/www.pharmacieonline.lu\/?post_type=product&#038;p=31454"},"modified":"2026-04-08T04:25:25","modified_gmt":"2026-04-08T02:25:25","slug":"dettolmedical-chloroxylenol-48-1-l","status":"publish","type":"product","link":"https:\/\/www.pharmacieonline.lu\/de\/produit\/dettolmedical-chloroxylenol-48-1-l\/","title":{"rendered":"DETTOLMEDICAL CHLOROXYLENOL 4,8% 1 L"},"content":{"rendered":"<p>Indikation<\/p>\n<p>Antiseptische Reinigung von Schnitten, Bissen, Kratzern und Insektenbissen oder -stichen<\/p>\n<p>Verwenden<\/p>\n<p>Erwachsene und Kinder &gt; 12 Monate<\/p>\n<p>Reinigen Sie den betroffenen Bereich mit 50 ml Dettolmedical verd\u00fcnnt in einem Liter Wasser (5 %, 1\/20) und decken Sie ihn mit trockener Gaze oder einer Kompresse ab.<\/p>\n<p>Verwaltungsmodus<\/p>\n<p>Kutane Anwendung.<br \/>\nVor Gebrauch immer verd\u00fcnnen (nach Verd\u00fcnnung verwandelt sich die Fl\u00fcssigkeit in eine milchig-wei\u00dfe, undurchsichtige L\u00f6sung mit Pinienaromen).<\/p>","protected":false},"excerpt":{"rendered":"<p>Indikation Antiseptische Reinigung von Schnitten, Bissen, Kratzern und Insektenbissen oder -stichen Verwenden Erwachsene und Kinder &gt; 12 Monate Reinigen Sie den betroffenen Bereich mit 50 ml Dettolmedical verd\u00fcnnt in einem Liter Wasser (5 %, 1\/20) und decken Sie ihn mit trockener Gaze oder einer Kompresse ab. Verwaltungsmodus Kutane Anwendung. Vor Gebrauch immer verd\u00fcnnen (nach Verd\u00fcnnung [&hellip;]<\/p>\n","protected":false},"featured_media":31456,"template":"","meta":{"_acf_changed":false,"footnotes":""},"product_brand":[],"product_cat":[45],"product_tag":[],"class_list":{"0":"post-31454","1":"product","2":"type-product","3":"status-publish","4":"has-post-thumbnail","6":"product_cat-materiel-medical","8":"first","9":"instock","10":"taxable","11":"shipping-taxable","12":"purchasable","13":"product-type-simple"},"acf":[],"_links":{"self":[{"href":"https:\/\/www.pharmacieonline.lu\/de\/wp-json\/wp\/v2\/product\/31454","targetHints":{"allow":["GET"]}}],"collection":[{"href":"https:\/\/www.pharmacieonline.lu\/de\/wp-json\/wp\/v2\/product"}],"about":[{"href":"https:\/\/www.pharmacieonline.lu\/de\/wp-json\/wp\/v2\/types\/product"}],"version-history":[{"count":0,"href":"https:\/\/www.pharmacieonline.lu\/de\/wp-json\/wp\/v2\/product\/31454\/revisions"}],"wp:featuredmedia":[{"embeddable":true,"href":"https:\/\/www.pharmacieonline.lu\/de\/wp-json\/wp\/v2\/media\/31456"}],"wp:attachment":[{"href":"https:\/\/www.pharmacieonline.lu\/de\/wp-json\/wp\/v2\/media?parent=31454"}],"wp:term":[{"taxonomy":"product_brand","embeddable":true,"href":"https:\/\/www.pharmacieonline.lu\/de\/wp-json\/wp\/v2\/product_brand?post=31454"},{"taxonomy":"product_cat","embeddable":true,"href":"https:\/\/www.pharmacieonline.lu\/de\/wp-json\/wp\/v2\/product_cat?post=31454"},{"taxonomy":"product_tag","embeddable":true,"href":"https:\/\/www.pharmacieonline.lu\/de\/wp-json\/wp\/v2\/product_tag?post=31454"}],"curies":[{"name":"wp","href":"https:\/\/api.w.org\/{rel}","templated":true}]}}