{"id":31747,"date":"2023-01-27T10:11:29","date_gmt":"2023-01-27T09:11:29","guid":{"rendered":"https:\/\/www.pharmacieonline.lu\/?post_type=product&#038;p=31747"},"modified":"2026-04-04T05:55:16","modified_gmt":"2026-04-04T03:55:16","slug":"frontline-protect-spot-on-chien-xs-3pip","status":"publish","type":"product","link":"https:\/\/www.pharmacieonline.lu\/de\/produit\/frontline-protect-spot-on-chien-xs-3pip\/","title":{"rendered":"FRONTLINE PROTECT SPOT ON CHIEN XS 3PIP"},"content":{"rendered":"<p>Frontline Protect\u00ae ist ein einfach anzuwendendes Produkt, das Ihrem Hund Schutz vor Fl\u00f6hen, Zecken, Sandfliegen, Stallfliegen, M\u00fccken und verschiedenen durch Vektoren \u00fcbertragenen Krankheiten* bietet. Dieses Produkt hilft auch, Ihr Zuhause vor Fl\u00f6hen zu sch\u00fctzen: Fl\u00f6he werden get\u00f6tet, bevor sie Zeit haben, Eier zu legen (1). Frontline Protect\u00ae t\u00f6tet Fl\u00f6he und Zecken, die bereits einen ganzen Monat lang auf Ihrem Hund vorhanden sind, innerhalb von 6 Stunden (nach 2 Behandlungstagen).<\/p>\n<p>Frontline Protect\u00ae t\u00f6tet neue Fl\u00f6he und Zecken innerhalb von 6 Stunden nach 2 Tagen und f\u00fcr 4 Wochen. Bereits bei der Anwendung des Produkts auf Ihrem Hund vorhandene Fl\u00f6he werden innerhalb von 24 Stunden und Zecken innerhalb von 48 Stunden abget\u00f6tet. Vertreibt 3 Wochen Sandfliegen, 4 Wochen M\u00fccken und 5 Wochen Stallfliegen. T\u00f6tet 3 Wochen lang Sandfliegen und M\u00fccken und 5 Wochen lang Stallfliegen.<br \/>\nSch\u00fctzt 4 Wochen lang vor neuen Fl\u00f6hen, Zecken und fliegenden Insekten (3 Wochen lang vor Sandm\u00fccken).<br \/>\nSchnell und absto\u00dfend. Einfach anzuwenden.<\/p>","protected":false},"excerpt":{"rendered":"<p>Frontline Protect\u00ae ist ein einfach anzuwendendes Produkt, das Ihrem Hund Schutz vor Fl\u00f6hen, Zecken, Sandfliegen, Stallfliegen, M\u00fccken und verschiedenen durch Vektoren \u00fcbertragenen Krankheiten* bietet. Dieses Produkt hilft auch, Ihr Zuhause vor Fl\u00f6hen zu sch\u00fctzen: Fl\u00f6he werden get\u00f6tet, bevor sie Zeit haben, Eier zu legen (1). Frontline Protect\u00ae t\u00f6tet Fl\u00f6he und Zecken, die bereits einen ganzen [&hellip;]<\/p>\n","protected":false},"featured_media":31749,"template":"","meta":{"_acf_changed":false,"footnotes":""},"product_brand":[],"product_cat":[151,157,46],"product_tag":[],"class_list":{"0":"post-31747","1":"product","2":"type-product","3":"status-publish","4":"has-post-thumbnail","6":"product_cat-chiens","7":"product_cat-puces-et-tiques-chiens","8":"product_cat-veterinaire","10":"first","11":"instock","12":"taxable","13":"shipping-taxable","14":"purchasable","15":"product-type-simple"},"acf":[],"_links":{"self":[{"href":"https:\/\/www.pharmacieonline.lu\/de\/wp-json\/wp\/v2\/product\/31747","targetHints":{"allow":["GET"]}}],"collection":[{"href":"https:\/\/www.pharmacieonline.lu\/de\/wp-json\/wp\/v2\/product"}],"about":[{"href":"https:\/\/www.pharmacieonline.lu\/de\/wp-json\/wp\/v2\/types\/product"}],"version-history":[{"count":0,"href":"https:\/\/www.pharmacieonline.lu\/de\/wp-json\/wp\/v2\/product\/31747\/revisions"}],"wp:featuredmedia":[{"embeddable":true,"href":"https:\/\/www.pharmacieonline.lu\/de\/wp-json\/wp\/v2\/media\/31749"}],"wp:attachment":[{"href":"https:\/\/www.pharmacieonline.lu\/de\/wp-json\/wp\/v2\/media?parent=31747"}],"wp:term":[{"taxonomy":"product_brand","embeddable":true,"href":"https:\/\/www.pharmacieonline.lu\/de\/wp-json\/wp\/v2\/product_brand?post=31747"},{"taxonomy":"product_cat","embeddable":true,"href":"https:\/\/www.pharmacieonline.lu\/de\/wp-json\/wp\/v2\/product_cat?post=31747"},{"taxonomy":"product_tag","embeddable":true,"href":"https:\/\/www.pharmacieonline.lu\/de\/wp-json\/wp\/v2\/product_tag?post=31747"}],"curies":[{"name":"wp","href":"https:\/\/api.w.org\/{rel}","templated":true}]}}