{"id":31751,"date":"2023-01-27T10:17:14","date_gmt":"2023-01-27T09:17:14","guid":{"rendered":"https:\/\/www.pharmacieonline.lu\/?post_type=product&#038;p=31751"},"modified":"2026-04-06T21:55:19","modified_gmt":"2026-04-06T19:55:19","slug":"vit-i5-bleu-chien-chat-pot-250g-vet","status":"publish","type":"product","link":"https:\/\/www.pharmacieonline.lu\/de\/produit\/vit-i5-bleu-chien-chat-pot-250g-vet\/","title":{"rendered":"VIT I5 BLEU CHIEN\/CHAT POT 250G VET"},"content":{"rendered":"<p>Nahrungserg\u00e4nzungsmittel f\u00fcr eine ausgewogene Haushaltsration f\u00fcr \u00e4ltere Katzen und Hunde.<br \/>\nVit&#8217;i5 Bleu Mineral- und Vitaminpulver zur ausgewogenen Ern\u00e4hrung \u00e4lterer Hunde oder Katzen \u00fcber 8 Jahre und bei guter Gesundheit.<br \/>\nAuch geeignet f\u00fcr Hunde und Katzen jeden Alters mit einer Pathologie, die eine Phosphor- und Mineralstoffrestriktion erfordert.<br \/>\nLiefert Mineralstoffe, Vitamine und Spurenelemente, die in einer Haushaltsration fehlen.<br \/>\nVit&#8217;i5 deckt 40 bis 50 % der grundlegenden Ern\u00e4hrungsbed\u00fcrfnisse von Hunden und Katzen.<\/p>","protected":false},"excerpt":{"rendered":"<p>Nahrungserg\u00e4nzungsmittel f\u00fcr eine ausgewogene Haushaltsration f\u00fcr \u00e4ltere Katzen und Hunde. Vit&#8217;i5 Bleu Mineral- und Vitaminpulver zur ausgewogenen Ern\u00e4hrung \u00e4lterer Hunde oder Katzen \u00fcber 8 Jahre und bei guter Gesundheit. Auch geeignet f\u00fcr Hunde und Katzen jeden Alters mit einer Pathologie, die eine Phosphor- und Mineralstoffrestriktion erfordert. Liefert Mineralstoffe, Vitamine und Spurenelemente, die in einer Haushaltsration [&hellip;]<\/p>\n","protected":false},"featured_media":31752,"template":"","meta":{"_acf_changed":false,"footnotes":""},"product_brand":[],"product_cat":[151,150,46],"product_tag":[],"class_list":{"0":"post-31751","1":"product","2":"type-product","3":"status-publish","4":"has-post-thumbnail","6":"product_cat-chiens","7":"product_cat-chats","8":"product_cat-veterinaire","10":"first","11":"outofstock","12":"taxable","13":"shipping-taxable","14":"purchasable","15":"product-type-simple"},"acf":[],"_links":{"self":[{"href":"https:\/\/www.pharmacieonline.lu\/de\/wp-json\/wp\/v2\/product\/31751","targetHints":{"allow":["GET"]}}],"collection":[{"href":"https:\/\/www.pharmacieonline.lu\/de\/wp-json\/wp\/v2\/product"}],"about":[{"href":"https:\/\/www.pharmacieonline.lu\/de\/wp-json\/wp\/v2\/types\/product"}],"version-history":[{"count":0,"href":"https:\/\/www.pharmacieonline.lu\/de\/wp-json\/wp\/v2\/product\/31751\/revisions"}],"wp:featuredmedia":[{"embeddable":true,"href":"https:\/\/www.pharmacieonline.lu\/de\/wp-json\/wp\/v2\/media\/31752"}],"wp:attachment":[{"href":"https:\/\/www.pharmacieonline.lu\/de\/wp-json\/wp\/v2\/media?parent=31751"}],"wp:term":[{"taxonomy":"product_brand","embeddable":true,"href":"https:\/\/www.pharmacieonline.lu\/de\/wp-json\/wp\/v2\/product_brand?post=31751"},{"taxonomy":"product_cat","embeddable":true,"href":"https:\/\/www.pharmacieonline.lu\/de\/wp-json\/wp\/v2\/product_cat?post=31751"},{"taxonomy":"product_tag","embeddable":true,"href":"https:\/\/www.pharmacieonline.lu\/de\/wp-json\/wp\/v2\/product_tag?post=31751"}],"curies":[{"name":"wp","href":"https:\/\/api.w.org\/{rel}","templated":true}]}}