{"id":31795,"date":"2023-01-27T11:01:10","date_gmt":"2023-01-27T10:01:10","guid":{"rendered":"https:\/\/www.pharmacieonline.lu\/?post_type=product&#038;p=31795"},"modified":"2026-04-04T12:25:20","modified_gmt":"2026-04-04T10:25:20","slug":"macaron-fraicheur-menthol-salva","status":"publish","type":"product","link":"https:\/\/www.pharmacieonline.lu\/de\/produit\/macaron-fraicheur-menthol-salva\/","title":{"rendered":"MACARON FRAICHEUR MENTHOL SALVA"},"content":{"rendered":"<p>Cooper&#8217;s Salva Menthol Anti-Migr\u00e4ne Cool Macaron hilft Ihnen bei Kopfschmerzen oder Migr\u00e4ne.<\/p>\n<p>Menthol hat die Eigenschaft, ein Frischegef\u00fchl hervorzurufen, indem es eine vasokonstriktorische Wirkung (Verringerung des Durchmessers kleiner Gef\u00e4\u00dfe durch Kontraktion von Muskelfasern) hervorruft.<\/p>\n<p>Es ist ein Naturprodukt, basierend auf reinem Menthol.<\/p>\n<p>Der Mentholblock ist in einem Holztr\u00e4ger mit Schraubverschluss fixiert: der Makrone<\/p>","protected":false},"excerpt":{"rendered":"<p>Cooper&#8217;s Salva Menthol Anti-Migr\u00e4ne Cool Macaron hilft Ihnen bei Kopfschmerzen oder Migr\u00e4ne. Menthol hat die Eigenschaft, ein Frischegef\u00fchl hervorzurufen, indem es eine vasokonstriktorische Wirkung (Verringerung des Durchmessers kleiner Gef\u00e4\u00dfe durch Kontraktion von Muskelfasern) hervorruft. Es ist ein Naturprodukt, basierend auf reinem Menthol. Der Mentholblock ist in einem Holztr\u00e4ger mit Schraubverschluss fixiert: der Makrone<\/p>\n","protected":false},"featured_media":31796,"template":"","meta":{"_acf_changed":false,"footnotes":""},"product_brand":[],"product_cat":[42,94],"product_tag":[],"class_list":{"0":"post-31795","1":"product","2":"type-product","3":"status-publish","4":"has-post-thumbnail","6":"product_cat-para-pharmacie","7":"product_cat-maux","9":"first","10":"instock","11":"taxable","12":"shipping-taxable","13":"purchasable","14":"product-type-simple"},"acf":[],"_links":{"self":[{"href":"https:\/\/www.pharmacieonline.lu\/de\/wp-json\/wp\/v2\/product\/31795","targetHints":{"allow":["GET"]}}],"collection":[{"href":"https:\/\/www.pharmacieonline.lu\/de\/wp-json\/wp\/v2\/product"}],"about":[{"href":"https:\/\/www.pharmacieonline.lu\/de\/wp-json\/wp\/v2\/types\/product"}],"version-history":[{"count":0,"href":"https:\/\/www.pharmacieonline.lu\/de\/wp-json\/wp\/v2\/product\/31795\/revisions"}],"wp:featuredmedia":[{"embeddable":true,"href":"https:\/\/www.pharmacieonline.lu\/de\/wp-json\/wp\/v2\/media\/31796"}],"wp:attachment":[{"href":"https:\/\/www.pharmacieonline.lu\/de\/wp-json\/wp\/v2\/media?parent=31795"}],"wp:term":[{"taxonomy":"product_brand","embeddable":true,"href":"https:\/\/www.pharmacieonline.lu\/de\/wp-json\/wp\/v2\/product_brand?post=31795"},{"taxonomy":"product_cat","embeddable":true,"href":"https:\/\/www.pharmacieonline.lu\/de\/wp-json\/wp\/v2\/product_cat?post=31795"},{"taxonomy":"product_tag","embeddable":true,"href":"https:\/\/www.pharmacieonline.lu\/de\/wp-json\/wp\/v2\/product_tag?post=31795"}],"curies":[{"name":"wp","href":"https:\/\/api.w.org\/{rel}","templated":true}]}}