{"id":31804,"date":"2023-01-27T11:11:17","date_gmt":"2023-01-27T10:11:17","guid":{"rendered":"https:\/\/www.pharmacieonline.lu\/?post_type=product&#038;p=31804"},"modified":"2026-04-09T10:55:23","modified_gmt":"2026-04-09T08:55:23","slug":"mikrozid-liquid-aldehydfrei-af-250-ml","status":"publish","type":"product","link":"https:\/\/www.pharmacieonline.lu\/de\/produit\/mikrozid-liquid-aldehydfrei-af-250-ml\/","title":{"rendered":"MIKROZID LIQUID ALDEHYDFREI (AF) 250 ML"},"content":{"rendered":"<p>Zur Schnelldesinfektion von Medizinprodukten<br \/>\nFl\u00e4chendesinfektionsmittel auf Alkoholbasis, gebrauchsfertig<\/p>\n<p>Trocknet schnell und hinterl\u00e4sst keine R\u00fcckst\u00e4nde<\/p>","protected":false},"excerpt":{"rendered":"<p>Zur Schnelldesinfektion von Medizinprodukten Fl\u00e4chendesinfektionsmittel auf Alkoholbasis, gebrauchsfertig Trocknet schnell und hinterl\u00e4sst keine R\u00fcckst\u00e4nde<\/p>\n","protected":false},"featured_media":31806,"template":"","meta":{"_acf_changed":false,"footnotes":""},"product_brand":[],"product_cat":[45],"product_tag":[],"class_list":{"0":"post-31804","1":"product","2":"type-product","3":"status-publish","4":"has-post-thumbnail","6":"product_cat-materiel-medical","8":"first","9":"instock","10":"taxable","11":"shipping-taxable","12":"purchasable","13":"product-type-simple"},"acf":[],"_links":{"self":[{"href":"https:\/\/www.pharmacieonline.lu\/de\/wp-json\/wp\/v2\/product\/31804","targetHints":{"allow":["GET"]}}],"collection":[{"href":"https:\/\/www.pharmacieonline.lu\/de\/wp-json\/wp\/v2\/product"}],"about":[{"href":"https:\/\/www.pharmacieonline.lu\/de\/wp-json\/wp\/v2\/types\/product"}],"version-history":[{"count":0,"href":"https:\/\/www.pharmacieonline.lu\/de\/wp-json\/wp\/v2\/product\/31804\/revisions"}],"wp:featuredmedia":[{"embeddable":true,"href":"https:\/\/www.pharmacieonline.lu\/de\/wp-json\/wp\/v2\/media\/31806"}],"wp:attachment":[{"href":"https:\/\/www.pharmacieonline.lu\/de\/wp-json\/wp\/v2\/media?parent=31804"}],"wp:term":[{"taxonomy":"product_brand","embeddable":true,"href":"https:\/\/www.pharmacieonline.lu\/de\/wp-json\/wp\/v2\/product_brand?post=31804"},{"taxonomy":"product_cat","embeddable":true,"href":"https:\/\/www.pharmacieonline.lu\/de\/wp-json\/wp\/v2\/product_cat?post=31804"},{"taxonomy":"product_tag","embeddable":true,"href":"https:\/\/www.pharmacieonline.lu\/de\/wp-json\/wp\/v2\/product_tag?post=31804"}],"curies":[{"name":"wp","href":"https:\/\/api.w.org\/{rel}","templated":true}]}}