{"id":32196,"date":"2023-01-30T11:31:12","date_gmt":"2023-01-30T10:31:12","guid":{"rendered":"https:\/\/www.pharmacieonline.lu\/?post_type=product&#038;p=32196"},"modified":"2026-04-14T17:55:21","modified_gmt":"2026-04-14T15:55:21","slug":"actius-silicone-heel-cups-t343-46","status":"publish","type":"product","link":"https:\/\/www.pharmacieonline.lu\/de\/produit\/actius-silicone-heel-cups-t343-46\/","title":{"rendered":"ACTIUS SILICONE HEEL CUPS T3(43\/46)"},"content":{"rendered":"<p>SILIKON-FERSENPOLSTER MIT ZENTRALEM EINSATZ<br \/>\nDank eines Dual-Density-Silikongel-Designs bieten Ihnen die Silikon-Fersenpolster t\u00e4glich Komfort und Stabilit\u00e4t. Sie d\u00e4mpfen zus\u00e4tzlich, begrenzen Mikrotraumen durch wiederholte St\u00f6\u00dfe und entlasten so Gelenke, Sehnen und B\u00e4nder.<\/p>\n<p>RICHTUNGEN<\/p>\n<p>Talalgie<br \/>\nSchleimbeutelentz\u00fcndung<br \/>\nAchilles tendonitis<br \/>\nPlantarfasziitis<br \/>\nFersensporn<br \/>\nFersensporn<br \/>\nSever-Krankheit (Teilausfluss)<\/p>\n<p>GR\u00d6SSENTABELLE<\/p>\n<p>Gr\u00f6\u00dfe Gr\u00f6\u00dfe<br \/>\n1 35 &#8211; 38<br \/>\n2 39 &#8211; 42<br \/>\n<strong>3 43 &#8211; 46<\/strong><\/p>","protected":false},"excerpt":{"rendered":"<p>SILIKON-FERSENPOLSTER MIT ZENTRALEM EINSATZ Dank eines Dual-Density-Silikongel-Designs bieten Ihnen die Silikon-Fersenpolster t\u00e4glich Komfort und Stabilit\u00e4t. Sie d\u00e4mpfen zus\u00e4tzlich, begrenzen Mikrotraumen durch wiederholte St\u00f6\u00dfe und entlasten so Gelenke, Sehnen und B\u00e4nder. RICHTUNGEN Talalgie Schleimbeutelentz\u00fcndung Achilles tendonitis Plantarfasziitis Fersensporn Fersensporn Sever-Krankheit (Teilausfluss) GR\u00d6SSENTABELLE Gr\u00f6\u00dfe Gr\u00f6\u00dfe 1 35 &#8211; 38 2 39 &#8211; 42 3 43 &#8211; 46<\/p>\n","protected":false},"featured_media":32192,"template":"","meta":{"_acf_changed":false,"footnotes":""},"product_brand":[],"product_cat":[143,45],"product_tag":[],"class_list":{"0":"post-32196","1":"product","2":"type-product","3":"status-publish","4":"has-post-thumbnail","6":"product_cat-orthopedie","7":"product_cat-materiel-medical","9":"first","10":"outofstock","11":"taxable","12":"shipping-taxable","13":"purchasable","14":"product-type-simple"},"acf":[],"_links":{"self":[{"href":"https:\/\/www.pharmacieonline.lu\/de\/wp-json\/wp\/v2\/product\/32196","targetHints":{"allow":["GET"]}}],"collection":[{"href":"https:\/\/www.pharmacieonline.lu\/de\/wp-json\/wp\/v2\/product"}],"about":[{"href":"https:\/\/www.pharmacieonline.lu\/de\/wp-json\/wp\/v2\/types\/product"}],"version-history":[{"count":0,"href":"https:\/\/www.pharmacieonline.lu\/de\/wp-json\/wp\/v2\/product\/32196\/revisions"}],"wp:featuredmedia":[{"embeddable":true,"href":"https:\/\/www.pharmacieonline.lu\/de\/wp-json\/wp\/v2\/media\/32192"}],"wp:attachment":[{"href":"https:\/\/www.pharmacieonline.lu\/de\/wp-json\/wp\/v2\/media?parent=32196"}],"wp:term":[{"taxonomy":"product_brand","embeddable":true,"href":"https:\/\/www.pharmacieonline.lu\/de\/wp-json\/wp\/v2\/product_brand?post=32196"},{"taxonomy":"product_cat","embeddable":true,"href":"https:\/\/www.pharmacieonline.lu\/de\/wp-json\/wp\/v2\/product_cat?post=32196"},{"taxonomy":"product_tag","embeddable":true,"href":"https:\/\/www.pharmacieonline.lu\/de\/wp-json\/wp\/v2\/product_tag?post=32196"}],"curies":[{"name":"wp","href":"https:\/\/api.w.org\/{rel}","templated":true}]}}