{"id":32587,"date":"2023-02-09T11:07:13","date_gmt":"2023-02-09T10:07:13","guid":{"rendered":"https:\/\/www.pharmacieonline.lu\/?post_type=product&#038;p=32587"},"modified":"2026-04-11T23:55:20","modified_gmt":"2026-04-11T21:55:20","slug":"physiomance-dna-repair-dnair-15-sticks","status":"publish","type":"product","link":"https:\/\/www.pharmacieonline.lu\/de\/produit\/physiomance-dna-repair-dnair-15-sticks\/","title":{"rendered":"PHYSIOMANCE (DNA REPAIR) DNAIR 15 STICKS"},"content":{"rendered":"<p>Tr\u00e4gt zu einer normalen DNA-Synthese bei<\/p>\n<p>Synergistische Kombination aus 500 mg Quercetin, 500 mg Rutin, 9 mg Rosmarins\u00e4ure aus Rosmarin, 100 mg Luteolin aus Perilla und einem Mikron\u00e4hrstoffkomplex;<br \/>\nZink tr\u00e4gt zu einer normalen DNA-Synthese bei;<br \/>\nStevia: 100 % nat\u00fcrlicher S\u00fc\u00dfstoff, zertifiziert gentechnikfrei, unbestrahlt, allergenfrei, gewonnen nach modernster, umweltfreundlicher Extraktion und Reinigung;<br \/>\nHigh Quality Process\u00ae;<br \/>\nClean-Label THERASCIENCE;<br \/>\nNat\u00fcrlicher Orangengeschmack.<\/p>\n<p>Beschreibung<br \/>\nPHYSIOMANCE DNAIR bietet f\u00fcr einen Beutel:<\/p>\n<p>500 mg Quercetin, 500 mg Rutin, 9 mg Rosmarins\u00e4ure aus Rosmarin, 100 mg Luteolin aus Perilla, ein Mikron\u00e4hrstoffkomplex mit 15 % AR* in Zink, Vitamin B3, B9, B12 und nat\u00fcrlichem D3;<br \/>\nZink tr\u00e4gt zu einer normalen DNA-Synthese bei und spielt eine Rolle bei der Zellteilung;<br \/>\nDie nat\u00fcrlichen Vitamine B9, B12 und D3 spielen eine Rolle bei der Zellteilung.<br \/>\n*AR: Referenzbeitr\u00e4ge<\/p>\n<p>Nutzungstipps<br \/>\nVerd\u00fcnnen Sie 1 Stick pro Tag in einem gro\u00dfen Glas Wasser oder Fruchtsaft f\u00fcr mindestens 15 Tage. Bei Bedarf zu erneuern.<\/p>\n<p>Vorsichtsma\u00dfnahmen f\u00fcr die Verwendung:<\/p>\n<p>F\u00fcr Schwangere nicht empfohlen.<\/p>\n<p>Nahrungserg\u00e4nzungsmittel sollten im Rahmen einer gesunden Lebensweise verwendet werden und nicht als Ersatz f\u00fcr eine abwechslungsreiche und ausgewogene Ern\u00e4hrung verwendet werden. \u00dcberschreiten Sie nicht die empfohlene Tagesdosis. Bewahren Sie das Produkt au\u00dferhalb der Reichweite von kleinen Kindern auf. Bei Kombination mehrerer Nahrungserg\u00e4nzungsmittel fragen Sie Ihren Arzt um Rat.<\/p>","protected":false},"excerpt":{"rendered":"<p>Tr\u00e4gt zu einer normalen DNA-Synthese bei Synergistische Kombination aus 500 mg Quercetin, 500 mg Rutin, 9 mg Rosmarins\u00e4ure aus Rosmarin, 100 mg Luteolin aus Perilla und einem Mikron\u00e4hrstoffkomplex; Zink tr\u00e4gt zu einer normalen DNA-Synthese bei; Stevia: 100 % nat\u00fcrlicher S\u00fc\u00dfstoff, zertifiziert gentechnikfrei, unbestrahlt, allergenfrei, gewonnen nach modernster, umweltfreundlicher Extraktion und Reinigung; High Quality Process\u00ae; Clean-Label [&hellip;]<\/p>\n","protected":false},"featured_media":32589,"template":"","meta":{"_acf_changed":false,"footnotes":""},"product_brand":[],"product_cat":[42,951,953,948],"product_tag":[],"class_list":{"0":"post-32587","1":"product","2":"type-product","3":"status-publish","4":"has-post-thumbnail","6":"product_cat-para-pharmacie","7":"product_cat-physiomance","8":"product_cat-complements-alimentaires","9":"product_cat-therascience-physionutrition","11":"first","12":"instock","13":"taxable","14":"shipping-taxable","15":"purchasable","16":"product-type-simple"},"acf":[],"_links":{"self":[{"href":"https:\/\/www.pharmacieonline.lu\/de\/wp-json\/wp\/v2\/product\/32587","targetHints":{"allow":["GET"]}}],"collection":[{"href":"https:\/\/www.pharmacieonline.lu\/de\/wp-json\/wp\/v2\/product"}],"about":[{"href":"https:\/\/www.pharmacieonline.lu\/de\/wp-json\/wp\/v2\/types\/product"}],"version-history":[{"count":0,"href":"https:\/\/www.pharmacieonline.lu\/de\/wp-json\/wp\/v2\/product\/32587\/revisions"}],"wp:featuredmedia":[{"embeddable":true,"href":"https:\/\/www.pharmacieonline.lu\/de\/wp-json\/wp\/v2\/media\/32589"}],"wp:attachment":[{"href":"https:\/\/www.pharmacieonline.lu\/de\/wp-json\/wp\/v2\/media?parent=32587"}],"wp:term":[{"taxonomy":"product_brand","embeddable":true,"href":"https:\/\/www.pharmacieonline.lu\/de\/wp-json\/wp\/v2\/product_brand?post=32587"},{"taxonomy":"product_cat","embeddable":true,"href":"https:\/\/www.pharmacieonline.lu\/de\/wp-json\/wp\/v2\/product_cat?post=32587"},{"taxonomy":"product_tag","embeddable":true,"href":"https:\/\/www.pharmacieonline.lu\/de\/wp-json\/wp\/v2\/product_tag?post=32587"}],"curies":[{"name":"wp","href":"https:\/\/api.w.org\/{rel}","templated":true}]}}