{"id":32603,"date":"2023-02-09T11:42:11","date_gmt":"2023-02-09T10:42:11","guid":{"rendered":"https:\/\/www.pharmacieonline.lu\/?post_type=product&#038;p=32603"},"modified":"2026-04-04T07:55:18","modified_gmt":"2026-04-04T05:55:18","slug":"physiomance-nac-180-caps","status":"publish","type":"product","link":"https:\/\/www.pharmacieonline.lu\/de\/produit\/physiomance-nac-180-caps\/","title":{"rendered":"PHYSIOMANCE NAC 180 CAPS"},"content":{"rendered":"<p>Um von den Eigenschaften von NAC (N-Acetylcystein) zu profitieren<\/p>\n<p>Formel hochkonzentriert in NAC, Vorstufe von Glutathion: 300 mg\/Kapsel;<br \/>\nClean-Label THERASCIENCE;<br \/>\n100% pflanzliche Kapseln.<br \/>\nBeschreibung<\/p>\n<p>PHYSIOMANCE NAC sorgt f\u00fcr 1 Kapsel, 300 mg N-Acetylcystein f\u00fcr eine optimale wohltuende Wirkung.<\/p>\n<p>Nutzungstipps<\/p>\n<p>1 Kapsel pro Tag, abends zum Abendessen, f\u00fcr mindestens 6 Monate. Bei Bedarf zu erneuern.<\/p>\n<p>Vorsichtsma\u00dfnahmen f\u00fcr die Verwendung:<\/p>\n<p>Nicht an Kinder unter 12 Jahren verabreichen. Personen, die Medikamente einnehmen, sollten das Produkt nur unter \u00e4rztlicher Aufsicht verwenden.<\/p>\n<p>Nahrungserg\u00e4nzungsmittel sollten im Rahmen einer gesunden Lebensweise verwendet werden und nicht als Ersatz f\u00fcr eine abwechslungsreiche und ausgewogene Ern\u00e4hrung verwendet werden. \u00dcberschreiten Sie nicht die empfohlene Tagesdosis. Bewahren Sie das Produkt au\u00dferhalb der Reichweite von kleinen Kindern auf.<br \/>\nBei Kombination mehrerer Nahrungserg\u00e4nzungsmittel fragen Sie Ihren Arzt um Rat.<\/p>","protected":false},"excerpt":{"rendered":"<p>Um von den Eigenschaften von NAC (N-Acetylcystein) zu profitieren Formel hochkonzentriert in NAC, Vorstufe von Glutathion: 300 mg\/Kapsel; Clean-Label THERASCIENCE; 100% pflanzliche Kapseln. Beschreibung PHYSIOMANCE NAC sorgt f\u00fcr 1 Kapsel, 300 mg N-Acetylcystein f\u00fcr eine optimale wohltuende Wirkung. Nutzungstipps 1 Kapsel pro Tag, abends zum Abendessen, f\u00fcr mindestens 6 Monate. Bei Bedarf zu erneuern. Vorsichtsma\u00dfnahmen [&hellip;]<\/p>\n","protected":false},"featured_media":32604,"template":"","meta":{"_acf_changed":false,"footnotes":""},"product_brand":[],"product_cat":[42,951,953,948],"product_tag":[],"class_list":{"0":"post-32603","1":"product","2":"type-product","3":"status-publish","4":"has-post-thumbnail","6":"product_cat-para-pharmacie","7":"product_cat-physiomance","8":"product_cat-complements-alimentaires","9":"product_cat-therascience-physionutrition","11":"first","12":"instock","13":"taxable","14":"shipping-taxable","15":"purchasable","16":"product-type-simple"},"acf":[],"_links":{"self":[{"href":"https:\/\/www.pharmacieonline.lu\/de\/wp-json\/wp\/v2\/product\/32603","targetHints":{"allow":["GET"]}}],"collection":[{"href":"https:\/\/www.pharmacieonline.lu\/de\/wp-json\/wp\/v2\/product"}],"about":[{"href":"https:\/\/www.pharmacieonline.lu\/de\/wp-json\/wp\/v2\/types\/product"}],"version-history":[{"count":0,"href":"https:\/\/www.pharmacieonline.lu\/de\/wp-json\/wp\/v2\/product\/32603\/revisions"}],"wp:featuredmedia":[{"embeddable":true,"href":"https:\/\/www.pharmacieonline.lu\/de\/wp-json\/wp\/v2\/media\/32604"}],"wp:attachment":[{"href":"https:\/\/www.pharmacieonline.lu\/de\/wp-json\/wp\/v2\/media?parent=32603"}],"wp:term":[{"taxonomy":"product_brand","embeddable":true,"href":"https:\/\/www.pharmacieonline.lu\/de\/wp-json\/wp\/v2\/product_brand?post=32603"},{"taxonomy":"product_cat","embeddable":true,"href":"https:\/\/www.pharmacieonline.lu\/de\/wp-json\/wp\/v2\/product_cat?post=32603"},{"taxonomy":"product_tag","embeddable":true,"href":"https:\/\/www.pharmacieonline.lu\/de\/wp-json\/wp\/v2\/product_tag?post=32603"}],"curies":[{"name":"wp","href":"https:\/\/api.w.org\/{rel}","templated":true}]}}