{"id":32611,"date":"2023-02-09T13:31:02","date_gmt":"2023-02-09T12:31:02","guid":{"rendered":"https:\/\/www.pharmacieonline.lu\/?post_type=product&#038;p=32611"},"modified":"2026-04-12T03:55:26","modified_gmt":"2026-04-12T01:55:26","slug":"physiomance-polymix-500-90-cpr","status":"publish","type":"product","link":"https:\/\/www.pharmacieonline.lu\/de\/produit\/physiomance-polymix-500-90-cpr\/","title":{"rendered":"PHYSIOMANCE POLYMIX 500 90 CPR"},"content":{"rendered":"<p>Der Besch\u00fctzer deiner Schiffe<\/p>\n<p>Formel entwickelt von Pr Anne-Marie Roussel*;<br \/>\nSynergistische Kombination aus 4 Quellen nat\u00fcrlicher Polyphenole (Kakao, Zitrusfr\u00fcchte, gr\u00fcner Tee, trans-Resveratrol) und dem Mikron\u00e4hrstoffkomplex Suvimine 13;<br \/>\nVitamin C tr\u00e4gt zu einer normalen Kollagenbildung bei, um die normale Funktion der Blutgef\u00e4\u00dfe zu gew\u00e4hrleisten;<br \/>\nTrans-Resveratrol, aktive Form von Resveratrol, aus nat\u00fcrlicher Fermentation gewonnen, zu 98 % gereinigt, allergen- und pestizidfrei;<br \/>\nOptimale Bioverf\u00fcgbarkeit: Suvimin 13 Mikron\u00e4hrstoffkomplex;<br \/>\nHochwertiger Prozess;<br \/>\nSauberes Etikett THERASCIENCE.<br \/>\nBeschreibung<\/p>\n<p>PHYSIOMANCE POLYMIX 500 bietet f\u00fcr 1 Tablette:<\/p>\n<p>500 mg aus 4 nat\u00fcrlichen Polyphenolquellen (Kakao, Zitrusfr\u00fcchte, gr\u00fcner Tee, Trans-Resveratrol);<br \/>\nDer Mikron\u00e4hrstoffkomplex Suvimine 13:\u2003- Vitamin B6 tr\u00e4gt zu einer normalen Synthese von Cystein bei;<br \/>\n&#8211; Vitamin C tr\u00e4gt zu einer normalen Kollagenbildung bei, um die normale Funktion der Blutgef\u00e4\u00dfe zu gew\u00e4hrleisten;<br \/>\n&#8211; Die Vitamine B2, B3 und B8 tragen zur Erhaltung normaler Schleimh\u00e4ute bei;<br \/>\n&#8211; Vitamin B9 tr\u00e4gt zu einer normalen Synthese von Aminos\u00e4uren bei;<br \/>\n&#8211; Nat\u00fcrliches Vitamin D3 tr\u00e4gt zur Erhaltung einer normalen Muskelfunktion bei;<br \/>\n&#8211; Die nat\u00fcrlichen Vitamine B2, C und E tragen zum Schutz der Zellen vor oxidativem Stress bei;<br \/>\n&#8211; Vitamin B1 tr\u00e4gt zur Aufrechterhaltung einer normalen Herzfunktion bei.<\/p>\n<p>&nbsp;<\/p>\n<p>Nutzungstipps<\/p>\n<p>1 Tablette pro Tag, morgens zum Fr\u00fchst\u00fcck, f\u00fcr 3 Monate. Bei Bedarf zu erneuern.<\/p>\n<p>Vorsichtsma\u00dfnahmen f\u00fcr die Verwendung:<\/p>\n<p>Reserviert f\u00fcr Erwachsene. Enth\u00e4lt Koffein (10 mg pro Tablette). Nicht empfohlen f\u00fcr schwangere oder stillende Frauen. Au\u00dferhalb der Mahlzeiten nicht zu empfehlen. Personen, die Medikamente einnehmen, sollten das Produkt nur unter \u00e4rztlicher Aufsicht verwenden.<\/p>\n<p>Nahrungserg\u00e4nzungsmittel sollten im Rahmen einer gesunden Lebensweise verwendet werden und nicht als Ersatz f\u00fcr eine abwechslungsreiche und ausgewogene Ern\u00e4hrung verwendet werden. \u00dcberschreiten Sie nicht die empfohlene Tagesdosis. Bewahren Sie das Produkt au\u00dferhalb der Reichweite von kleinen Kindern auf. Bei Kombination mehrerer Nahrungserg\u00e4nzungsmittel fragen Sie Ihren Arzt um Rat.<\/p>","protected":false},"excerpt":{"rendered":"<p>Der Besch\u00fctzer deiner Schiffe Formel entwickelt von Pr Anne-Marie Roussel*; Synergistische Kombination aus 4 Quellen nat\u00fcrlicher Polyphenole (Kakao, Zitrusfr\u00fcchte, gr\u00fcner Tee, trans-Resveratrol) und dem Mikron\u00e4hrstoffkomplex Suvimine 13; Vitamin C tr\u00e4gt zu einer normalen Kollagenbildung bei, um die normale Funktion der Blutgef\u00e4\u00dfe zu gew\u00e4hrleisten; Trans-Resveratrol, aktive Form von Resveratrol, aus nat\u00fcrlicher Fermentation gewonnen, zu 98 % [&hellip;]<\/p>\n","protected":false},"featured_media":32612,"template":"","meta":{"_acf_changed":false,"footnotes":""},"product_brand":[],"product_cat":[42,951,953,948],"product_tag":[],"class_list":{"0":"post-32611","1":"product","2":"type-product","3":"status-publish","4":"has-post-thumbnail","6":"product_cat-para-pharmacie","7":"product_cat-physiomance","8":"product_cat-complements-alimentaires","9":"product_cat-therascience-physionutrition","11":"first","12":"instock","13":"taxable","14":"shipping-taxable","15":"purchasable","16":"product-type-simple"},"acf":[],"_links":{"self":[{"href":"https:\/\/www.pharmacieonline.lu\/de\/wp-json\/wp\/v2\/product\/32611","targetHints":{"allow":["GET"]}}],"collection":[{"href":"https:\/\/www.pharmacieonline.lu\/de\/wp-json\/wp\/v2\/product"}],"about":[{"href":"https:\/\/www.pharmacieonline.lu\/de\/wp-json\/wp\/v2\/types\/product"}],"version-history":[{"count":0,"href":"https:\/\/www.pharmacieonline.lu\/de\/wp-json\/wp\/v2\/product\/32611\/revisions"}],"wp:featuredmedia":[{"embeddable":true,"href":"https:\/\/www.pharmacieonline.lu\/de\/wp-json\/wp\/v2\/media\/32612"}],"wp:attachment":[{"href":"https:\/\/www.pharmacieonline.lu\/de\/wp-json\/wp\/v2\/media?parent=32611"}],"wp:term":[{"taxonomy":"product_brand","embeddable":true,"href":"https:\/\/www.pharmacieonline.lu\/de\/wp-json\/wp\/v2\/product_brand?post=32611"},{"taxonomy":"product_cat","embeddable":true,"href":"https:\/\/www.pharmacieonline.lu\/de\/wp-json\/wp\/v2\/product_cat?post=32611"},{"taxonomy":"product_tag","embeddable":true,"href":"https:\/\/www.pharmacieonline.lu\/de\/wp-json\/wp\/v2\/product_tag?post=32611"}],"curies":[{"name":"wp","href":"https:\/\/api.w.org\/{rel}","templated":true}]}}