{"id":32631,"date":"2023-02-09T14:22:54","date_gmt":"2023-02-09T13:22:54","guid":{"rendered":"https:\/\/www.pharmacieonline.lu\/?post_type=product&#038;p=32631"},"modified":"2026-04-10T10:55:27","modified_gmt":"2026-04-10T08:55:27","slug":"physiomance-q10-30-mg-90-caps","status":"publish","type":"product","link":"https:\/\/www.pharmacieonline.lu\/de\/produit\/physiomance-q10-30-mg-90-caps\/","title":{"rendered":"PHYSIOMANCE Q10 30 MG 90 CAPS"},"content":{"rendered":"<p>Q10: ein Coenzym mit mehreren Tugenden<\/p>\n<p>30 mg Coenzym Q10;<br \/>\nCoenzym Q10 aus nat\u00fcrlicher Fermentation;<br \/>\nClean-Label THERASCIENCE;<br \/>\nKapseln 100% nat\u00fcrlichen Ursprungs.<br \/>\nBeschreibung<\/p>\n<p>PHYSIOMANCE Q10 liefert 1 Kapsel mit 30 mg Coenzym Q10.<\/p>\n<p>Nutzungstipps<\/p>\n<p>1 Kapsel pro Tag, f\u00fcr mindestens 3 Monate. Bei Bedarf zu erneuern.<\/p>\n<p>Vorsichtsma\u00dfnahmen f\u00fcr die Verwendung:<\/p>\n<p>Nahrungserg\u00e4nzungsmittel sollten im Rahmen einer gesunden Lebensweise verwendet werden und nicht als Ersatz f\u00fcr eine abwechslungsreiche und ausgewogene Ern\u00e4hrung verwendet werden. \u00dcberschreiten Sie nicht die empfohlene Tagesdosis. Bewahren Sie das Produkt au\u00dferhalb der Reichweite von kleinen Kindern auf. Bei Kombination mehrerer Nahrungserg\u00e4nzungsmittel fragen Sie Ihren Arzt um Rat.<\/p>","protected":false},"excerpt":{"rendered":"<p>Q10: ein Coenzym mit mehreren Tugenden 30 mg Coenzym Q10; Coenzym Q10 aus nat\u00fcrlicher Fermentation; Clean-Label THERASCIENCE; Kapseln 100% nat\u00fcrlichen Ursprungs. Beschreibung PHYSIOMANCE Q10 liefert 1 Kapsel mit 30 mg Coenzym Q10. Nutzungstipps 1 Kapsel pro Tag, f\u00fcr mindestens 3 Monate. Bei Bedarf zu erneuern. Vorsichtsma\u00dfnahmen f\u00fcr die Verwendung: Nahrungserg\u00e4nzungsmittel sollten im Rahmen einer gesunden [&hellip;]<\/p>\n","protected":false},"featured_media":32632,"template":"","meta":{"_acf_changed":false,"footnotes":""},"product_brand":[],"product_cat":[42,951,953,948,782],"product_tag":[],"class_list":{"0":"post-32631","1":"product","2":"type-product","3":"status-publish","4":"has-post-thumbnail","6":"product_cat-para-pharmacie","7":"product_cat-physiomance","8":"product_cat-complements-alimentaires","9":"product_cat-therascience-physionutrition","10":"product_cat-vegan","12":"first","13":"instock","14":"taxable","15":"shipping-taxable","16":"purchasable","17":"product-type-simple"},"acf":[],"_links":{"self":[{"href":"https:\/\/www.pharmacieonline.lu\/de\/wp-json\/wp\/v2\/product\/32631","targetHints":{"allow":["GET"]}}],"collection":[{"href":"https:\/\/www.pharmacieonline.lu\/de\/wp-json\/wp\/v2\/product"}],"about":[{"href":"https:\/\/www.pharmacieonline.lu\/de\/wp-json\/wp\/v2\/types\/product"}],"version-history":[{"count":0,"href":"https:\/\/www.pharmacieonline.lu\/de\/wp-json\/wp\/v2\/product\/32631\/revisions"}],"wp:featuredmedia":[{"embeddable":true,"href":"https:\/\/www.pharmacieonline.lu\/de\/wp-json\/wp\/v2\/media\/32632"}],"wp:attachment":[{"href":"https:\/\/www.pharmacieonline.lu\/de\/wp-json\/wp\/v2\/media?parent=32631"}],"wp:term":[{"taxonomy":"product_brand","embeddable":true,"href":"https:\/\/www.pharmacieonline.lu\/de\/wp-json\/wp\/v2\/product_brand?post=32631"},{"taxonomy":"product_cat","embeddable":true,"href":"https:\/\/www.pharmacieonline.lu\/de\/wp-json\/wp\/v2\/product_cat?post=32631"},{"taxonomy":"product_tag","embeddable":true,"href":"https:\/\/www.pharmacieonline.lu\/de\/wp-json\/wp\/v2\/product_tag?post=32631"}],"curies":[{"name":"wp","href":"https:\/\/api.w.org\/{rel}","templated":true}]}}