{"id":32636,"date":"2023-02-09T14:56:57","date_gmt":"2023-02-09T13:56:57","guid":{"rendered":"https:\/\/www.pharmacieonline.lu\/?post_type=product&#038;p=32636"},"modified":"2026-04-12T06:55:25","modified_gmt":"2026-04-12T04:55:25","slug":"physiomance-q10-omega-3-100-mg-90-caps","status":"publish","type":"product","link":"https:\/\/www.pharmacieonline.lu\/de\/produit\/physiomance-q10-omega-3-100-mg-90-caps\/","title":{"rendered":"PHYSIOMANCE Q10 OMEGA 3 100 MG 90 CAPS"},"content":{"rendered":"<p>Um Sie ern\u00e4hrungsphysiologisch zu unterst\u00fctzen, wenn Sie Statine einnehmen<\/p>\n<p>100 mg Coenzym Q10 kombiniert mit 250 mg EPA* und DHA** (Omega-3);<br \/>\nEPA* und DHA** tragen zum reibungslosen Funktionieren des Herz-Kreislauf-Systems bei1;<br \/>\nCoenzym Q10 in \u00f6liger Form aus nat\u00fcrlicher Fermentation;<br \/>\nOptimale Bioverf\u00fcgbarkeit: EPA* und DHA** in Triglyceridform;<br \/>\nFisch\u00f6l von h\u00f6chster Qualit\u00e4t, das reinste und stabilste auf dem Markt, profitiert von einem TotOx-Index von weniger als 4, stammt aus umweltbewusstem Fischfang und ist mit Epax\u00ae, X.O\u00ae und Friend of the sea\u00a9 zertifiziert;<br \/>\nSauberes Etikett THERASCIENCE.<br \/>\nBeschreibung<\/p>\n<p>PHYSIOMANCE Q10 OMEGA 3 100 MG bietet f\u00fcr 1 Kapsel:<\/p>\n<p>100 mg Coenzym Q10;<br \/>\n250 mg EPA* und DHA**, die zum reibungslosen Funktionieren des Herz-Kreislauf-Systems beitragen1;<br \/>\n54 % von AR*** in Vitamin B1, das zu einer normalen Herzfunktion beitr\u00e4gt;<br \/>\n21 % AR*** in nat\u00fcrlichem Vitamin E, das die Zellen vor oxidativem Stress sch\u00fctzt.<br \/>\nNutzungstipps<\/p>\n<p>1 Kapsel pro Tag, f\u00fcr mindestens 3 Monate. Bei Bedarf zu erneuern.<\/p>\n<p>Vorsichtsma\u00dfnahmen f\u00fcr die Verwendung:<\/p>\n<p>Nahrungserg\u00e4nzungsmittel sollten im Rahmen einer gesunden Lebensweise verwendet werden und nicht als Ersatz f\u00fcr eine abwechslungsreiche und ausgewogene Ern\u00e4hrung verwendet werden. \u00dcberschreiten Sie nicht die empfohlene Tagesdosis. Bewahren Sie das Produkt au\u00dferhalb der Reichweite von kleinen Kindern auf. Bei Kombination mehrerer Nahrungserg\u00e4nzungsmittel fragen Sie Ihren Arzt um Rat.<\/p>","protected":false},"excerpt":{"rendered":"<p>Um Sie ern\u00e4hrungsphysiologisch zu unterst\u00fctzen, wenn Sie Statine einnehmen 100 mg Coenzym Q10 kombiniert mit 250 mg EPA* und DHA** (Omega-3); EPA* und DHA** tragen zum reibungslosen Funktionieren des Herz-Kreislauf-Systems bei1; Coenzym Q10 in \u00f6liger Form aus nat\u00fcrlicher Fermentation; Optimale Bioverf\u00fcgbarkeit: EPA* und DHA** in Triglyceridform; Fisch\u00f6l von h\u00f6chster Qualit\u00e4t, das reinste und stabilste auf [&hellip;]<\/p>\n","protected":false},"featured_media":32637,"template":"","meta":{"_acf_changed":false,"footnotes":""},"product_brand":[],"product_cat":[42,951,953,948],"product_tag":[],"class_list":{"0":"post-32636","1":"product","2":"type-product","3":"status-publish","4":"has-post-thumbnail","6":"product_cat-para-pharmacie","7":"product_cat-physiomance","8":"product_cat-complements-alimentaires","9":"product_cat-therascience-physionutrition","11":"first","12":"instock","13":"taxable","14":"shipping-taxable","15":"purchasable","16":"product-type-simple"},"acf":[],"_links":{"self":[{"href":"https:\/\/www.pharmacieonline.lu\/de\/wp-json\/wp\/v2\/product\/32636","targetHints":{"allow":["GET"]}}],"collection":[{"href":"https:\/\/www.pharmacieonline.lu\/de\/wp-json\/wp\/v2\/product"}],"about":[{"href":"https:\/\/www.pharmacieonline.lu\/de\/wp-json\/wp\/v2\/types\/product"}],"version-history":[{"count":0,"href":"https:\/\/www.pharmacieonline.lu\/de\/wp-json\/wp\/v2\/product\/32636\/revisions"}],"wp:featuredmedia":[{"embeddable":true,"href":"https:\/\/www.pharmacieonline.lu\/de\/wp-json\/wp\/v2\/media\/32637"}],"wp:attachment":[{"href":"https:\/\/www.pharmacieonline.lu\/de\/wp-json\/wp\/v2\/media?parent=32636"}],"wp:term":[{"taxonomy":"product_brand","embeddable":true,"href":"https:\/\/www.pharmacieonline.lu\/de\/wp-json\/wp\/v2\/product_brand?post=32636"},{"taxonomy":"product_cat","embeddable":true,"href":"https:\/\/www.pharmacieonline.lu\/de\/wp-json\/wp\/v2\/product_cat?post=32636"},{"taxonomy":"product_tag","embeddable":true,"href":"https:\/\/www.pharmacieonline.lu\/de\/wp-json\/wp\/v2\/product_tag?post=32636"}],"curies":[{"name":"wp","href":"https:\/\/api.w.org\/{rel}","templated":true}]}}