{"id":32663,"date":"2023-02-10T09:34:42","date_gmt":"2023-02-10T08:34:42","guid":{"rendered":"https:\/\/www.pharmacieonline.lu\/?post_type=product&#038;p=32663"},"modified":"2026-04-10T18:25:21","modified_gmt":"2026-04-10T16:25:21","slug":"physiomance-q10-omega-3-200-mg-30-caps","status":"publish","type":"product","link":"https:\/\/www.pharmacieonline.lu\/de\/produit\/physiomance-q10-omega-3-200-mg-30-caps\/","title":{"rendered":"PHYSIOMANCE Q10 OMEGA 3 200 MG 30 CAPS"},"content":{"rendered":"<p>Ein hoch bioverf\u00fcgbares Omega-3- und Coenzym Q10-Konzentrat, um Sie in Form zu halten<\/p>\n<p>200 mg Coenzym Q10 kombiniert mit 250 mg EPA* und DHA** (Omega-3);<br \/>\nEPA* und DHA** tragen zum reibungslosen Funktionieren des Herz-Kreislauf-Systems bei1;<br \/>\nCoenzym Q10 in \u00f6liger Form aus nat\u00fcrlicher Fermentation;<br \/>\nOptimale Bioverf\u00fcgbarkeit: EPA* und DHA** in Triglyceridform;<br \/>\nFisch\u00f6l von h\u00f6chster Qualit\u00e4t, das reinste und stabilste auf dem Markt, profitiert von einem TotOx-Index von weniger als 4, stammt aus umweltbewusstem Fischfang und ist mit Epax\u00ae, X.O\u00ae und Friend of the sea\u00a9 zertifiziert;<br \/>\nSauberes Etikett THERASCIENCE.<br \/>\nBeschreibung<\/p>\n<p>PHYSIOMANCE Q10 OMEGA 3 200 MG bietet f\u00fcr 1 Kapsel:<\/p>\n<p>200 mg Coenzym Q10;<br \/>\n250 mg EPA* und DHA**, die zum reibungslosen Funktionieren des Herz-Kreislauf-Systems beitragen1;<br \/>\n54 % von AR*** in Vitamin B1, das zu einer normalen Herzfunktion beitr\u00e4gt;<br \/>\n21 % AR*** in nat\u00fcrlichem Vitamin E, das die Zellen vor oxidativem Stress sch\u00fctzt.<\/p>\n<p>Eine t\u00e4gliche erg\u00e4nzende L\u00f6sung:<\/p>\n<p>Zur Ern\u00e4hrungsunterst\u00fctzung bei Statinbehandlungen und Hypertriglycerid\u00e4mie;<br \/>\nIn der prim\u00e4ren und sekund\u00e4ren Pr\u00e4vention von kardiovaskul\u00e4ren Pathologien;<br \/>\nF\u00fcr ein ausgewogenes Omega-6\/Omega-3-Verh\u00e4ltnis.<\/p>\n<p>*EPA: Eicosapentaens\u00e4ure<br \/>\n**DHA: Docosahexaens\u00e4ure<br \/>\n***AR: Referenzbeitr\u00e4ge<\/p>\n<p>1. Vorteilhafte Wirkung bei t\u00e4glichem Verzehr von 250 mg EPA* und DHA**<\/p>\n<p>Nutzungstipps<\/p>\n<p>1 Kapsel pro Tag, abends w\u00e4hrend des Abendessens, f\u00fcr mindestens 3 Monate. Bei Bedarf zu erneuern.<\/p>\n<p>Vorsichtsma\u00dfnahmen f\u00fcr die Verwendung:<\/p>\n<p>Nahrungserg\u00e4nzungsmittel sollten im Rahmen einer gesunden Lebensweise verwendet werden und nicht als Ersatz f\u00fcr eine abwechslungsreiche und ausgewogene Ern\u00e4hrung verwendet werden. \u00dcberschreiten Sie nicht die empfohlene Tagesdosis. Bewahren Sie das Produkt au\u00dferhalb der Reichweite von kleinen Kindern auf. Bei Kombination mehrerer Nahrungserg\u00e4nzungsmittel fragen Sie Ihren Arzt um Rat.<\/p>","protected":false},"excerpt":{"rendered":"<p>Ein hoch bioverf\u00fcgbares Omega-3- und Coenzym Q10-Konzentrat, um Sie in Form zu halten 200 mg Coenzym Q10 kombiniert mit 250 mg EPA* und DHA** (Omega-3); EPA* und DHA** tragen zum reibungslosen Funktionieren des Herz-Kreislauf-Systems bei1; Coenzym Q10 in \u00f6liger Form aus nat\u00fcrlicher Fermentation; Optimale Bioverf\u00fcgbarkeit: EPA* und DHA** in Triglyceridform; Fisch\u00f6l von h\u00f6chster Qualit\u00e4t, das [&hellip;]<\/p>\n","protected":false},"featured_media":32664,"template":"","meta":{"_acf_changed":false,"footnotes":""},"product_brand":[],"product_cat":[42,951,953,948],"product_tag":[],"class_list":{"0":"post-32663","1":"product","2":"type-product","3":"status-publish","4":"has-post-thumbnail","6":"product_cat-para-pharmacie","7":"product_cat-physiomance","8":"product_cat-complements-alimentaires","9":"product_cat-therascience-physionutrition","11":"first","12":"instock","13":"taxable","14":"shipping-taxable","15":"purchasable","16":"product-type-simple"},"acf":[],"_links":{"self":[{"href":"https:\/\/www.pharmacieonline.lu\/de\/wp-json\/wp\/v2\/product\/32663","targetHints":{"allow":["GET"]}}],"collection":[{"href":"https:\/\/www.pharmacieonline.lu\/de\/wp-json\/wp\/v2\/product"}],"about":[{"href":"https:\/\/www.pharmacieonline.lu\/de\/wp-json\/wp\/v2\/types\/product"}],"version-history":[{"count":0,"href":"https:\/\/www.pharmacieonline.lu\/de\/wp-json\/wp\/v2\/product\/32663\/revisions"}],"wp:featuredmedia":[{"embeddable":true,"href":"https:\/\/www.pharmacieonline.lu\/de\/wp-json\/wp\/v2\/media\/32664"}],"wp:attachment":[{"href":"https:\/\/www.pharmacieonline.lu\/de\/wp-json\/wp\/v2\/media?parent=32663"}],"wp:term":[{"taxonomy":"product_brand","embeddable":true,"href":"https:\/\/www.pharmacieonline.lu\/de\/wp-json\/wp\/v2\/product_brand?post=32663"},{"taxonomy":"product_cat","embeddable":true,"href":"https:\/\/www.pharmacieonline.lu\/de\/wp-json\/wp\/v2\/product_cat?post=32663"},{"taxonomy":"product_tag","embeddable":true,"href":"https:\/\/www.pharmacieonline.lu\/de\/wp-json\/wp\/v2\/product_tag?post=32663"}],"curies":[{"name":"wp","href":"https:\/\/api.w.org\/{rel}","templated":true}]}}