{"id":32670,"date":"2023-02-10T09:45:20","date_gmt":"2023-02-10T08:45:20","guid":{"rendered":"https:\/\/www.pharmacieonline.lu\/?post_type=product&#038;p=32670"},"modified":"2026-04-10T17:55:25","modified_gmt":"2026-04-10T15:55:25","slug":"physiomance-vision-90-caps","status":"publish","type":"product","link":"https:\/\/www.pharmacieonline.lu\/de\/produit\/physiomance-vision-90-caps\/","title":{"rendered":"PHYSIOMANCE VISION+ 90 CAPS"},"content":{"rendered":"<p>Die Formel der Wahl f\u00fcr Ihre visuelle Gesundheit<\/p>\n<p>Formel entwickelt von Professor Anne-Marie Roussel*;<br \/>\nSynergistische Kombination aus 2 Bio-Wirkstoffen (Tagetes erecta und Fisch\u00f6l, titriert in EPA** und DHA***) und einem Mikron\u00e4hrstoffkomplex;<br \/>\nMit EPA** und DHA*** titriertes Fisch\u00f6l tr\u00e4gt zur Erhaltung normaler Sehkraft bei1;<br \/>\n250 mg hochreines und hoch bioverf\u00fcgbares DHA**;<\/p>\n<p>Optimale Bioverf\u00fcgbarkeit:\u2003\u2003- EPA* und DHA** in Triglyceridform;<br \/>\n&#8211; Zink in Bisglycinatform;<br \/>\nBeschreibung<\/p>\n<p>PHYSIOMANCE VISION+ bietet f\u00fcr 1 Kapsel:<\/p>\n<p>418 mg Fisch\u00f6l, titriert in EPA* und DHA**. DHA** ist eine Omega-3-Fetts\u00e4ure, die f\u00fcr die Struktur und Funktion der Netzhautzellen, die visuelle Informationen an das Gehirn \u00fcbermitteln, unerl\u00e4sslich ist. Bei 250 mg\/Tag tr\u00e4gt es zur Erhaltung der normalen Sehkraft bei;<br \/>\n100 % AR*** in Zink, das zur Aufrechterhaltung einer normalen Sehkraft beitr\u00e4gt und die Zellen vor oxidativem Stress sch\u00fctzt;<br \/>\n136 % AR*** in Vitamin C, das zum reibungslosen Funktionieren des Nervensystems beitr\u00e4gt. Gutes Sehen basiert auf der Umwandlung von Bildern in Nervenimpulse, die von den Augen zum Gehirn zirkulieren;<br \/>\n250 % AR*** in nat\u00fcrlichem Vitamin E, das hilft, die Zellen vor Angriffen durch oxidativen Stress zu sch\u00fctzen, das aufgrund seiner Lichteinwirkung im Auge sehr pr\u00e4sent ist;<br \/>\n10 mg Lutein und 2 mg Zeaxanthin, 2 nat\u00fcrliche Pigmente und 100 % des AR*** in nat\u00fcrlichem Vitamin D3, die die Formel vervollst\u00e4ndigen.<\/p>\n<p>*EPA: Eicosapentaens\u00e4ure<br \/>\n**DHA: Docosahexaens\u00e4ure<br \/>\n***AR: Referenzbeitr\u00e4ge<\/p>\n<p>Nutzungstipps<\/p>\n<p>1 Kapsel pro Tag, w\u00e4hrend einer der 3 Hauptmahlzeiten Ihrer Wahl, f\u00fcr mindestens 3 Monate. Bei Bedarf zu erneuern.<\/p>\n<p>Vorsichtsma\u00dfnahmen f\u00fcr die Verwendung:<\/p>\n<p>Nahrungserg\u00e4nzungsmittel sollten im Rahmen einer gesunden Lebensweise verwendet werden und nicht als Ersatz f\u00fcr eine abwechslungsreiche und ausgewogene Ern\u00e4hrung verwendet werden. \u00dcberschreiten Sie nicht die empfohlene Tagesdosis. Bewahren Sie das Produkt au\u00dferhalb der Reichweite von kleinen Kindern auf. Bei Kombination mehrerer Nahrungserg\u00e4nzungsmittel fragen Sie Ihren Arzt um Rat.<\/p>","protected":false},"excerpt":{"rendered":"<p>Die Formel der Wahl f\u00fcr Ihre visuelle Gesundheit Formel entwickelt von Professor Anne-Marie Roussel*; Synergistische Kombination aus 2 Bio-Wirkstoffen (Tagetes erecta und Fisch\u00f6l, titriert in EPA** und DHA***) und einem Mikron\u00e4hrstoffkomplex; Mit EPA** und DHA*** titriertes Fisch\u00f6l tr\u00e4gt zur Erhaltung normaler Sehkraft bei1; 250 mg hochreines und hoch bioverf\u00fcgbares DHA**; Optimale Bioverf\u00fcgbarkeit:\u2003\u2003- EPA* und DHA** [&hellip;]<\/p>\n","protected":false},"featured_media":32671,"template":"","meta":{"_acf_changed":false,"footnotes":""},"product_brand":[],"product_cat":[42,951,953,948],"product_tag":[],"class_list":{"0":"post-32670","1":"product","2":"type-product","3":"status-publish","4":"has-post-thumbnail","6":"product_cat-para-pharmacie","7":"product_cat-physiomance","8":"product_cat-complements-alimentaires","9":"product_cat-therascience-physionutrition","11":"first","12":"instock","13":"taxable","14":"shipping-taxable","15":"purchasable","16":"product-type-simple"},"acf":[],"_links":{"self":[{"href":"https:\/\/www.pharmacieonline.lu\/de\/wp-json\/wp\/v2\/product\/32670","targetHints":{"allow":["GET"]}}],"collection":[{"href":"https:\/\/www.pharmacieonline.lu\/de\/wp-json\/wp\/v2\/product"}],"about":[{"href":"https:\/\/www.pharmacieonline.lu\/de\/wp-json\/wp\/v2\/types\/product"}],"version-history":[{"count":0,"href":"https:\/\/www.pharmacieonline.lu\/de\/wp-json\/wp\/v2\/product\/32670\/revisions"}],"wp:featuredmedia":[{"embeddable":true,"href":"https:\/\/www.pharmacieonline.lu\/de\/wp-json\/wp\/v2\/media\/32671"}],"wp:attachment":[{"href":"https:\/\/www.pharmacieonline.lu\/de\/wp-json\/wp\/v2\/media?parent=32670"}],"wp:term":[{"taxonomy":"product_brand","embeddable":true,"href":"https:\/\/www.pharmacieonline.lu\/de\/wp-json\/wp\/v2\/product_brand?post=32670"},{"taxonomy":"product_cat","embeddable":true,"href":"https:\/\/www.pharmacieonline.lu\/de\/wp-json\/wp\/v2\/product_cat?post=32670"},{"taxonomy":"product_tag","embeddable":true,"href":"https:\/\/www.pharmacieonline.lu\/de\/wp-json\/wp\/v2\/product_tag?post=32670"}],"curies":[{"name":"wp","href":"https:\/\/api.w.org\/{rel}","templated":true}]}}