{"id":32673,"date":"2023-02-10T10:11:11","date_gmt":"2023-02-10T09:11:11","guid":{"rendered":"https:\/\/www.pharmacieonline.lu\/?post_type=product&#038;p=32673"},"modified":"2026-04-10T17:55:24","modified_gmt":"2026-04-10T15:55:24","slug":"physiomance-control-60-caps","status":"publish","type":"product","link":"https:\/\/www.pharmacieonline.lu\/de\/produit\/physiomance-control-60-caps\/","title":{"rendered":"PHYSIOMANCE CONTROL 60 CAPS"},"content":{"rendered":"<p>Sei positiv und finde deine Gelassenheit<\/p>\n<p>Synergistische Verbindung von 2 Bio-Wirkstoffen (Griffonia und Safran) und dem Mikron\u00e4hrstoffkomplex Suvimine 13\u00ae;<br \/>\nSafran tr\u00e4gt zum emotionalen Gleichgewicht bei und hilft, eine positive Stimmung zu bewahren;<br \/>\nGriffonia verbessert die Gehirnaktivit\u00e4t;<br \/>\nDie Vitamine B1, B3, B6, B8, B9, B12 und C tragen zu normalen psychischen Funktionen bei;<br \/>\nSafr&#8217;Inside\u2122 patentierter Safranextrakt, der seine Qualit\u00e4t und Wirksamkeit garantiert;<br \/>\nOptimale Bioverf\u00fcgbarkeit: Suvimine 13\u00ae Mikron\u00e4hrstoffkomplex;<br \/>\nHigh Quality Process\u00ae;<br \/>\nClean-Label THERASCIENCE;<br \/>\n100 % pflanzliche Kapseln.<br \/>\nBeschreibung<\/p>\n<p>PHYSIOMANCE CONTROL liefert f\u00fcr 2 Kapseln:<\/p>\n<p>30 mg des patentierten Safranextrakts Safr&#8217;Inside\u2122, titriert mit Safranal und Crocin, das zum emotionalen Gleichgewicht beitr\u00e4gt, die Entspannung f\u00f6rdert und hilft, eine positive Stimmung zu bewahren;<br \/>\n168 mg Griffonia-Extrakt, titriert auf 50,4 mg in 5-HTP (5-Hydroxy-Tryptophan), das die Gehirnaktivit\u00e4t stimuliert;<br \/>\n30 % des AR* in den Vitaminen B1, B3, B6, B8, B12 und C, die zu normalen psychischen Funktionen und einer normalen Funktion des Nervensystems beitragen;<br \/>\n30 % AR* in Vitamin B5, das zu einer normalen geistigen Leistungsf\u00e4higkeit beitr\u00e4gt;<br \/>\n100 % des AR* in den Vitaminen B2, B3, B5, B6, B9, B12 und C tragen zur Verringerung von M\u00fcdigkeit bei;<br \/>\n30 % des AR* in Zink, in Selen in Form von Selenomethionin und in den nat\u00fcrlichen Vitaminen D3 und E, die die Formel vervollst\u00e4ndigen.<\/p>\n<p>*AR: Referenzbeitr\u00e4ge<\/p>\n<p>Nutzungstipps<\/p>\n<p>1 Kapsel morgens und 1 Kapsel abends, f\u00fcr mindestens 1 Monat. Bei Bedarf zu erneuern.<\/p>\n<p>Vorsichtsma\u00dfnahmen f\u00fcr die Verwendung:<\/p>\n<p>Nicht in Kombination mit Antidepressiva empfohlen. Nicht empfohlen f\u00fcr schwangere oder stillende Frauen.<\/p>\n<p>Nahrungserg\u00e4nzungsmittel sollten im Rahmen einer gesunden Lebensweise verwendet werden und nicht als Ersatz f\u00fcr eine abwechslungsreiche und ausgewogene Ern\u00e4hrung verwendet werden. \u00dcberschreiten Sie nicht die empfohlene Tagesdosis. Bewahren Sie das Produkt au\u00dferhalb der Reichweite von kleinen Kindern auf. Bei Kombination mehrerer Nahrungserg\u00e4nzungsmittel fragen Sie Ihren Arzt um Rat.<\/p>","protected":false},"excerpt":{"rendered":"<p>Sei positiv und finde deine Gelassenheit Synergistische Verbindung von 2 Bio-Wirkstoffen (Griffonia und Safran) und dem Mikron\u00e4hrstoffkomplex Suvimine 13\u00ae; Safran tr\u00e4gt zum emotionalen Gleichgewicht bei und hilft, eine positive Stimmung zu bewahren; Griffonia verbessert die Gehirnaktivit\u00e4t; Die Vitamine B1, B3, B6, B8, B9, B12 und C tragen zu normalen psychischen Funktionen bei; Safr&#8217;Inside\u2122 patentierter Safranextrakt, [&hellip;]<\/p>\n","protected":false},"featured_media":32674,"template":"","meta":{"_acf_changed":false,"footnotes":""},"product_brand":[],"product_cat":[42,951,953,948],"product_tag":[],"class_list":{"0":"post-32673","1":"product","2":"type-product","3":"status-publish","4":"has-post-thumbnail","6":"product_cat-para-pharmacie","7":"product_cat-physiomance","8":"product_cat-complements-alimentaires","9":"product_cat-therascience-physionutrition","11":"first","12":"instock","13":"taxable","14":"shipping-taxable","15":"purchasable","16":"product-type-simple"},"acf":[],"_links":{"self":[{"href":"https:\/\/www.pharmacieonline.lu\/de\/wp-json\/wp\/v2\/product\/32673","targetHints":{"allow":["GET"]}}],"collection":[{"href":"https:\/\/www.pharmacieonline.lu\/de\/wp-json\/wp\/v2\/product"}],"about":[{"href":"https:\/\/www.pharmacieonline.lu\/de\/wp-json\/wp\/v2\/types\/product"}],"version-history":[{"count":0,"href":"https:\/\/www.pharmacieonline.lu\/de\/wp-json\/wp\/v2\/product\/32673\/revisions"}],"wp:featuredmedia":[{"embeddable":true,"href":"https:\/\/www.pharmacieonline.lu\/de\/wp-json\/wp\/v2\/media\/32674"}],"wp:attachment":[{"href":"https:\/\/www.pharmacieonline.lu\/de\/wp-json\/wp\/v2\/media?parent=32673"}],"wp:term":[{"taxonomy":"product_brand","embeddable":true,"href":"https:\/\/www.pharmacieonline.lu\/de\/wp-json\/wp\/v2\/product_brand?post=32673"},{"taxonomy":"product_cat","embeddable":true,"href":"https:\/\/www.pharmacieonline.lu\/de\/wp-json\/wp\/v2\/product_cat?post=32673"},{"taxonomy":"product_tag","embeddable":true,"href":"https:\/\/www.pharmacieonline.lu\/de\/wp-json\/wp\/v2\/product_tag?post=32673"}],"curies":[{"name":"wp","href":"https:\/\/api.w.org\/{rel}","templated":true}]}}