{"id":32686,"date":"2023-02-10T13:15:22","date_gmt":"2023-02-10T12:15:22","guid":{"rendered":"https:\/\/www.pharmacieonline.lu\/?post_type=product&#038;p=32686"},"modified":"2026-04-10T23:55:21","modified_gmt":"2026-04-10T21:55:21","slug":"physiomance-memoire-30-caps","status":"publish","type":"product","link":"https:\/\/www.pharmacieonline.lu\/de\/produit\/physiomance-memoire-30-caps\/","title":{"rendered":"PHYSIOMANCE MEMOIRE 30 CAPS"},"content":{"rendered":"<p>Steigern Sie Ihre intellektuelle Leistungsf\u00e4higkeit und st\u00e4rken Sie Ihr Ged\u00e4chtnis<\/p>\n<p>Synergistische Kombination aus 400 mg patentiertem Cognizin\u00ae Citicolin, 80 mg Ginkgo-Biloba-Extrakt, 10 mg Pyrrolochinolin-Chinon-Dinatriumsalz (PQQ MGCPQQ\u00ae) und einem Mikron\u00e4hrstoffkomplex;<br \/>\nCognizin\u00ae: Patentierte Form von Citicolin, einem nat\u00fcrlich im K\u00f6rper vorkommenden Molek\u00fcl, das die kognitiven und neuronalen Funktionen verbessert, mit wissenschaftlich nachgewiesener Wirksamkeit;<br \/>\nOptimale Bioverf\u00fcgbarkeit: Zink in Bisglycinat-Form;<br \/>\nHigh Quality Process\u00ae;<br \/>\nClean-Label THERASCIENCE;<br \/>\n100 % pflanzliche Kapseln.<\/p>\n<p>MGCPQQ\u00ae ist ein eingetragenes Warenzeichen von MGC (Japan)<\/p>\n<p>&nbsp;<\/p>\n<p>Beschreibung<\/p>\n<p>PHYSIOMANCE MEMORY bietet f\u00fcr 2 Kapseln:<\/p>\n<p>400 mg patentiertes Cognizin\u00ae Citicolin (titriert auf 83,6 mg Cholin). Cognizin\u00ae Citicolin ist die patentierte Form von Citicolin, einem nat\u00fcrlich im K\u00f6rper vorkommenden Molek\u00fcl, das die kognitiven und neuronalen Funktionen verbessert. Seine Wirksamkeit wurde durch mehrere Studien belegt. Insbesondere hat es eine Wirkung auf die Zellsynthese, auf die Steigerung der Gehirnaktivit\u00e4t und auf die Verbesserung der Konzentration und Aufmerksamkeit.<br \/>\n80 mg Ginkgo-Biloba-Extrakt, titriert auf 19,2 mg Ginkgoflavonoide, die zur Aufrechterhaltung des Ged\u00e4chtnisses und der Sehkraft beitragen;<br \/>\n30 % des AR* in Zink in Bisglycinat-Form, das zu einer normalen kognitiven Funktion und zur Aufrechterhaltung einer normalen Sehkraft beitr\u00e4gt;<br \/>\n100 % des AR* in Vitamin B3, das zur normalen Funktion des Nervensystems beitr\u00e4gt;<br \/>\n30 % des AR* in Vitamin B5, das zur normalen Synthese und zum normalen Stoffwechsel bestimmter Neurotransmitter sowie zu einer normalen geistigen Leistungsf\u00e4higkeit beitr\u00e4gt;<br \/>\n10 mg Pyrrolochinolinchinon-Dinatriumsalz (PQQ MGCPQQ\u00ae), das die Formel vervollst\u00e4ndigt.<\/p>\n<p>*AR: Referenzbeitr\u00e4ge<\/p>\n<p>Nutzungstipps<\/p>\n<p>2 Kapseln pro Tag, f\u00fcr mindestens 15 Tage. Bei Bedarf zu erneuern.<\/p>\n<p>Vorsichtsma\u00dfnahmen f\u00fcr die Verwendung:<\/p>\n<p>Reserviert f\u00fcr Erwachsene. Nicht bei schwangeren oder stillenden Frauen anwenden. \u00dcberwachung erforderlich bei gleichzeitiger Anwendung von Antikoagulanzien. Nicht in Kombination mit Antidepressiva empfohlen.<\/p>\n<p>Nahrungserg\u00e4nzungsmittel sollten im Rahmen einer gesunden Lebensweise verwendet werden und nicht als Ersatz f\u00fcr eine abwechslungsreiche und ausgewogene Ern\u00e4hrung verwendet werden. \u00dcberschreiten Sie nicht die empfohlene Tagesdosis. Bewahren Sie das Produkt au\u00dferhalb der Reichweite von kleinen Kindern auf. Bei Kombination mehrerer Nahrungserg\u00e4nzungsmittel fragen Sie Ihren Arzt um Rat.<\/p>","protected":false},"excerpt":{"rendered":"<p>Steigern Sie Ihre intellektuelle Leistungsf\u00e4higkeit und st\u00e4rken Sie Ihr Ged\u00e4chtnis Synergistische Kombination aus 400 mg patentiertem Cognizin\u00ae Citicolin, 80 mg Ginkgo-Biloba-Extrakt, 10 mg Pyrrolochinolin-Chinon-Dinatriumsalz (PQQ MGCPQQ\u00ae) und einem Mikron\u00e4hrstoffkomplex; Cognizin\u00ae: Patentierte Form von Citicolin, einem nat\u00fcrlich im K\u00f6rper vorkommenden Molek\u00fcl, das die kognitiven und neuronalen Funktionen verbessert, mit wissenschaftlich nachgewiesener Wirksamkeit; Optimale Bioverf\u00fcgbarkeit: Zink in [&hellip;]<\/p>\n","protected":false},"featured_media":32687,"template":"","meta":{"_acf_changed":false,"footnotes":""},"product_brand":[],"product_cat":[42,951,953,948,782],"product_tag":[],"class_list":{"0":"post-32686","1":"product","2":"type-product","3":"status-publish","4":"has-post-thumbnail","6":"product_cat-para-pharmacie","7":"product_cat-physiomance","8":"product_cat-complements-alimentaires","9":"product_cat-therascience-physionutrition","10":"product_cat-vegan","12":"first","13":"instock","14":"taxable","15":"shipping-taxable","16":"purchasable","17":"product-type-simple"},"acf":[],"_links":{"self":[{"href":"https:\/\/www.pharmacieonline.lu\/de\/wp-json\/wp\/v2\/product\/32686","targetHints":{"allow":["GET"]}}],"collection":[{"href":"https:\/\/www.pharmacieonline.lu\/de\/wp-json\/wp\/v2\/product"}],"about":[{"href":"https:\/\/www.pharmacieonline.lu\/de\/wp-json\/wp\/v2\/types\/product"}],"version-history":[{"count":0,"href":"https:\/\/www.pharmacieonline.lu\/de\/wp-json\/wp\/v2\/product\/32686\/revisions"}],"wp:featuredmedia":[{"embeddable":true,"href":"https:\/\/www.pharmacieonline.lu\/de\/wp-json\/wp\/v2\/media\/32687"}],"wp:attachment":[{"href":"https:\/\/www.pharmacieonline.lu\/de\/wp-json\/wp\/v2\/media?parent=32686"}],"wp:term":[{"taxonomy":"product_brand","embeddable":true,"href":"https:\/\/www.pharmacieonline.lu\/de\/wp-json\/wp\/v2\/product_brand?post=32686"},{"taxonomy":"product_cat","embeddable":true,"href":"https:\/\/www.pharmacieonline.lu\/de\/wp-json\/wp\/v2\/product_cat?post=32686"},{"taxonomy":"product_tag","embeddable":true,"href":"https:\/\/www.pharmacieonline.lu\/de\/wp-json\/wp\/v2\/product_tag?post=32686"}],"curies":[{"name":"wp","href":"https:\/\/api.w.org\/{rel}","templated":true}]}}