{"id":32689,"date":"2023-02-10T13:20:24","date_gmt":"2023-02-10T12:20:24","guid":{"rendered":"https:\/\/www.pharmacieonline.lu\/?post_type=product&#038;p=32689"},"modified":"2026-04-10T23:55:21","modified_gmt":"2026-04-10T21:55:21","slug":"physiomance-neurotropics-120-cpr","status":"publish","type":"product","link":"https:\/\/www.pharmacieonline.lu\/de\/produit\/physiomance-neurotropics-120-cpr\/","title":{"rendered":"PHYSIOMANCE NEUROTROPICS 120 CPR"},"content":{"rendered":"<p>Verhindert kognitiven Verfall<\/p>\n<p>Synergistische Kombination aus 6 Bio-Wirkstoffen (Oliven-Hydroxytyrosol, Astaxanthin, Acetyl-L-Carnitin, \u03b1-Lipons\u00e4ure, Coenzym Q10 und PQQ MGCPQQ\u00ae) und einem Mikron\u00e4hrstoffkomplex;<br \/>\nVitamin B5 tr\u00e4gt zu einer normalen geistigen Leistungsf\u00e4higkeit bei;<br \/>\nOptimale Bioverf\u00fcgbarkeit:<br \/>\n&#8211; Acetyl-L-Carnitin in hoch bioverf\u00fcgbarer Form;<br \/>\n&#8211; Vitamine B2, B6 und B12 in Coenzymform.<br \/>\nHigh Quality Process\u00ae;<br \/>\nSauberes Etikett THERASCIENCE.<br \/>\nBeschreibung<\/p>\n<p>PHYSIOMANCE NEUROTROPICS sieht 4 Tabletten pro Tag vor:<\/p>\n<p>30 mg Oliven-Hydroxytyrosol, das die physiologische Widerstandskraft verbessert, die Zellen vor freien Radikalen sch\u00fctzt und den kognitiven Abbau reduziert.<br \/>\n10 mg Vitamin B1, 1 mg Vitamin B2, 54 mg Vitamin B3, 6 mg Vitamin B6 in Coenzymform und 10 \u00b5g Vitamin B12 in Coenzymform, das zur normalen Funktion des Nervensystems beitr\u00e4gt. Dar\u00fcber hinaus hilft Vitamin B2, die Zellen vor oxidativem Stress zu sch\u00fctzen.<br \/>\n50 mg Vitamin B5, das zu einer normalen Synthese und einem normalen Stoffwechsel bestimmter Neurotransmitter sowie zu einer normalen geistigen Leistungsf\u00e4higkeit beitr\u00e4gt.<br \/>\n3 mg Astaxanthin, 600 mg Acetyl-L-Carnitin, 300 mg \u03b1-Lipons\u00e4ure, 133 mg Coenzym Q10 und 20 mg PQQ MGCPQQ\u00ae vervollst\u00e4ndigen die Formel. Diese Antioxidantien haben eine neuroprotektive Wirkung, insbesondere dank ihrer Wirkung auf die Mitochondrien.<br \/>\nNutzungstipps<\/p>\n<p>4 Tabletten pro Tag, f\u00fcr mindestens 1 Monat. Bei Bedarf zu erneuern.<\/p>\n<p>Vorsichtsma\u00dfnahmen f\u00fcr die Verwendung:<br \/>\nDieses Nahrungserg\u00e4nzungsmittel sollte nur von Erwachsenen verzehrt werden, ausgenommen schwangere und stillende Frauen. Nicht f\u00fcr Menschen mit Diabetes empfohlen.<\/p>\n<p>Nahrungserg\u00e4nzungsmittel sollten im Rahmen einer gesunden Lebensweise verwendet werden und nicht als Ersatz f\u00fcr eine abwechslungsreiche und ausgewogene Ern\u00e4hrung verwendet werden. \u00dcberschreiten Sie nicht die empfohlene Tagesdosis. Bewahren Sie das Produkt au\u00dferhalb der Reichweite von kleinen Kindern auf. Bei Kombination mehrerer Nahrungserg\u00e4nzungsmittel fragen Sie Ihren Arzt um Rat.<\/p>\n<p>Nutzungstipps<\/p>\n<p>4 Tabletten pro Tag, f\u00fcr mindestens 1 Monat. Bei Bedarf zu erneuern.<\/p>\n<p>Vorsichtsma\u00dfnahmen f\u00fcr die Verwendung:<br \/>\nDieses Nahrungserg\u00e4nzungsmittel sollte nur von Erwachsenen verzehrt werden, ausgenommen schwangere und stillende Frauen. Nicht f\u00fcr Menschen mit Diabetes empfohlen.<\/p>\n<p>Nahrungserg\u00e4nzungsmittel sollten im Rahmen einer gesunden Lebensweise verwendet werden und nicht als Ersatz f\u00fcr eine abwechslungsreiche und ausgewogene Ern\u00e4hrung verwendet werden. \u00dcberschreiten Sie nicht die empfohlene Tagesdosis. Bewahren Sie das Produkt au\u00dferhalb der Reichweite von kleinen Kindern auf. Bei Kombination mehrerer Nahrungserg\u00e4nzungsmittel fragen Sie Ihren Arzt um Rat.<\/p>","protected":false},"excerpt":{"rendered":"<p>Verhindert kognitiven Verfall Synergistische Kombination aus 6 Bio-Wirkstoffen (Oliven-Hydroxytyrosol, Astaxanthin, Acetyl-L-Carnitin, \u03b1-Lipons\u00e4ure, Coenzym Q10 und PQQ MGCPQQ\u00ae) und einem Mikron\u00e4hrstoffkomplex; Vitamin B5 tr\u00e4gt zu einer normalen geistigen Leistungsf\u00e4higkeit bei; Optimale Bioverf\u00fcgbarkeit: &#8211; Acetyl-L-Carnitin in hoch bioverf\u00fcgbarer Form; &#8211; Vitamine B2, B6 und B12 in Coenzymform. High Quality Process\u00ae; Sauberes Etikett THERASCIENCE. Beschreibung PHYSIOMANCE NEUROTROPICS sieht [&hellip;]<\/p>\n","protected":false},"featured_media":32690,"template":"","meta":{"_acf_changed":false,"footnotes":""},"product_brand":[],"product_cat":[42,951,953,948],"product_tag":[],"class_list":{"0":"post-32689","1":"product","2":"type-product","3":"status-publish","4":"has-post-thumbnail","6":"product_cat-para-pharmacie","7":"product_cat-physiomance","8":"product_cat-complements-alimentaires","9":"product_cat-therascience-physionutrition","11":"first","12":"instock","13":"taxable","14":"shipping-taxable","15":"purchasable","16":"product-type-simple"},"acf":[],"_links":{"self":[{"href":"https:\/\/www.pharmacieonline.lu\/de\/wp-json\/wp\/v2\/product\/32689","targetHints":{"allow":["GET"]}}],"collection":[{"href":"https:\/\/www.pharmacieonline.lu\/de\/wp-json\/wp\/v2\/product"}],"about":[{"href":"https:\/\/www.pharmacieonline.lu\/de\/wp-json\/wp\/v2\/types\/product"}],"version-history":[{"count":0,"href":"https:\/\/www.pharmacieonline.lu\/de\/wp-json\/wp\/v2\/product\/32689\/revisions"}],"wp:featuredmedia":[{"embeddable":true,"href":"https:\/\/www.pharmacieonline.lu\/de\/wp-json\/wp\/v2\/media\/32690"}],"wp:attachment":[{"href":"https:\/\/www.pharmacieonline.lu\/de\/wp-json\/wp\/v2\/media?parent=32689"}],"wp:term":[{"taxonomy":"product_brand","embeddable":true,"href":"https:\/\/www.pharmacieonline.lu\/de\/wp-json\/wp\/v2\/product_brand?post=32689"},{"taxonomy":"product_cat","embeddable":true,"href":"https:\/\/www.pharmacieonline.lu\/de\/wp-json\/wp\/v2\/product_cat?post=32689"},{"taxonomy":"product_tag","embeddable":true,"href":"https:\/\/www.pharmacieonline.lu\/de\/wp-json\/wp\/v2\/product_tag?post=32689"}],"curies":[{"name":"wp","href":"https:\/\/api.w.org\/{rel}","templated":true}]}}