{"id":32699,"date":"2023-02-10T13:37:21","date_gmt":"2023-02-10T12:37:21","guid":{"rendered":"https:\/\/www.pharmacieonline.lu\/?post_type=product&#038;p=32699"},"modified":"2026-04-10T21:55:24","modified_gmt":"2026-04-10T19:55:24","slug":"physiomance-serocontrol-90-cpr","status":"publish","type":"product","link":"https:\/\/www.pharmacieonline.lu\/de\/produit\/physiomance-serocontrol-90-cpr\/","title":{"rendered":"PHYSIOMANCE SEROCONTROL 90 CPR"},"content":{"rendered":"<p>Finden Sie Ihre Lebensfreude<\/p>\n<p>Synergistische Assoziation von L-Tryptophan, Vorl\u00e4ufer von Serotonin und Vitaminen;<br \/>\nVitamin B5 tr\u00e4gt zur normalen Synthese bestimmter Neurotransmitter wie Serotonin bei;<br \/>\nDie Vitamine B1, B3, B6, B8, B9, B12 und C tragen zur Aufrechterhaltung normaler psychischer Funktionen bei;<br \/>\nOptimale Bioverf\u00fcgbarkeit: Suvimine 13\u00ae Mikron\u00e4hrstoffkomplex;<br \/>\nSauberes Etikett THERASCIENCE.<br \/>\nBeschreibung<\/p>\n<p>PHYSIOMANCE SEROCONTROL kombiniert f\u00fcr 1\u20442 Tablette:<\/p>\n<p>220 mg Tryptophan, Vorl\u00e4ufer von Serotonin, Hormon der guten Laune und Gelassenheit;<br \/>\n15 % des AR* in Vitamin B5, das zu einer normalen geistigen Leistungsf\u00e4higkeit, zur Verringerung von M\u00fcdigkeit und zu einer normalen Synthese und einem normalen Stoffwechsel bestimmter Neurotransmitter wie Serotonin beitr\u00e4gt;<br \/>\n15 % des AR* in den Vitaminen B1, B3, B6, B8, B12 und C zur Aufrechterhaltung normaler psychischer Funktionen und einer normalen Funktion des Nervensystems;<br \/>\n15 % AR* in Zink, Selen, den Vitaminen B2, B9 und den nat\u00fcrlichen Vitaminen D3 und E, die die Formel vervollst\u00e4ndigen.<\/p>\n<p>*AR: Referenzbeitr\u00e4ge<\/p>\n<p>Nutzungstipps<\/p>\n<p>\u00bd Tablette pro Tag, vorzugsweise um 17 Uhr, entfernt von jeder Proteinquelle (mindestens 3 Stunden).<\/p>\n<p>Vorsichtsma\u00dfnahmen f\u00fcr die Verwendung:<\/p>\n<p>Nahrungserg\u00e4nzungsmittel sollten im Rahmen einer gesunden Lebensweise verwendet werden und nicht als Ersatz f\u00fcr eine abwechslungsreiche und ausgewogene Ern\u00e4hrung verwendet werden. \u00dcberschreiten Sie nicht die empfohlene Tagesdosis. Bewahren Sie das Produkt au\u00dferhalb der Reichweite von kleinen Kindern auf. Bei Kombination mehrerer Nahrungserg\u00e4nzungsmittel fragen Sie Ihren Arzt um Rat.<\/p>","protected":false},"excerpt":{"rendered":"<p>Finden Sie Ihre Lebensfreude Synergistische Assoziation von L-Tryptophan, Vorl\u00e4ufer von Serotonin und Vitaminen; Vitamin B5 tr\u00e4gt zur normalen Synthese bestimmter Neurotransmitter wie Serotonin bei; Die Vitamine B1, B3, B6, B8, B9, B12 und C tragen zur Aufrechterhaltung normaler psychischer Funktionen bei; Optimale Bioverf\u00fcgbarkeit: Suvimine 13\u00ae Mikron\u00e4hrstoffkomplex; Sauberes Etikett THERASCIENCE. Beschreibung PHYSIOMANCE SEROCONTROL kombiniert f\u00fcr 1\u20442 [&hellip;]<\/p>\n","protected":false},"featured_media":32700,"template":"","meta":{"_acf_changed":false,"footnotes":""},"product_brand":[],"product_cat":[42,951,948],"product_tag":[],"class_list":{"0":"post-32699","1":"product","2":"type-product","3":"status-publish","4":"has-post-thumbnail","6":"product_cat-para-pharmacie","7":"product_cat-physiomance","8":"product_cat-therascience-physionutrition","10":"first","11":"instock","12":"taxable","13":"shipping-taxable","14":"purchasable","15":"product-type-simple"},"acf":[],"_links":{"self":[{"href":"https:\/\/www.pharmacieonline.lu\/de\/wp-json\/wp\/v2\/product\/32699","targetHints":{"allow":["GET"]}}],"collection":[{"href":"https:\/\/www.pharmacieonline.lu\/de\/wp-json\/wp\/v2\/product"}],"about":[{"href":"https:\/\/www.pharmacieonline.lu\/de\/wp-json\/wp\/v2\/types\/product"}],"version-history":[{"count":0,"href":"https:\/\/www.pharmacieonline.lu\/de\/wp-json\/wp\/v2\/product\/32699\/revisions"}],"wp:featuredmedia":[{"embeddable":true,"href":"https:\/\/www.pharmacieonline.lu\/de\/wp-json\/wp\/v2\/media\/32700"}],"wp:attachment":[{"href":"https:\/\/www.pharmacieonline.lu\/de\/wp-json\/wp\/v2\/media?parent=32699"}],"wp:term":[{"taxonomy":"product_brand","embeddable":true,"href":"https:\/\/www.pharmacieonline.lu\/de\/wp-json\/wp\/v2\/product_brand?post=32699"},{"taxonomy":"product_cat","embeddable":true,"href":"https:\/\/www.pharmacieonline.lu\/de\/wp-json\/wp\/v2\/product_cat?post=32699"},{"taxonomy":"product_tag","embeddable":true,"href":"https:\/\/www.pharmacieonline.lu\/de\/wp-json\/wp\/v2\/product_tag?post=32699"}],"curies":[{"name":"wp","href":"https:\/\/api.w.org\/{rel}","templated":true}]}}