{"id":32771,"date":"2023-02-13T16:06:32","date_gmt":"2023-02-13T15:06:32","guid":{"rendered":"https:\/\/www.pharmacieonline.lu\/?post_type=product&#038;p=32771"},"modified":"2026-04-10T17:55:24","modified_gmt":"2026-04-10T15:55:24","slug":"roche-posay-pure-vit-c10-serum-30ml","status":"publish","type":"product","link":"https:\/\/www.pharmacieonline.lu\/de\/produit\/roche-posay-pure-vit-c10-serum-30ml\/","title":{"rendered":"ROCHE POSAY PURE VIT C10 SERUM 30ML"},"content":{"rendered":"<p>Vitamin-C-Serum mit 10 % reinem Vitamin C bringt die Ausstrahlung empfindlicher Haut zum Vorschein. Es wirkt gegen F\u00e4ltchen, Mattheit und unebene Hautstruktur.<\/p>\n<p>Formel angereichert mit 10 % reinem Vitamin C, um die Ausstrahlung der Haut zu verbessern und Falten zu reduzieren. Salicyls\u00e4ure-Peeling f\u00fcr eine glattere und strahlendere Haut sowie beruhigendes Neurosensin.<\/p>\n<p>Indikation<\/p>\n<p>Anti-Aging-Serum.<\/p>\n<p>Verwenden<\/p>\n<p>Morgens auf das Gesicht auftragen, dabei die Augenpartie aussparen. In Kombination mit einem Lichtschutzfaktor zu verwenden.<\/p>\n<p>Komposition<\/p>\n<p>Inhaltsstoffe: Aqua\/Wasser, Ascorbins\u00e4ure, Cyclohexasiloxan, Glycerin, Alkohol denat., Kaliumhydroxid, Polymethylsilsesquioxan, Polysilikon-11, Dimethicon, Propylenglycol, Pentaerythrityltetraethylhexanoat, C13-14-Isoparaffin, PEG-20-Methylglucosesesquistearat, Natriumhyaluronat, Adenosin , Poloxamer 338, Ammoniumpolyacryloyldimethyltaurat, Dinatrium-EDTA, hydrolysierte Hyalurons\u00e4ure, Caprylylglykol, Laureth-7, Acetyldipeptid, -1-Cetylester, Xanthangummi, Toluolsulfons\u00e4ure, Polyacrylamid, Tocopherol, Salicyls\u00e4ure, Parfum\/Duft.<\/p>","protected":false},"excerpt":{"rendered":"<p>Vitamin-C-Serum mit 10 % reinem Vitamin C bringt die Ausstrahlung empfindlicher Haut zum Vorschein. Es wirkt gegen F\u00e4ltchen, Mattheit und unebene Hautstruktur. Formel angereichert mit 10 % reinem Vitamin C, um die Ausstrahlung der Haut zu verbessern und Falten zu reduzieren. Salicyls\u00e4ure-Peeling f\u00fcr eine glattere und strahlendere Haut sowie beruhigendes Neurosensin. Indikation Anti-Aging-Serum. Verwenden Morgens [&hellip;]<\/p>\n","protected":false},"featured_media":32774,"template":"","meta":{"_acf_changed":false,"footnotes":""},"product_brand":[],"product_cat":[47,42,54],"product_tag":[],"class_list":{"0":"post-32771","1":"product","2":"type-product","3":"status-publish","4":"has-post-thumbnail","6":"product_cat-dermocosmetique","7":"product_cat-para-pharmacie","8":"product_cat-soins-du-visage","10":"first","11":"outofstock","12":"taxable","13":"shipping-taxable","14":"purchasable","15":"product-type-simple"},"acf":[],"_links":{"self":[{"href":"https:\/\/www.pharmacieonline.lu\/de\/wp-json\/wp\/v2\/product\/32771","targetHints":{"allow":["GET"]}}],"collection":[{"href":"https:\/\/www.pharmacieonline.lu\/de\/wp-json\/wp\/v2\/product"}],"about":[{"href":"https:\/\/www.pharmacieonline.lu\/de\/wp-json\/wp\/v2\/types\/product"}],"version-history":[{"count":0,"href":"https:\/\/www.pharmacieonline.lu\/de\/wp-json\/wp\/v2\/product\/32771\/revisions"}],"wp:featuredmedia":[{"embeddable":true,"href":"https:\/\/www.pharmacieonline.lu\/de\/wp-json\/wp\/v2\/media\/32774"}],"wp:attachment":[{"href":"https:\/\/www.pharmacieonline.lu\/de\/wp-json\/wp\/v2\/media?parent=32771"}],"wp:term":[{"taxonomy":"product_brand","embeddable":true,"href":"https:\/\/www.pharmacieonline.lu\/de\/wp-json\/wp\/v2\/product_brand?post=32771"},{"taxonomy":"product_cat","embeddable":true,"href":"https:\/\/www.pharmacieonline.lu\/de\/wp-json\/wp\/v2\/product_cat?post=32771"},{"taxonomy":"product_tag","embeddable":true,"href":"https:\/\/www.pharmacieonline.lu\/de\/wp-json\/wp\/v2\/product_tag?post=32771"}],"curies":[{"name":"wp","href":"https:\/\/api.w.org\/{rel}","templated":true}]}}