{"id":32787,"date":"2023-02-13T17:43:56","date_gmt":"2023-02-13T16:43:56","guid":{"rendered":"https:\/\/www.pharmacieonline.lu\/?post_type=product&#038;p=32787"},"modified":"2026-04-16T04:25:21","modified_gmt":"2026-04-16T02:25:21","slug":"forcapil-keratine-lot-180-gel","status":"publish","type":"product","link":"https:\/\/www.pharmacieonline.lu\/de\/produit\/forcapil-keratine-lot-180-gel\/","title":{"rendered":"FORCAPIL KERATINE + LOT 180 GEL"},"content":{"rendered":"<p>Forcapil\u00ae Keratin+ wurde speziell f\u00fcr sensibilisiertes Haar (durch F\u00e4rbung, F\u00f6hn, Gl\u00e4tteisen etc.) entwickelt, um dem Haar Widerstandskraft, Vitalit\u00e4t und Volumen zur\u00fcckzugeben.<\/p>\n<p>Indikation<br \/>\nDiese neue Formel f\u00f6rdert die Widerstandskraft, Vitalit\u00e4t und das Volumen des Haares. Es enth\u00e4lt insbesondere Keratin, einen Hauptbestandteil von Haaren und N\u00e4geln, bestehend aus 17 freien Aminos\u00e4uren.<\/p>\n<p>Forcapil\u00ae Keratin ist bioassimilierbar, es liegt in Form von freien Aminos\u00e4uren vor, die im Vergleich zu reinem Keratin eine bessere Absorption erm\u00f6glichen. Es ist patentiert* und wird in Frankreich hergestellt.<\/p>\n<p>Forcapil\u00ae Keratin+ enth\u00e4lt au\u00dferdem 2 schwefelhaltige Aminos\u00e4uren: Cystin und Methionin, die zu den Hauptbestandteilen von verhorntem Gewebe geh\u00f6ren.<\/p>\n<p>Dar\u00fcber hinaus haben Arkopharma-Experten Folgendes kombiniert:<\/p>\n<p>Vitamin B8 und Zink, die zur Erhaltung gesunder Haare beitragen<br \/>\nVitamin B9 tr\u00e4gt zu einer normalen Synthese von Aminos\u00e4uren bei<br \/>\nVitamin B6 tr\u00e4gt zur normalen Synthese von Cystein und zur Regulierung der Hormont\u00e4tigkeit bei<br \/>\nVitamin D3 ist am Prozess der Zellteilung beteiligt<\/p>\n<p>Verwenden<br \/>\nOralem Weg. Reserviert f\u00fcr Erwachsene.<\/p>\n<p>Nehmen Sie 2 Kapseln morgens zu den Mahlzeiten mit einem gro\u00dfen Glas Wasser w\u00e4hrend des Fr\u00fchst\u00fccks ein.<\/p>\n<p>Komposition<br \/>\nL-Cystin &#8211; L-Methionin &#8211; F\u00fcllstoff: Cellulose &#8211; Keratinhydrolysat &#8211; Vitamin B5 &#8211; Zinkoxid &#8211; Trennmittel: Magnesiumstearat &#8211; Vitamin B6 &#8211; Vitamin D3 &#8211; Vitamin B8 &#8211; Vitamin B9.<br \/>\nH\u00fclle pflanzlichen Ursprungs: Hydroxypropylmethylcellulose.<\/p>","protected":false},"excerpt":{"rendered":"<p>Forcapil\u00ae Keratin+ wurde speziell f\u00fcr sensibilisiertes Haar (durch F\u00e4rbung, F\u00f6hn, Gl\u00e4tteisen etc.) entwickelt, um dem Haar Widerstandskraft, Vitalit\u00e4t und Volumen zur\u00fcckzugeben. Indikation Diese neue Formel f\u00f6rdert die Widerstandskraft, Vitalit\u00e4t und das Volumen des Haares. Es enth\u00e4lt insbesondere Keratin, einen Hauptbestandteil von Haaren und N\u00e4geln, bestehend aus 17 freien Aminos\u00e4uren. Forcapil\u00ae Keratin ist bioassimilierbar, es liegt [&hellip;]<\/p>\n","protected":false},"featured_media":32789,"template":"","meta":{"_acf_changed":false,"footnotes":""},"product_brand":[],"product_cat":[802,42,53,953,782],"product_tag":[],"class_list":{"0":"post-32787","1":"product","2":"type-product","3":"status-publish","4":"has-post-thumbnail","6":"product_cat-vitamines-cheveux-et-ongles","7":"product_cat-para-pharmacie","8":"product_cat-cheveux","9":"product_cat-complements-alimentaires","10":"product_cat-vegan","12":"first","13":"instock","14":"taxable","15":"shipping-taxable","16":"purchasable","17":"product-type-simple"},"acf":[],"_links":{"self":[{"href":"https:\/\/www.pharmacieonline.lu\/de\/wp-json\/wp\/v2\/product\/32787","targetHints":{"allow":["GET"]}}],"collection":[{"href":"https:\/\/www.pharmacieonline.lu\/de\/wp-json\/wp\/v2\/product"}],"about":[{"href":"https:\/\/www.pharmacieonline.lu\/de\/wp-json\/wp\/v2\/types\/product"}],"version-history":[{"count":0,"href":"https:\/\/www.pharmacieonline.lu\/de\/wp-json\/wp\/v2\/product\/32787\/revisions"}],"wp:featuredmedia":[{"embeddable":true,"href":"https:\/\/www.pharmacieonline.lu\/de\/wp-json\/wp\/v2\/media\/32789"}],"wp:attachment":[{"href":"https:\/\/www.pharmacieonline.lu\/de\/wp-json\/wp\/v2\/media?parent=32787"}],"wp:term":[{"taxonomy":"product_brand","embeddable":true,"href":"https:\/\/www.pharmacieonline.lu\/de\/wp-json\/wp\/v2\/product_brand?post=32787"},{"taxonomy":"product_cat","embeddable":true,"href":"https:\/\/www.pharmacieonline.lu\/de\/wp-json\/wp\/v2\/product_cat?post=32787"},{"taxonomy":"product_tag","embeddable":true,"href":"https:\/\/www.pharmacieonline.lu\/de\/wp-json\/wp\/v2\/product_tag?post=32787"}],"curies":[{"name":"wp","href":"https:\/\/api.w.org\/{rel}","templated":true}]}}