{"id":32791,"date":"2023-02-13T17:45:38","date_gmt":"2023-02-13T16:45:38","guid":{"rendered":"https:\/\/www.pharmacieonline.lu\/?post_type=product&#038;p=32791"},"modified":"2026-04-05T21:55:15","modified_gmt":"2026-04-05T19:55:15","slug":"forcapil-masque-soin-double-usage-200ml","status":"publish","type":"product","link":"https:\/\/www.pharmacieonline.lu\/de\/produit\/forcapil-masque-soin-double-usage-200ml\/","title":{"rendered":"FORCAPIL MASQUE SOIN DOUBLE USAGE 200ML"},"content":{"rendered":"<p>Forcapil\u00ae, seit \u00fcber 30 Jahren Experte f\u00fcr Haarkraft und -gesundheit, hat eine exklusive Formel f\u00fcr den doppelten Gebrauch entwickelt: als Pflege nach jedem Shampoo oder als Maske f\u00fcr eine intensivere Reparatur.<\/p>\n<p>Eine Formel mit nachgewiesener Wirksamkeit(1), die Phytokeratin, Vitamine, Zink und Jojoba\u00f6l kombiniert, um:<\/p>\n<p>St\u00e4rkung der Haarfaser von der Wurzel bis zur Spitze [bewiesen bei 91 % der Anwender]<br \/>\nRepariert gesch\u00e4digtes und spr\u00f6des Haar [bewiesen bei 73 % der Anwender]<br \/>\nSch\u00fctzt Haar und Kopfhaut [bewiesen bei 86 % der Anwender]<br \/>\nDermatologisch getestet.<\/p>\n<p>97 % INHALTSSTOFFE NAT\u00dcRLICHEN URSPRUNGS &#8211; SILIKONFREI<\/p>\n<p>(1) Anwendungstest, der 1 Monat lang an 20 Probanden durchgef\u00fchrt wurde.<\/p>\n<p>ANWENDUNGSTIPPS<\/p>\n<p>Tragen Sie nach dem Shampoo 1 bis 2 N\u00fcsse auf die L\u00e4ngen und Spitzen auf:<\/p>\n<p>Als Conditioner 1 bis 2 Minuten einwirken lassen.<br \/>\nAls intensive Reparaturmaske 3 bis 5 Minuten einwirken lassen.<br \/>\nNach Gebrauch aussp\u00fclen.<\/p>\n<p>H\u00e4ufigkeit: zweimal pro Woche.<\/p>","protected":false},"excerpt":{"rendered":"<p>Forcapil\u00ae, seit \u00fcber 30 Jahren Experte f\u00fcr Haarkraft und -gesundheit, hat eine exklusive Formel f\u00fcr den doppelten Gebrauch entwickelt: als Pflege nach jedem Shampoo oder als Maske f\u00fcr eine intensivere Reparatur. Eine Formel mit nachgewiesener Wirksamkeit(1), die Phytokeratin, Vitamine, Zink und Jojoba\u00f6l kombiniert, um: St\u00e4rkung der Haarfaser von der Wurzel bis zur Spitze [bewiesen bei [&hellip;]<\/p>\n","protected":false},"featured_media":32794,"template":"","meta":{"_acf_changed":false,"footnotes":""},"product_brand":[],"product_cat":[42,756,74,53],"product_tag":[],"class_list":{"0":"post-32791","1":"product","2":"type-product","3":"status-publish","4":"has-post-thumbnail","6":"product_cat-para-pharmacie","7":"product_cat-shampoing-cheveux","8":"product_cat-apres-shampoing-et-soins","9":"product_cat-cheveux","11":"first","12":"outofstock","13":"taxable","14":"shipping-taxable","15":"purchasable","16":"product-type-simple"},"acf":[],"_links":{"self":[{"href":"https:\/\/www.pharmacieonline.lu\/de\/wp-json\/wp\/v2\/product\/32791","targetHints":{"allow":["GET"]}}],"collection":[{"href":"https:\/\/www.pharmacieonline.lu\/de\/wp-json\/wp\/v2\/product"}],"about":[{"href":"https:\/\/www.pharmacieonline.lu\/de\/wp-json\/wp\/v2\/types\/product"}],"version-history":[{"count":0,"href":"https:\/\/www.pharmacieonline.lu\/de\/wp-json\/wp\/v2\/product\/32791\/revisions"}],"wp:featuredmedia":[{"embeddable":true,"href":"https:\/\/www.pharmacieonline.lu\/de\/wp-json\/wp\/v2\/media\/32794"}],"wp:attachment":[{"href":"https:\/\/www.pharmacieonline.lu\/de\/wp-json\/wp\/v2\/media?parent=32791"}],"wp:term":[{"taxonomy":"product_brand","embeddable":true,"href":"https:\/\/www.pharmacieonline.lu\/de\/wp-json\/wp\/v2\/product_brand?post=32791"},{"taxonomy":"product_cat","embeddable":true,"href":"https:\/\/www.pharmacieonline.lu\/de\/wp-json\/wp\/v2\/product_cat?post=32791"},{"taxonomy":"product_tag","embeddable":true,"href":"https:\/\/www.pharmacieonline.lu\/de\/wp-json\/wp\/v2\/product_tag?post=32791"}],"curies":[{"name":"wp","href":"https:\/\/api.w.org\/{rel}","templated":true}]}}