{"id":32813,"date":"2023-02-14T10:30:12","date_gmt":"2023-02-14T09:30:12","guid":{"rendered":"https:\/\/www.pharmacieonline.lu\/?post_type=product&#038;p=32813"},"modified":"2026-04-10T10:55:26","modified_gmt":"2026-04-10T08:55:26","slug":"perles-de-peau-radiance-10-fl","status":"publish","type":"product","link":"https:\/\/www.pharmacieonline.lu\/de\/produit\/perles-de-peau-radiance-10-fl\/","title":{"rendered":"PERLES DE PEAU RADIANCE 10 FL"},"content":{"rendered":"<p>Arkopharma stellt mit Perles de Peau\u00ae Anti-Aging Radiance Booster eine Innovation vor: eine spezifische Anti-Aging- und strahlende Formulierung, die von innen heraus wirkt, insbesondere um die Haut mit Feuchtigkeit zu versorgen, zu festigen und aufzuf\u00fcllen.<\/p>\n<p>Verwenden<\/p>\n<p>Nahrungserg\u00e4nzungsmittel. Reserviert f\u00fcr Erwachsene.<\/p>\n<p>Nehmen Sie 1 Flasche pro Tag zu trinken, vorzugsweise verd\u00fcnnt in einem gro\u00dfen Glas Wasser oder Fruchtsaft.<br \/>\nKomposition<\/p>\n<p>Angaben zu den Inhaltsstoffen<\/p>\n<p>Wasser &#8211; Meereskollagenhydrolysat (Fisch) &#8211; S\u00e4ureregulator: Zitronens\u00e4ure &#8211; Nat\u00fcrliches Aroma &#8211; Felsenkraut-Thallusextrakt (Ascophyllum nodosum (L.) Le Jolis) &#8211; Nat\u00fcrliches Zitronenaroma &#8211; Konservierungsstoffe: Kaliumsorbat und Natriumbenzoat &#8211; Hyalurons\u00e4ure (Natriumsalz) &#8211; Vitamin C &#8211; Zinkgluconat &#8211; S\u00fc\u00dfstoff: Sucralose &#8211; Natriumselenat.<\/p>\n<p>Durchschnittliche N\u00e4hrwertangaben<\/p>\n<p>F\u00fcr 1 Fl\u00e4schchen **% VNR***<\/p>\n<p>Meereskollagenhydrolysat 5 g<br \/>\nHyalurons\u00e4ure 40mg<br \/>\nAscophyllum-Extrakt 180 mg<br \/>\nVitamin C 12 mg &#8211; 15 %<br \/>\nZink 1,5 mg &#8211; 15 %<br \/>\nSelen 8,3 \u00b5g &#8211; 15 %<\/p>\n<p>** NRV: Nutritional Reference Value*<\/p>","protected":false},"excerpt":{"rendered":"<p>Arkopharma stellt mit Perles de Peau\u00ae Anti-Aging Radiance Booster eine Innovation vor: eine spezifische Anti-Aging- und strahlende Formulierung, die von innen heraus wirkt, insbesondere um die Haut mit Feuchtigkeit zu versorgen, zu festigen und aufzuf\u00fcllen. Verwenden Nahrungserg\u00e4nzungsmittel. Reserviert f\u00fcr Erwachsene. Nehmen Sie 1 Flasche pro Tag zu trinken, vorzugsweise verd\u00fcnnt in einem gro\u00dfen Glas Wasser [&hellip;]<\/p>\n","protected":false},"featured_media":32815,"template":"","meta":{"_acf_changed":false,"footnotes":""},"product_brand":[],"product_cat":[42,54,953],"product_tag":[],"class_list":{"0":"post-32813","1":"product","2":"type-product","3":"status-publish","4":"has-post-thumbnail","6":"product_cat-para-pharmacie","7":"product_cat-soins-du-visage","8":"product_cat-complements-alimentaires","10":"first","11":"outofstock","12":"taxable","13":"shipping-taxable","14":"purchasable","15":"product-type-simple"},"acf":[],"_links":{"self":[{"href":"https:\/\/www.pharmacieonline.lu\/de\/wp-json\/wp\/v2\/product\/32813","targetHints":{"allow":["GET"]}}],"collection":[{"href":"https:\/\/www.pharmacieonline.lu\/de\/wp-json\/wp\/v2\/product"}],"about":[{"href":"https:\/\/www.pharmacieonline.lu\/de\/wp-json\/wp\/v2\/types\/product"}],"version-history":[{"count":0,"href":"https:\/\/www.pharmacieonline.lu\/de\/wp-json\/wp\/v2\/product\/32813\/revisions"}],"wp:featuredmedia":[{"embeddable":true,"href":"https:\/\/www.pharmacieonline.lu\/de\/wp-json\/wp\/v2\/media\/32815"}],"wp:attachment":[{"href":"https:\/\/www.pharmacieonline.lu\/de\/wp-json\/wp\/v2\/media?parent=32813"}],"wp:term":[{"taxonomy":"product_brand","embeddable":true,"href":"https:\/\/www.pharmacieonline.lu\/de\/wp-json\/wp\/v2\/product_brand?post=32813"},{"taxonomy":"product_cat","embeddable":true,"href":"https:\/\/www.pharmacieonline.lu\/de\/wp-json\/wp\/v2\/product_cat?post=32813"},{"taxonomy":"product_tag","embeddable":true,"href":"https:\/\/www.pharmacieonline.lu\/de\/wp-json\/wp\/v2\/product_tag?post=32813"}],"curies":[{"name":"wp","href":"https:\/\/api.w.org\/{rel}","templated":true}]}}