{"id":32817,"date":"2023-02-14T10:31:19","date_gmt":"2023-02-14T09:31:19","guid":{"rendered":"https:\/\/www.pharmacieonline.lu\/?post_type=product&#038;p=32817"},"modified":"2026-04-10T10:55:25","modified_gmt":"2026-04-10T08:55:25","slug":"perles-de-peau-ac-hyalur-q10-30-caps","status":"publish","type":"product","link":"https:\/\/www.pharmacieonline.lu\/de\/produit\/perles-de-peau-ac-hyalur-q10-30-caps\/","title":{"rendered":"PERLES DE PEAU AC HYALUR + Q10 30 CAPS"},"content":{"rendered":"<p>Indikation<\/p>\n<p>PERLES DE PEAU liefert t\u00e4glich 150 mg Hyalurons\u00e4ure und 30 mg Coenzym Q10. Hyalurons\u00e4ure und Coenzym Q1O sind von Natur aus in der Haut vorhanden. Mit zunehmendem Alter verlieren die Zellen ihre F\u00e4higkeit, sie herzustellen. Hyalurons\u00e4ure spielt eine wesentliche Rolle bei der Hydratation, Elastizit\u00e4t, Festigkeit und Jugendlichkeit der Haut.<\/p>\n<p>Verwenden<\/p>\n<p>2 Kapseln pro Tag zu einer Mahlzeit mit einem gro\u00dfen Glas Wasser einnehmen. \u00dcberschreiten Sie nicht die empfohlene Tagesdosis.<\/p>\n<p>Komposition<\/p>\n<p>Hyalurons\u00e4ure 150mg<\/p>\n<p>Co-Enzym Q 10 30 mg<\/p>","protected":false},"excerpt":{"rendered":"<p>Indikation PERLES DE PEAU liefert t\u00e4glich 150 mg Hyalurons\u00e4ure und 30 mg Coenzym Q10. Hyalurons\u00e4ure und Coenzym Q1O sind von Natur aus in der Haut vorhanden. Mit zunehmendem Alter verlieren die Zellen ihre F\u00e4higkeit, sie herzustellen. Hyalurons\u00e4ure spielt eine wesentliche Rolle bei der Hydratation, Elastizit\u00e4t, Festigkeit und Jugendlichkeit der Haut. Verwenden 2 Kapseln pro Tag [&hellip;]<\/p>\n","protected":false},"featured_media":32819,"template":"","meta":{"_acf_changed":false,"footnotes":""},"product_brand":[],"product_cat":[42,54,953],"product_tag":[],"class_list":{"0":"post-32817","1":"product","2":"type-product","3":"status-publish","4":"has-post-thumbnail","6":"product_cat-para-pharmacie","7":"product_cat-soins-du-visage","8":"product_cat-complements-alimentaires","10":"first","11":"outofstock","12":"taxable","13":"shipping-taxable","14":"purchasable","15":"product-type-simple"},"acf":[],"_links":{"self":[{"href":"https:\/\/www.pharmacieonline.lu\/de\/wp-json\/wp\/v2\/product\/32817","targetHints":{"allow":["GET"]}}],"collection":[{"href":"https:\/\/www.pharmacieonline.lu\/de\/wp-json\/wp\/v2\/product"}],"about":[{"href":"https:\/\/www.pharmacieonline.lu\/de\/wp-json\/wp\/v2\/types\/product"}],"version-history":[{"count":0,"href":"https:\/\/www.pharmacieonline.lu\/de\/wp-json\/wp\/v2\/product\/32817\/revisions"}],"wp:featuredmedia":[{"embeddable":true,"href":"https:\/\/www.pharmacieonline.lu\/de\/wp-json\/wp\/v2\/media\/32819"}],"wp:attachment":[{"href":"https:\/\/www.pharmacieonline.lu\/de\/wp-json\/wp\/v2\/media?parent=32817"}],"wp:term":[{"taxonomy":"product_brand","embeddable":true,"href":"https:\/\/www.pharmacieonline.lu\/de\/wp-json\/wp\/v2\/product_brand?post=32817"},{"taxonomy":"product_cat","embeddable":true,"href":"https:\/\/www.pharmacieonline.lu\/de\/wp-json\/wp\/v2\/product_cat?post=32817"},{"taxonomy":"product_tag","embeddable":true,"href":"https:\/\/www.pharmacieonline.lu\/de\/wp-json\/wp\/v2\/product_tag?post=32817"}],"curies":[{"name":"wp","href":"https:\/\/api.w.org\/{rel}","templated":true}]}}