{"id":32821,"date":"2023-02-14T10:32:39","date_gmt":"2023-02-14T09:32:39","guid":{"rendered":"https:\/\/www.pharmacieonline.lu\/?post_type=product&#038;p=32821"},"modified":"2026-04-10T10:55:25","modified_gmt":"2026-04-10T08:55:25","slug":"perles-de-peau-hydrat-200-caps","status":"publish","type":"product","link":"https:\/\/www.pharmacieonline.lu\/de\/produit\/perles-de-peau-hydrat-200-caps\/","title":{"rendered":"PERLES DE PEAU HYDRAT 200 CAPS"},"content":{"rendered":"<p>MOISTURIZING PEARLS OF SKIN enth\u00e4lt Wirkstoffe nat\u00fcrlichen Ursprungs und Vitamin E: Borretsch\u00f6l und Nachtkerzen\u00f6l liefern essentielle Fetts\u00e4uren wie Gamma-Linolens\u00e4ure und Linols\u00e4ure<\/p>\n<p>Borretsch\u00f6l und Nachtkerzen\u00f6l tragen zur Erhaltung der Geschmeidigkeit und Elastizit\u00e4t der Haut bei.<\/p>\n<p>Vitamin E ist ein Antioxidans, das die Zellen vor oxidativem Stress sch\u00fctzt.<\/p>\n<p>Verwenden<br \/>\n2 Kapseln pro Tag zu den Mahlzeiten mit einem gro\u00dfen Glas Wasser einnehmen. \u00dcberschreiten Sie nicht die empfohlene Tagesdosis.<\/p>\n<p>Komposition<br \/>\nBorretschsamen\u00f6l (Borago officinalis) &#8211; Nachtkerzensamen\u00f6l (Oenothera biennis) &#8211; Vitamin E. Kapsel: Gelatine, Glycerin.<\/p>","protected":false},"excerpt":{"rendered":"<p>MOISTURIZING PEARLS OF SKIN enth\u00e4lt Wirkstoffe nat\u00fcrlichen Ursprungs und Vitamin E: Borretsch\u00f6l und Nachtkerzen\u00f6l liefern essentielle Fetts\u00e4uren wie Gamma-Linolens\u00e4ure und Linols\u00e4ure Borretsch\u00f6l und Nachtkerzen\u00f6l tragen zur Erhaltung der Geschmeidigkeit und Elastizit\u00e4t der Haut bei. Vitamin E ist ein Antioxidans, das die Zellen vor oxidativem Stress sch\u00fctzt. Verwenden 2 Kapseln pro Tag zu den Mahlzeiten mit [&hellip;]<\/p>\n","protected":false},"featured_media":32823,"template":"","meta":{"_acf_changed":false,"footnotes":""},"product_brand":[],"product_cat":[42,54,953,782],"product_tag":[],"class_list":{"0":"post-32821","1":"product","2":"type-product","3":"status-publish","4":"has-post-thumbnail","6":"product_cat-para-pharmacie","7":"product_cat-soins-du-visage","8":"product_cat-complements-alimentaires","9":"product_cat-vegan","11":"first","12":"outofstock","13":"taxable","14":"shipping-taxable","15":"purchasable","16":"product-type-simple"},"acf":[],"_links":{"self":[{"href":"https:\/\/www.pharmacieonline.lu\/de\/wp-json\/wp\/v2\/product\/32821","targetHints":{"allow":["GET"]}}],"collection":[{"href":"https:\/\/www.pharmacieonline.lu\/de\/wp-json\/wp\/v2\/product"}],"about":[{"href":"https:\/\/www.pharmacieonline.lu\/de\/wp-json\/wp\/v2\/types\/product"}],"version-history":[{"count":0,"href":"https:\/\/www.pharmacieonline.lu\/de\/wp-json\/wp\/v2\/product\/32821\/revisions"}],"wp:featuredmedia":[{"embeddable":true,"href":"https:\/\/www.pharmacieonline.lu\/de\/wp-json\/wp\/v2\/media\/32823"}],"wp:attachment":[{"href":"https:\/\/www.pharmacieonline.lu\/de\/wp-json\/wp\/v2\/media?parent=32821"}],"wp:term":[{"taxonomy":"product_brand","embeddable":true,"href":"https:\/\/www.pharmacieonline.lu\/de\/wp-json\/wp\/v2\/product_brand?post=32821"},{"taxonomy":"product_cat","embeddable":true,"href":"https:\/\/www.pharmacieonline.lu\/de\/wp-json\/wp\/v2\/product_cat?post=32821"},{"taxonomy":"product_tag","embeddable":true,"href":"https:\/\/www.pharmacieonline.lu\/de\/wp-json\/wp\/v2\/product_tag?post=32821"}],"curies":[{"name":"wp","href":"https:\/\/api.w.org\/{rel}","templated":true}]}}