{"id":32825,"date":"2023-02-14T10:52:33","date_gmt":"2023-02-14T09:52:33","guid":{"rendered":"https:\/\/www.pharmacieonline.lu\/?post_type=product&#038;p=32825"},"modified":"2026-04-14T23:55:14","modified_gmt":"2026-04-14T21:55:14","slug":"arkogelules-ashwaghanda-bio-45-gel","status":"publish","type":"product","link":"https:\/\/www.pharmacieonline.lu\/de\/produit\/arkogelules-ashwaghanda-bio-45-gel\/","title":{"rendered":"ARKOGELULES ASHWAGHANDA BIO 45 GEL"},"content":{"rendered":"<p>ARKOCAPS\u00ae ORGANISCHES ASHWAGANDHA<br \/>\nPHYTOTHERAPIE<br \/>\nM\u00dcDIGKEIT UND ENERGIE, IMMUNIT\u00c4T<br \/>\nNahrungserg\u00e4nzungsmittel<br \/>\nDank seiner adaptogenen Eigenschaften hilft Ashwagandha dem K\u00f6rper, seine k\u00f6rperlichen und geistigen F\u00e4higkeiten zu erhalten.<\/p>\n<p>Ab 15 Jahren.<\/p>\n<p>2 Kapseln in einer Einzeldosis, morgens zu den Mahlzeiten mit einem gro\u00dfen Glas Wasser einnehmen.<\/p>","protected":false},"excerpt":{"rendered":"<p>ARKOCAPS\u00ae ORGANISCHES ASHWAGANDHA PHYTOTHERAPIE M\u00dcDIGKEIT UND ENERGIE, IMMUNIT\u00c4T Nahrungserg\u00e4nzungsmittel Dank seiner adaptogenen Eigenschaften hilft Ashwagandha dem K\u00f6rper, seine k\u00f6rperlichen und geistigen F\u00e4higkeiten zu erhalten. Ab 15 Jahren. 2 Kapseln in einer Einzeldosis, morgens zu den Mahlzeiten mit einem gro\u00dfen Glas Wasser einnehmen.<\/p>\n","protected":false},"featured_media":32828,"template":"","meta":{"_acf_changed":false,"footnotes":""},"product_brand":[],"product_cat":[42,953,782,781],"product_tag":[],"class_list":{"0":"post-32825","1":"product","2":"type-product","3":"status-publish","4":"has-post-thumbnail","6":"product_cat-para-pharmacie","7":"product_cat-complements-alimentaires","8":"product_cat-vegan","9":"product_cat-sommeil-stress","11":"first","12":"instock","13":"taxable","14":"shipping-taxable","15":"purchasable","16":"product-type-simple"},"acf":[],"_links":{"self":[{"href":"https:\/\/www.pharmacieonline.lu\/de\/wp-json\/wp\/v2\/product\/32825","targetHints":{"allow":["GET"]}}],"collection":[{"href":"https:\/\/www.pharmacieonline.lu\/de\/wp-json\/wp\/v2\/product"}],"about":[{"href":"https:\/\/www.pharmacieonline.lu\/de\/wp-json\/wp\/v2\/types\/product"}],"version-history":[{"count":0,"href":"https:\/\/www.pharmacieonline.lu\/de\/wp-json\/wp\/v2\/product\/32825\/revisions"}],"wp:featuredmedia":[{"embeddable":true,"href":"https:\/\/www.pharmacieonline.lu\/de\/wp-json\/wp\/v2\/media\/32828"}],"wp:attachment":[{"href":"https:\/\/www.pharmacieonline.lu\/de\/wp-json\/wp\/v2\/media?parent=32825"}],"wp:term":[{"taxonomy":"product_brand","embeddable":true,"href":"https:\/\/www.pharmacieonline.lu\/de\/wp-json\/wp\/v2\/product_brand?post=32825"},{"taxonomy":"product_cat","embeddable":true,"href":"https:\/\/www.pharmacieonline.lu\/de\/wp-json\/wp\/v2\/product_cat?post=32825"},{"taxonomy":"product_tag","embeddable":true,"href":"https:\/\/www.pharmacieonline.lu\/de\/wp-json\/wp\/v2\/product_tag?post=32825"}],"curies":[{"name":"wp","href":"https:\/\/api.w.org\/{rel}","templated":true}]}}