{"id":32844,"date":"2023-02-15T12:46:59","date_gmt":"2023-02-15T11:46:59","guid":{"rendered":"https:\/\/www.pharmacieonline.lu\/?post_type=product&#038;p=32844"},"modified":"2026-04-11T04:55:23","modified_gmt":"2026-04-11T02:55:23","slug":"physiomance-cetolike-mct-powder-pot-350g","status":"publish","type":"product","link":"https:\/\/www.pharmacieonline.lu\/de\/produit\/physiomance-cetolike-mct-powder-pot-350g\/","title":{"rendered":"PHYSIOMANCE CETOLIKE MCT POWDER POT 350G"},"content":{"rendered":"<p>Unentbehrliche Unterst\u00fctzung w\u00e4hrend Ihres Gewichtsverlustprogramms<\/p>\n<p>20 g MCT* pflanzlichen Ursprungs;<br \/>\nSauberes Etikett THERASCIENCE.<\/p>\n<p>*MCT: Mittelkettige Triglyceride<\/p>\n<p>Beschreibung<br \/>\nCETOLIKE MCT POWDER liefert f\u00fcr 2 Messl\u00f6ffel 20 g mittelkettige Triglyceride (Caprins\u00e4ure und Capryls\u00e4ure) pflanzlichen Ursprungs.<\/p>\n<p>CETOLIKE MCT POWDER hilft, eine kontrollierte Ketose im Alltag aufzubauen und die kognitiven Funktionen zu unterst\u00fctzen.<\/p>\n<p>Nutzungstipps<br \/>\n1 Kapsel morgens und abends oder 2 Kapseln morgens in einen Shaker mit 150 ml Wasser geben und vor dem Verzehr kr\u00e4ftig sch\u00fctteln. Cetolike MCT-Pulver kann auch mit Essen oder einem hei\u00dfen Getr\u00e4nk gemischt werden. Bei Bedarf zu erneuern.<\/p>\n<p>Vorsichtsma\u00dfnahmen f\u00fcr die Verwendung:<br \/>\nNicht auf n\u00fcchternen Magen einnehmen.<\/p>\n<p>Nahrungserg\u00e4nzungsmittel sollten im Rahmen einer gesunden Lebensweise verwendet werden und nicht als Ersatz f\u00fcr eine abwechslungsreiche und ausgewogene Ern\u00e4hrung verwendet werden. \u00dcberschreiten Sie nicht die empfohlene Tagesdosis. Bewahren Sie das Produkt au\u00dferhalb der Reichweite von kleinen Kindern auf. Bei Kombination mehrerer Nahrungserg\u00e4nzungsmittel fragen Sie Ihren Arzt um Rat.<\/p>","protected":false},"excerpt":{"rendered":"<p>Unentbehrliche Unterst\u00fctzung w\u00e4hrend Ihres Gewichtsverlustprogramms 20 g MCT* pflanzlichen Ursprungs; Sauberes Etikett THERASCIENCE. *MCT: Mittelkettige Triglyceride Beschreibung CETOLIKE MCT POWDER liefert f\u00fcr 2 Messl\u00f6ffel 20 g mittelkettige Triglyceride (Caprins\u00e4ure und Capryls\u00e4ure) pflanzlichen Ursprungs. CETOLIKE MCT POWDER hilft, eine kontrollierte Ketose im Alltag aufzubauen und die kognitiven Funktionen zu unterst\u00fctzen. Nutzungstipps 1 Kapsel morgens und abends [&hellip;]<\/p>\n","protected":false},"featured_media":32845,"template":"","meta":{"_acf_changed":false,"footnotes":""},"product_brand":[],"product_cat":[42,951,953,948],"product_tag":[],"class_list":{"0":"post-32844","1":"product","2":"type-product","3":"status-publish","4":"has-post-thumbnail","6":"product_cat-para-pharmacie","7":"product_cat-physiomance","8":"product_cat-complements-alimentaires","9":"product_cat-therascience-physionutrition","11":"first","12":"instock","13":"taxable","14":"shipping-taxable","15":"purchasable","16":"product-type-simple"},"acf":[],"_links":{"self":[{"href":"https:\/\/www.pharmacieonline.lu\/de\/wp-json\/wp\/v2\/product\/32844","targetHints":{"allow":["GET"]}}],"collection":[{"href":"https:\/\/www.pharmacieonline.lu\/de\/wp-json\/wp\/v2\/product"}],"about":[{"href":"https:\/\/www.pharmacieonline.lu\/de\/wp-json\/wp\/v2\/types\/product"}],"version-history":[{"count":0,"href":"https:\/\/www.pharmacieonline.lu\/de\/wp-json\/wp\/v2\/product\/32844\/revisions"}],"wp:featuredmedia":[{"embeddable":true,"href":"https:\/\/www.pharmacieonline.lu\/de\/wp-json\/wp\/v2\/media\/32845"}],"wp:attachment":[{"href":"https:\/\/www.pharmacieonline.lu\/de\/wp-json\/wp\/v2\/media?parent=32844"}],"wp:term":[{"taxonomy":"product_brand","embeddable":true,"href":"https:\/\/www.pharmacieonline.lu\/de\/wp-json\/wp\/v2\/product_brand?post=32844"},{"taxonomy":"product_cat","embeddable":true,"href":"https:\/\/www.pharmacieonline.lu\/de\/wp-json\/wp\/v2\/product_cat?post=32844"},{"taxonomy":"product_tag","embeddable":true,"href":"https:\/\/www.pharmacieonline.lu\/de\/wp-json\/wp\/v2\/product_tag?post=32844"}],"curies":[{"name":"wp","href":"https:\/\/api.w.org\/{rel}","templated":true}]}}