{"id":32847,"date":"2023-02-15T12:50:52","date_gmt":"2023-02-15T11:50:52","guid":{"rendered":"https:\/\/www.pharmacieonline.lu\/?post_type=product&#038;p=32847"},"modified":"2026-04-10T23:55:20","modified_gmt":"2026-04-10T21:55:20","slug":"physiomance-acetyl-l-carnitine-30-caps","status":"publish","type":"product","link":"https:\/\/www.pharmacieonline.lu\/de\/produit\/physiomance-acetyl-l-carnitine-30-caps\/","title":{"rendered":"PHYSIOMANCE ACETYL-L-CARNITINE 30 CAPS"},"content":{"rendered":"<p>Eine konzentrierte und hochgradig bioverf\u00fcgbare Formel f\u00fcr absolute Wirksamkeit<\/p>\n<p>500 mg hoch bioverf\u00fcgbares Acetyl-L-Carnitin (pro Kapsel);<br \/>\nClean-Label THERASCIENCE;<br \/>\nDR caps\u2122 Kapseln, pflanzlichen Ursprungs, magensaftresistent.<\/p>\n<p>DR Caps\u2122 und das Logo sind Marken von Lonza oder ihren Tochtergesellschaften<\/p>\n<p>Beschreibung<br \/>\nPHYSIOMANCE ACETYL-L-CARNITIN liefert f\u00fcr 5 Kapseln 2,5 g Acetyl-L-Carnitin, um von einer optimalen und effektiven Dosierung zu profitieren.<\/p>\n<p>Nutzungstipps<br \/>\n1 bis 5 Kapseln pro Tag f\u00fcr mindestens 18 Tage. Bei Bedarf zu erneuern.<\/p>\n<p>Vorsichtsma\u00dfnahmen f\u00fcr die Verwendung:<br \/>\nNahrungserg\u00e4nzungsmittel sollten im Rahmen einer gesunden Lebensweise verwendet werden und nicht als Ersatz f\u00fcr eine abwechslungsreiche und ausgewogene Ern\u00e4hrung verwendet werden. \u00dcberschreiten Sie nicht die empfohlene Tagesdosis. Bewahren Sie das Produkt au\u00dferhalb der Reichweite von kleinen Kindern auf. Bei Kombination mehrerer Nahrungserg\u00e4nzungsmittel fragen Sie Ihren Arzt um Rat.<\/p>","protected":false},"excerpt":{"rendered":"<p>Eine konzentrierte und hochgradig bioverf\u00fcgbare Formel f\u00fcr absolute Wirksamkeit 500 mg hoch bioverf\u00fcgbares Acetyl-L-Carnitin (pro Kapsel); Clean-Label THERASCIENCE; DR caps\u2122 Kapseln, pflanzlichen Ursprungs, magensaftresistent. DR Caps\u2122 und das Logo sind Marken von Lonza oder ihren Tochtergesellschaften Beschreibung PHYSIOMANCE ACETYL-L-CARNITIN liefert f\u00fcr 5 Kapseln 2,5 g Acetyl-L-Carnitin, um von einer optimalen und effektiven Dosierung zu profitieren. [&hellip;]<\/p>\n","protected":false},"featured_media":32848,"template":"","meta":{"_acf_changed":false,"footnotes":""},"product_brand":[],"product_cat":[42,951,948],"product_tag":[],"class_list":{"0":"post-32847","1":"product","2":"type-product","3":"status-publish","4":"has-post-thumbnail","6":"product_cat-para-pharmacie","7":"product_cat-physiomance","8":"product_cat-therascience-physionutrition","10":"first","11":"instock","12":"taxable","13":"shipping-taxable","14":"purchasable","15":"product-type-simple"},"acf":[],"_links":{"self":[{"href":"https:\/\/www.pharmacieonline.lu\/de\/wp-json\/wp\/v2\/product\/32847","targetHints":{"allow":["GET"]}}],"collection":[{"href":"https:\/\/www.pharmacieonline.lu\/de\/wp-json\/wp\/v2\/product"}],"about":[{"href":"https:\/\/www.pharmacieonline.lu\/de\/wp-json\/wp\/v2\/types\/product"}],"version-history":[{"count":0,"href":"https:\/\/www.pharmacieonline.lu\/de\/wp-json\/wp\/v2\/product\/32847\/revisions"}],"wp:featuredmedia":[{"embeddable":true,"href":"https:\/\/www.pharmacieonline.lu\/de\/wp-json\/wp\/v2\/media\/32848"}],"wp:attachment":[{"href":"https:\/\/www.pharmacieonline.lu\/de\/wp-json\/wp\/v2\/media?parent=32847"}],"wp:term":[{"taxonomy":"product_brand","embeddable":true,"href":"https:\/\/www.pharmacieonline.lu\/de\/wp-json\/wp\/v2\/product_brand?post=32847"},{"taxonomy":"product_cat","embeddable":true,"href":"https:\/\/www.pharmacieonline.lu\/de\/wp-json\/wp\/v2\/product_cat?post=32847"},{"taxonomy":"product_tag","embeddable":true,"href":"https:\/\/www.pharmacieonline.lu\/de\/wp-json\/wp\/v2\/product_tag?post=32847"}],"curies":[{"name":"wp","href":"https:\/\/api.w.org\/{rel}","templated":true}]}}