{"id":32857,"date":"2023-02-15T15:22:24","date_gmt":"2023-02-15T14:22:24","guid":{"rendered":"https:\/\/www.pharmacieonline.lu\/?post_type=product&#038;p=32857"},"modified":"2026-04-11T05:55:24","modified_gmt":"2026-04-11T03:55:24","slug":"physiomance-dimeol-q10-180-cpr","status":"publish","type":"product","link":"https:\/\/www.pharmacieonline.lu\/de\/produit\/physiomance-dimeol-q10-180-cpr\/","title":{"rendered":"PHYSIOMANCE DIMEOL Q10 180 CPR"},"content":{"rendered":"<p>Zur Aufrechterhaltung eines normalen Cholesterinspiegels<\/p>\n<p>Formel entwickelt von Pr Anne-Marie Roussel*;<br \/>\nSynergistische Kombination aus 4 Bio-Wirkstoffen (Rotschimmelreis, Pinien\u00f6l, Knoblauch und Coenzym Q10) und einem Mikron\u00e4hrstoffkomplex;<br \/>\nOptimale Bioverf\u00fcgbarkeit: Chrom in Picolinat-Form;<br \/>\nCoenzym Q10 aus nat\u00fcrlicher Fermentation;<br \/>\nHigh Quality Process\u00ae;<br \/>\nSauberes Etikett THERASCIENCE.<\/p>\n<p>*Lehrer. Anne-Marie Roussel, emeritierte Professorin f\u00fcr Ern\u00e4hrungsbiochemie, Fakult\u00e4t f\u00fcr Pharmazie \u2013 Universit\u00e4t Grenoble Alpes<\/p>\n<p>Beschreibung<\/p>\n<p>PHYSIOMANCE DIMEOL Q10 bietet f\u00fcr 1\/2 Tablette:<\/p>\n<p>2,5 mg Monacolin K aus Rotschimmelreis;<br \/>\n150 % AR* in Chrom, das zur Aufrechterhaltung eines normalen Blutzuckers und zum normalen Metabolismus von Makron\u00e4hrstoffen (Lipide, Proteine \u200b\u200bund Kohlenhydrate) beitr\u00e4gt;<br \/>\n15 % des AR* an Vitamin B3 zur Aufrechterhaltung eines normalen Energiestoffwechsels;<br \/>\n15 % AR* in nat\u00fcrlichem Vitamin E zum Schutz der Zellen vor oxidativem Stress;<br \/>\n12,5 mg Knoblauchextrakt, titriert in Allicin, das in Synergie mit den anderen Wirkstoffen wirkt, um einen guten Cholesterinspiegel im Blut aufrechtzuerhalten;<br \/>\n12,5 mg Coenzym Q10 aus nat\u00fcrlicher Fermentation und 2,5 mg in Phytosterolen titriertes Kiefern\u00f6l, die die Formel effektiv vervollst\u00e4ndigen.<\/p>\n<p>*AR: Referenzbeitr\u00e4ge<\/p>\n<p>Nutzungstipps<\/p>\n<p>1\/2 Tablette pro Tag w\u00e4hrend einer der 3 Hauptmahlzeiten Ihrer Wahl, f\u00fcr mindestens 3 Monate. Bei Bedarf zu erneuern.<\/p>\n<p>Vorsichtsma\u00dfnahmen f\u00fcr die Verwendung:<\/p>\n<p>Nicht konsumieren, wenn Sie unter 18 oder \u00fcber 70 Jahre alt sind, schwanger sind oder stillen. Nicht konsumieren, wenn Sie Medikamente zur Senkung des Cholesterinspiegels, lipidsenkende Medikamente oder andere Produkte einnehmen, die Rotschimmelreis enthalten. Dieses Produkt ist nicht geeignet f\u00fcr Menschen mit Leber-, Nieren- oder Muskelproblemen und Menschen, die Statine nicht vertragen. Bei gleichzeitiger Anwendung von Antikoagulanzien fragen Sie Ihren Arzt oder Apotheker.<\/p>\n<p>Nahrungserg\u00e4nzungsmittel sollten im Rahmen eines gesunden Lebensstils und einer Ern\u00e4hrung, die reich an Obst und Gem\u00fcse ist, verwendet werden, um den Carotinoidspiegel aufrechtzuerhalten. Nicht als Ersatz f\u00fcr eine abwechslungsreiche und ausgewogene Ern\u00e4hrung verwenden. \u00dcberschreiten Sie nicht die empfohlene Tagesdosis (maximal 3 Gramm Phytosterole). Bewahren Sie das Produkt au\u00dferhalb der Reichweite von kleinen Kindern auf. Bei Kombination mehrerer Nahrungserg\u00e4nzungsmittel fragen Sie Ihren Arzt um Rat.<\/p>\n<p>NB: Das Produkt ist ausschlie\u00dflich f\u00fcr Personen bestimmt, die ihren Cholesterinspiegel im Blut senken m\u00f6chten.<\/p>","protected":false},"excerpt":{"rendered":"<p>Zur Aufrechterhaltung eines normalen Cholesterinspiegels Formel entwickelt von Pr Anne-Marie Roussel*; Synergistische Kombination aus 4 Bio-Wirkstoffen (Rotschimmelreis, Pinien\u00f6l, Knoblauch und Coenzym Q10) und einem Mikron\u00e4hrstoffkomplex; Optimale Bioverf\u00fcgbarkeit: Chrom in Picolinat-Form; Coenzym Q10 aus nat\u00fcrlicher Fermentation; High Quality Process\u00ae; Sauberes Etikett THERASCIENCE. *Lehrer. Anne-Marie Roussel, emeritierte Professorin f\u00fcr Ern\u00e4hrungsbiochemie, Fakult\u00e4t f\u00fcr Pharmazie \u2013 Universit\u00e4t Grenoble Alpes [&hellip;]<\/p>\n","protected":false},"featured_media":32859,"template":"","meta":{"_acf_changed":false,"footnotes":""},"product_brand":[],"product_cat":[42,951,953,948],"product_tag":[],"class_list":{"0":"post-32857","1":"product","2":"type-product","3":"status-publish","4":"has-post-thumbnail","6":"product_cat-para-pharmacie","7":"product_cat-physiomance","8":"product_cat-complements-alimentaires","9":"product_cat-therascience-physionutrition","11":"first","12":"instock","13":"taxable","14":"shipping-taxable","15":"purchasable","16":"product-type-simple"},"acf":[],"_links":{"self":[{"href":"https:\/\/www.pharmacieonline.lu\/de\/wp-json\/wp\/v2\/product\/32857","targetHints":{"allow":["GET"]}}],"collection":[{"href":"https:\/\/www.pharmacieonline.lu\/de\/wp-json\/wp\/v2\/product"}],"about":[{"href":"https:\/\/www.pharmacieonline.lu\/de\/wp-json\/wp\/v2\/types\/product"}],"version-history":[{"count":0,"href":"https:\/\/www.pharmacieonline.lu\/de\/wp-json\/wp\/v2\/product\/32857\/revisions"}],"wp:featuredmedia":[{"embeddable":true,"href":"https:\/\/www.pharmacieonline.lu\/de\/wp-json\/wp\/v2\/media\/32859"}],"wp:attachment":[{"href":"https:\/\/www.pharmacieonline.lu\/de\/wp-json\/wp\/v2\/media?parent=32857"}],"wp:term":[{"taxonomy":"product_brand","embeddable":true,"href":"https:\/\/www.pharmacieonline.lu\/de\/wp-json\/wp\/v2\/product_brand?post=32857"},{"taxonomy":"product_cat","embeddable":true,"href":"https:\/\/www.pharmacieonline.lu\/de\/wp-json\/wp\/v2\/product_cat?post=32857"},{"taxonomy":"product_tag","embeddable":true,"href":"https:\/\/www.pharmacieonline.lu\/de\/wp-json\/wp\/v2\/product_tag?post=32857"}],"curies":[{"name":"wp","href":"https:\/\/api.w.org\/{rel}","templated":true}]}}