{"id":32865,"date":"2023-02-15T16:00:31","date_gmt":"2023-02-15T15:00:31","guid":{"rendered":"https:\/\/www.pharmacieonline.lu\/?post_type=product&#038;p=32865"},"modified":"2026-04-11T05:55:24","modified_gmt":"2026-04-11T03:55:24","slug":"physiomance-minciboost-500-ml","status":"publish","type":"product","link":"https:\/\/www.pharmacieonline.lu\/de\/produit\/physiomance-minciboost-500-ml\/","title":{"rendered":"PHYSIOMANCE MINCIBOOST 500 ML"},"content":{"rendered":"<p>Ein Komplex aus 8 Pflanzen f\u00fcr 4 gezielte Aktionen: Entw\u00e4ssern &#8211; Verbrennen &#8211; Eliminieren &#8211; Entgiften<\/p>\n<p>Ein synergistischer Cocktail aus 8 Pflanzen: Quecke, Kirsche, Guarana, Hibiskus, rote Weinrebe, Esche, Ananas und gr\u00fcner Mate;<br \/>\nDie Kirsche wirkt auf die Ausscheidungsfunktionen des K\u00f6rpers;<br \/>\nGreen Mate unterst\u00fctzt die K\u00f6rperdrainage;<br \/>\nQuackgras unterst\u00fctzt die Entgiftungssysteme des K\u00f6rpers;<br \/>\nGuarana tr\u00e4gt zum Fettstoffwechsel bei;<br \/>\nHigh Quality Process\u00ae.<br \/>\nBeschreibung<\/p>\n<p>PHYSIOMANCE MINCIBOOST kombiniert 8 Pflanzen, die aufgrund ihrer komplement\u00e4ren und gezielten Wirkung ausgew\u00e4hlt wurden, mit f\u00fcr 20 ml:<\/p>\n<p>400 mg Quackgraswurzel, die die Entgiftungssysteme des K\u00f6rpers unterst\u00fctzt. Quackgras tr\u00e4gt auch zur renalen Ausscheidung und zum Harnfluss bei, wirkt auf den Appetit, was zu einer Verringerung des K\u00f6rpergewichts f\u00fchrt;<br \/>\n360 mg Kirschstiele erleichtern die Ausscheidungsfunktionen;<br \/>\n120 mg Gr\u00fcner Mate-Extrakt, eine belebende Pflanze, die die Entw\u00e4sserung des K\u00f6rpers unterst\u00fctzt;<br \/>\n150 mg Guarana, das das Hungergef\u00fchl unterdr\u00fcckt, zum Fettstoffwechsel beitr\u00e4gt, die Aufmerksamkeit f\u00f6rdert und die geistige Erm\u00fcdung reduziert;<br \/>\n121 mg Hibiskus, 6 mg Asche, 6 mg Ananas und 6 mg rote Weinrebe, die die Formel vervollst\u00e4ndigen.<\/p>\n<p>PHYSIOMANCE MINCIBOOST wirkt auf 4 Ebenen:<br \/>\n&#8211; Abfluss ;<br \/>\n&#8211; Brennen ;<br \/>\n&#8211; Beseitigen ;<br \/>\n&#8211; Entgiften.<\/p>\n<p>Nutzungstipps<br \/>\n10 ml in einem gro\u00dfen Glas Wasser verd\u00fcnnen. Zweimal t\u00e4glich erneuern und zwischen den Mahlzeiten verzehren, mindestens 25 Tage lang. K\u00fchl lagern und innerhalb von 25 Tagen nach dem \u00d6ffnen verbrauchen. Bei Bedarf zu erneuern.<\/p>\n<p>Vorsichtsma\u00dfnahmen f\u00fcr die Verwendung:<br \/>\nNicht anwenden bei Kindern, schwangeren oder stillenden Frauen und koffeinempfindlichen Personen. Enth\u00e4lt Koffein (7,5 mg pro 20 ml).<\/p>\n<p>Nahrungserg\u00e4nzungsmittel sollten im Rahmen einer gesunden Lebensweise verwendet werden und nicht als Ersatz f\u00fcr eine abwechslungsreiche und ausgewogene Ern\u00e4hrung verwendet werden. \u00dcberschreiten Sie nicht die empfohlene Tagesdosis. Bewahren Sie das Produkt au\u00dferhalb der Reichweite von kleinen Kindern auf. Bei Kombination mehrerer Nahrungserg\u00e4nzungsmittel fragen Sie Ihren Arzt um Rat. \u00dcberm\u00e4\u00dfiger Gebrauch kann zu abf\u00fchrenden Wirkungen f\u00fchren.<\/p>","protected":false},"excerpt":{"rendered":"<p>Ein Komplex aus 8 Pflanzen f\u00fcr 4 gezielte Aktionen: Entw\u00e4ssern &#8211; Verbrennen &#8211; Eliminieren &#8211; Entgiften Ein synergistischer Cocktail aus 8 Pflanzen: Quecke, Kirsche, Guarana, Hibiskus, rote Weinrebe, Esche, Ananas und gr\u00fcner Mate; Die Kirsche wirkt auf die Ausscheidungsfunktionen des K\u00f6rpers; Green Mate unterst\u00fctzt die K\u00f6rperdrainage; Quackgras unterst\u00fctzt die Entgiftungssysteme des K\u00f6rpers; Guarana tr\u00e4gt zum [&hellip;]<\/p>\n","protected":false},"featured_media":32866,"template":"","meta":{"_acf_changed":false,"footnotes":""},"product_brand":[],"product_cat":[42,49,951,953,948],"product_tag":[],"class_list":{"0":"post-32865","1":"product","2":"type-product","3":"status-publish","4":"has-post-thumbnail","6":"product_cat-para-pharmacie","7":"product_cat-minceurs","8":"product_cat-physiomance","9":"product_cat-complements-alimentaires","10":"product_cat-therascience-physionutrition","12":"first","13":"instock","14":"taxable","15":"shipping-taxable","16":"purchasable","17":"product-type-simple"},"acf":[],"_links":{"self":[{"href":"https:\/\/www.pharmacieonline.lu\/de\/wp-json\/wp\/v2\/product\/32865","targetHints":{"allow":["GET"]}}],"collection":[{"href":"https:\/\/www.pharmacieonline.lu\/de\/wp-json\/wp\/v2\/product"}],"about":[{"href":"https:\/\/www.pharmacieonline.lu\/de\/wp-json\/wp\/v2\/types\/product"}],"version-history":[{"count":0,"href":"https:\/\/www.pharmacieonline.lu\/de\/wp-json\/wp\/v2\/product\/32865\/revisions"}],"wp:featuredmedia":[{"embeddable":true,"href":"https:\/\/www.pharmacieonline.lu\/de\/wp-json\/wp\/v2\/media\/32866"}],"wp:attachment":[{"href":"https:\/\/www.pharmacieonline.lu\/de\/wp-json\/wp\/v2\/media?parent=32865"}],"wp:term":[{"taxonomy":"product_brand","embeddable":true,"href":"https:\/\/www.pharmacieonline.lu\/de\/wp-json\/wp\/v2\/product_brand?post=32865"},{"taxonomy":"product_cat","embeddable":true,"href":"https:\/\/www.pharmacieonline.lu\/de\/wp-json\/wp\/v2\/product_cat?post=32865"},{"taxonomy":"product_tag","embeddable":true,"href":"https:\/\/www.pharmacieonline.lu\/de\/wp-json\/wp\/v2\/product_tag?post=32865"}],"curies":[{"name":"wp","href":"https:\/\/api.w.org\/{rel}","templated":true}]}}