{"id":32869,"date":"2023-02-15T16:05:31","date_gmt":"2023-02-15T15:05:31","guid":{"rendered":"https:\/\/www.pharmacieonline.lu\/?post_type=product&#038;p=32869"},"modified":"2026-04-14T07:55:23","modified_gmt":"2026-04-14T05:55:23","slug":"physiomance-nash-180-cpr","status":"publish","type":"product","link":"https:\/\/www.pharmacieonline.lu\/de\/produit\/physiomance-nash-180-cpr\/","title":{"rendered":"PHYSIOMANCE NASH 180 CPR"},"content":{"rendered":"<p>Tr\u00e4gt zum reibungslosen Funktionieren der Leber bei und erh\u00e4lt ihr Gleichgewicht und ihr ordnungsgem\u00e4\u00dfes Funktionieren<\/p>\n<p>Innovative und synergistische Formel, entwickelt von Pr Anne-Marie Roussel*;<br \/>\nSynergistische Kombination aus 7 Bio-Wirkstoffen (L-Ornithin-L-Aspartat, Cholin, Rosmarin, Mariendistel, N-Acetylcystein, Glutathion und Lycopin) und nat\u00fcrlichem Vitamin E;<br \/>\nMariendistel tr\u00e4gt zum reibungslosen Funktionieren der Leber bei;<br \/>\nVitaCholineTM: Patentierte Biotechnologie, die stabilisiertes, hochwertiges und hochgradig bioverf\u00fcgbares Cholin gew\u00e4hrleistet;<br \/>\nOptimale Bioverf\u00fcgbarkeit: Glutathion in S-Acetyl-L-Glutationsform, hoch bioverf\u00fcgbar;<br \/>\nHigh Quality Process\u00ae;<br \/>\nSauberes Etikett THERASCIENCE.<\/p>\n<p>*Lehrer. Anne-Marie Roussel, emeritierte Professorin f\u00fcr Ern\u00e4hrungsbiochemie, Fakult\u00e4t f\u00fcr Pharmazie \u2013 Universit\u00e4t Grenoble Alpes<\/p>\n<p>Beschreibung<br \/>\nPHYSIOMANCE NASH bietet f\u00fcr 6 Tabletten:<\/p>\n<p>400 mg patentiertes VitaCholineTM Cholinbitartrat, das zur Aufrechterhaltung einer normalen Leberfunktion beitr\u00e4gt;<br \/>\n300 mg Rosmarinextrakt, titriert auf 120 mg Ursols\u00e4ure, die die hepatobili\u00e4re Drainage f\u00f6rdert, zur Unterst\u00fctzung einer normalen Leberfunktion beitr\u00e4gt und die Leber- und Gallenfunktion unterst\u00fctzt;<br \/>\n250 mg Mariendistelextrakt, titriert auf 200 mg Silymarin, das zum Entgiftungspotential der Leber, zu ihrem Schutz und ihrer ordnungsgem\u00e4\u00dfen Funktion beitr\u00e4gt;<br \/>\n20 mg Glutathion, bereitgestellt in seiner bioverf\u00fcgbarsten Form: S-Acetyl-L-Glutathion;<br \/>\n50 % AR* in nat\u00fcrlichem Vitamin E, das zum Schutz der Zellen vor oxidativem Stress beitr\u00e4gt;<br \/>\n2 g L-Ornithin-L-Aspartat, 50 mg N-Acetylcystein und 4 mg Lycopin, um die Formel zu vervollst\u00e4ndigen.<\/p>\n<p>*AR: Referenzbeitr\u00e4ge<\/p>\n<p>Nutzungstipps<br \/>\n3 Tabletten morgens und 3 Tabletten abends zu den Mahlzeiten f\u00fcr mindestens 1 Monat. Bei Bedarf zu erneuern.<\/p>\n<p>Vorsichtsma\u00dfnahmen f\u00fcr die Anwendung: Nicht an Kinder unter 12 Jahren verabreichen. Personen, die Medikamente einnehmen, sollten das Produkt nur unter \u00e4rztlicher Aufsicht verwenden.<\/p>\n<p>Nahrungserg\u00e4nzungsmittel sollten im Rahmen einer gesunden Lebensweise verwendet werden und nicht als Ersatz f\u00fcr eine abwechslungsreiche und ausgewogene Ern\u00e4hrung verwendet werden. \u00dcberschreiten Sie nicht die empfohlene Tagesdosis. Bewahren Sie das Produkt au\u00dferhalb der Reichweite von kleinen Kindern auf. Bei Kombination mehrerer Nahrungserg\u00e4nzungsmittel fragen Sie Ihren Arzt um Rat.<\/p>","protected":false},"excerpt":{"rendered":"<p>Tr\u00e4gt zum reibungslosen Funktionieren der Leber bei und erh\u00e4lt ihr Gleichgewicht und ihr ordnungsgem\u00e4\u00dfes Funktionieren Innovative und synergistische Formel, entwickelt von Pr Anne-Marie Roussel*; Synergistische Kombination aus 7 Bio-Wirkstoffen (L-Ornithin-L-Aspartat, Cholin, Rosmarin, Mariendistel, N-Acetylcystein, Glutathion und Lycopin) und nat\u00fcrlichem Vitamin E; Mariendistel tr\u00e4gt zum reibungslosen Funktionieren der Leber bei; VitaCholineTM: Patentierte Biotechnologie, die stabilisiertes, hochwertiges [&hellip;]<\/p>\n","protected":false},"featured_media":32870,"template":"","meta":{"_acf_changed":false,"footnotes":""},"product_brand":[],"product_cat":[42,951,953,948],"product_tag":[],"class_list":{"0":"post-32869","1":"product","2":"type-product","3":"status-publish","4":"has-post-thumbnail","6":"product_cat-para-pharmacie","7":"product_cat-physiomance","8":"product_cat-complements-alimentaires","9":"product_cat-therascience-physionutrition","11":"first","12":"instock","13":"taxable","14":"shipping-taxable","15":"purchasable","16":"product-type-simple"},"acf":[],"_links":{"self":[{"href":"https:\/\/www.pharmacieonline.lu\/de\/wp-json\/wp\/v2\/product\/32869","targetHints":{"allow":["GET"]}}],"collection":[{"href":"https:\/\/www.pharmacieonline.lu\/de\/wp-json\/wp\/v2\/product"}],"about":[{"href":"https:\/\/www.pharmacieonline.lu\/de\/wp-json\/wp\/v2\/types\/product"}],"version-history":[{"count":0,"href":"https:\/\/www.pharmacieonline.lu\/de\/wp-json\/wp\/v2\/product\/32869\/revisions"}],"wp:featuredmedia":[{"embeddable":true,"href":"https:\/\/www.pharmacieonline.lu\/de\/wp-json\/wp\/v2\/media\/32870"}],"wp:attachment":[{"href":"https:\/\/www.pharmacieonline.lu\/de\/wp-json\/wp\/v2\/media?parent=32869"}],"wp:term":[{"taxonomy":"product_brand","embeddable":true,"href":"https:\/\/www.pharmacieonline.lu\/de\/wp-json\/wp\/v2\/product_brand?post=32869"},{"taxonomy":"product_cat","embeddable":true,"href":"https:\/\/www.pharmacieonline.lu\/de\/wp-json\/wp\/v2\/product_cat?post=32869"},{"taxonomy":"product_tag","embeddable":true,"href":"https:\/\/www.pharmacieonline.lu\/de\/wp-json\/wp\/v2\/product_tag?post=32869"}],"curies":[{"name":"wp","href":"https:\/\/api.w.org\/{rel}","templated":true}]}}