{"id":32879,"date":"2023-02-15T16:18:33","date_gmt":"2023-02-15T15:18:33","guid":{"rendered":"https:\/\/www.pharmacieonline.lu\/?post_type=product&#038;p=32879"},"modified":"2026-04-11T05:55:24","modified_gmt":"2026-04-11T03:55:24","slug":"physiomance-enzymup-60-caps","status":"publish","type":"product","link":"https:\/\/www.pharmacieonline.lu\/de\/produit\/physiomance-enzymup-60-caps\/","title":{"rendered":"PHYSIOMANCE ENZYM&#8217;UP 60 CAPS"},"content":{"rendered":"<p>14 Enzyme zur Unterst\u00fctzung der Verdauung<\/p>\n<p>Synergistischer Komplex aus 14 Enzymen, die die Verdauung von Kohlenhydraten (einschlie\u00dflich Laktose), Lipiden und Proteinen f\u00f6rdern;<br \/>\nEnzyme nat\u00fcrlichen und nicht tierischen Ursprungs;<br \/>\nClean-Label THERASCIENCE;<br \/>\n100% pflanzliche Kapseln.<br \/>\nBeschreibung<\/p>\n<p>PHYSIOMANCE ENZYM&#8217;UP liefert f\u00fcr 3 Kapseln einen Komplex aus 14 Verdauungsenzymen:<br \/>\n&#8211; Amylase;<br \/>\n&#8211; Protease;<br \/>\n&#8211; Glukoamylase;<br \/>\n&#8211; Pektinase;<br \/>\n&#8211; Laktase;<br \/>\n&#8211; Cellulase;<br \/>\n&#8211; Lipase;<br \/>\n&#8211; Bromelain;<br \/>\n&#8211; Xylanase;<br \/>\n&#8211; Hemicellulase;<br \/>\n&#8211; Maltase;<br \/>\n&#8211; Invertase;<br \/>\n&#8211; Papain;<br \/>\n&#8211; \u03b1-Galactosidase, die die Absorption komplexer Kohlenhydrate in der Nahrung unterst\u00fctzt, den Fermentationsprozess reduziert und die Gasbildung vermeidet.<\/p>\n<p>Nutzungstipps<br \/>\n3 x t\u00e4glich 1 Kapsel vor den 3 Hauptmahlzeiten f\u00fcr mindestens 40 Tage. Bei Bedarf zu erneuern.<\/p>\n<p>Vorsichtsma\u00dfnahmen f\u00fcr die Verwendung:<br \/>\nNahrungserg\u00e4nzungsmittel sollten im Rahmen einer gesunden Lebensweise verwendet werden und nicht als Ersatz f\u00fcr eine abwechslungsreiche und ausgewogene Ern\u00e4hrung verwendet werden. \u00dcberschreiten Sie nicht die empfohlene Tagesdosis. Bewahren Sie das Produkt au\u00dferhalb der Reichweite von kleinen Kindern auf. Bei Kombination mehrerer Nahrungserg\u00e4nzungsmittel fragen Sie Ihren Arzt um Rat.<\/p>","protected":false},"excerpt":{"rendered":"<p>14 Enzyme zur Unterst\u00fctzung der Verdauung Synergistischer Komplex aus 14 Enzymen, die die Verdauung von Kohlenhydraten (einschlie\u00dflich Laktose), Lipiden und Proteinen f\u00f6rdern; Enzyme nat\u00fcrlichen und nicht tierischen Ursprungs; Clean-Label THERASCIENCE; 100% pflanzliche Kapseln. Beschreibung PHYSIOMANCE ENZYM&#8217;UP liefert f\u00fcr 3 Kapseln einen Komplex aus 14 Verdauungsenzymen: &#8211; Amylase; &#8211; Protease; &#8211; Glukoamylase; &#8211; Pektinase; &#8211; Laktase; [&hellip;]<\/p>\n","protected":false},"featured_media":32880,"template":"","meta":{"_acf_changed":false,"footnotes":""},"product_brand":[],"product_cat":[42,951,953,948,782],"product_tag":[],"class_list":{"0":"post-32879","1":"product","2":"type-product","3":"status-publish","4":"has-post-thumbnail","6":"product_cat-para-pharmacie","7":"product_cat-physiomance","8":"product_cat-complements-alimentaires","9":"product_cat-therascience-physionutrition","10":"product_cat-vegan","12":"first","13":"instock","14":"taxable","15":"shipping-taxable","16":"purchasable","17":"product-type-simple"},"acf":[],"_links":{"self":[{"href":"https:\/\/www.pharmacieonline.lu\/de\/wp-json\/wp\/v2\/product\/32879","targetHints":{"allow":["GET"]}}],"collection":[{"href":"https:\/\/www.pharmacieonline.lu\/de\/wp-json\/wp\/v2\/product"}],"about":[{"href":"https:\/\/www.pharmacieonline.lu\/de\/wp-json\/wp\/v2\/types\/product"}],"version-history":[{"count":0,"href":"https:\/\/www.pharmacieonline.lu\/de\/wp-json\/wp\/v2\/product\/32879\/revisions"}],"wp:featuredmedia":[{"embeddable":true,"href":"https:\/\/www.pharmacieonline.lu\/de\/wp-json\/wp\/v2\/media\/32880"}],"wp:attachment":[{"href":"https:\/\/www.pharmacieonline.lu\/de\/wp-json\/wp\/v2\/media?parent=32879"}],"wp:term":[{"taxonomy":"product_brand","embeddable":true,"href":"https:\/\/www.pharmacieonline.lu\/de\/wp-json\/wp\/v2\/product_brand?post=32879"},{"taxonomy":"product_cat","embeddable":true,"href":"https:\/\/www.pharmacieonline.lu\/de\/wp-json\/wp\/v2\/product_cat?post=32879"},{"taxonomy":"product_tag","embeddable":true,"href":"https:\/\/www.pharmacieonline.lu\/de\/wp-json\/wp\/v2\/product_tag?post=32879"}],"curies":[{"name":"wp","href":"https:\/\/api.w.org\/{rel}","templated":true}]}}