{"id":32901,"date":"2023-02-16T09:41:52","date_gmt":"2023-02-16T08:41:52","guid":{"rendered":"https:\/\/www.pharmacieonline.lu\/?post_type=product&#038;p=32901"},"modified":"2026-04-12T08:25:46","modified_gmt":"2026-04-12T06:25:46","slug":"physiomance-synergie","status":"publish","type":"product","link":"https:\/\/www.pharmacieonline.lu\/de\/produit\/physiomance-synergie\/","title":{"rendered":"PHYSIOMANCE SYNERGIE"},"content":{"rendered":"<p>Komfort und Leichtigkeit zwischen den Mahlzeiten finden<\/p>\n<p>Reich an pflanzlichen Ballaststoffen: 3,7 g FOS* und 3,7 g Inulin;<br \/>\nSauberes Etikett THERASCIENCE.<\/p>\n<p>*FOS: Fructooligosaccharide<\/p>\n<p>Beschreibung<br \/>\nPHYSIOMANCE SYNERGIE bietet 4 Sticks:<\/p>\n<p>7,4 g Pflanzenfaser;<br \/>\n3,7 g Fructooligosaccharide;<br \/>\n3,7 g Inulin aus Chicor\u00e9e-Extrakten.<\/p>\n<p>Nutzungstipps<br \/>\n1 bis 4 Sticks pro Tag in einem Glas Wasser verd\u00fcnnen. Erh\u00f6hen Sie allm\u00e4hlich die Anzahl der Sticks. Vorzugsweise zu den Mahlzeiten einnehmen, mindestens 7 Tage lang. Bei Bedarf zu erneuern.<\/p>\n<p>Vorsichtsma\u00dfnahmen f\u00fcr die Verwendung:<br \/>\nNahrungserg\u00e4nzungsmittel sollten im Rahmen einer gesunden Lebensweise verwendet werden und nicht als Ersatz f\u00fcr eine abwechslungsreiche und ausgewogene Ern\u00e4hrung verwendet werden. \u00dcberschreiten Sie nicht die empfohlene Tagesdosis. Bewahren Sie das Produkt au\u00dferhalb der Reichweite von kleinen Kindern auf. Bei Kombination mehrerer Nahrungserg\u00e4nzungsmittel fragen Sie Ihren Arzt um Rat.<\/p>","protected":false},"excerpt":{"rendered":"<p>Komfort und Leichtigkeit zwischen den Mahlzeiten finden Reich an pflanzlichen Ballaststoffen: 3,7 g FOS* und 3,7 g Inulin; Sauberes Etikett THERASCIENCE. *FOS: Fructooligosaccharide Beschreibung PHYSIOMANCE SYNERGIE bietet 4 Sticks: 7,4 g Pflanzenfaser; 3,7 g Fructooligosaccharide; 3,7 g Inulin aus Chicor\u00e9e-Extrakten. Nutzungstipps 1 bis 4 Sticks pro Tag in einem Glas Wasser verd\u00fcnnen. Erh\u00f6hen Sie allm\u00e4hlich [&hellip;]<\/p>\n","protected":false},"featured_media":32903,"template":"","meta":{"_acf_changed":false,"footnotes":""},"product_brand":[],"product_cat":[42,951,948],"product_tag":[],"class_list":{"0":"post-32901","1":"product","2":"type-product","3":"status-publish","4":"has-post-thumbnail","6":"product_cat-para-pharmacie","7":"product_cat-physiomance","8":"product_cat-therascience-physionutrition","10":"first","11":"instock","12":"taxable","13":"shipping-taxable","14":"purchasable","15":"product-type-simple"},"acf":[],"_links":{"self":[{"href":"https:\/\/www.pharmacieonline.lu\/de\/wp-json\/wp\/v2\/product\/32901","targetHints":{"allow":["GET"]}}],"collection":[{"href":"https:\/\/www.pharmacieonline.lu\/de\/wp-json\/wp\/v2\/product"}],"about":[{"href":"https:\/\/www.pharmacieonline.lu\/de\/wp-json\/wp\/v2\/types\/product"}],"version-history":[{"count":0,"href":"https:\/\/www.pharmacieonline.lu\/de\/wp-json\/wp\/v2\/product\/32901\/revisions"}],"wp:featuredmedia":[{"embeddable":true,"href":"https:\/\/www.pharmacieonline.lu\/de\/wp-json\/wp\/v2\/media\/32903"}],"wp:attachment":[{"href":"https:\/\/www.pharmacieonline.lu\/de\/wp-json\/wp\/v2\/media?parent=32901"}],"wp:term":[{"taxonomy":"product_brand","embeddable":true,"href":"https:\/\/www.pharmacieonline.lu\/de\/wp-json\/wp\/v2\/product_brand?post=32901"},{"taxonomy":"product_cat","embeddable":true,"href":"https:\/\/www.pharmacieonline.lu\/de\/wp-json\/wp\/v2\/product_cat?post=32901"},{"taxonomy":"product_tag","embeddable":true,"href":"https:\/\/www.pharmacieonline.lu\/de\/wp-json\/wp\/v2\/product_tag?post=32901"}],"curies":[{"name":"wp","href":"https:\/\/api.w.org\/{rel}","templated":true}]}}