{"id":32911,"date":"2023-02-16T09:56:58","date_gmt":"2023-02-16T08:56:58","guid":{"rendered":"https:\/\/www.pharmacieonline.lu\/?post_type=product&#038;p=32911"},"modified":"2026-04-09T22:25:35","modified_gmt":"2026-04-09T20:25:35","slug":"32911","status":"publish","type":"product","link":"https:\/\/www.pharmacieonline.lu\/de\/produit\/32911\/","title":{"rendered":"DETOXSSENTIEL PERTUBATEUR ENDOCRINIEN"},"content":{"rendered":"<p>Entgiften Sie regelm\u00e4\u00dfig gegen endokrine Disruptoren<\/p>\n<p>Formel entwickelt von Dr. Jacques Bassier*;<br \/>\nErstes Nahrungserg\u00e4nzungsmittel zur gezielten Entgiftung gegen endokrine Disruptoren;<br \/>\nInnovative Kombination aus einem synergistischen Komplex f\u00fcr eine essentielle globale Wirkung und spezifischen Wirkstoffen zum Schutz vor endokrinen Disruptoren;<br \/>\nPatentiertes Curcusentiel\u00ae Curcumin mit hoher Bioverf\u00fcgbarkeit: 270-mal besser bioverf\u00fcgbar als ein Standardextrakt;<br \/>\nOptimale Bioverf\u00fcgbarkeit: Suvimine 13\u00ae Mikron\u00e4hrstoffkomplex.<br \/>\nHigh Quality Process\u00ae;<br \/>\nClean-Label THERASCIENCE;<br \/>\n100 % pflanzliche Kapseln;<br \/>\nNat\u00fcrlicher Zitronengeschmack.<\/p>\n<p>*Doktor der Medizin, Absolvent der Fakult\u00e4t von Marseille<\/p>\n<p>Beschreibung<br \/>\nDETOXSSENTIEL ENDOCRINE DISRUPTORS bringt in einer Tagesdosis (10-Tage-Kur):<\/p>\n<p>3 braune Kapseln mit:\u2003- 200 mg \u03b1-Lipons\u00e4ure;<br \/>\n&#8211; 80 mg Betain-HCl;<br \/>\n&#8211; 40,5 mg Curcussentiel\u00ae-Komplex, der einen in Gingerole titrierten Ingwerextrakt und ein patentiertes mikroverkapseltes Curcumin kombiniert, das 270-mal bioverf\u00fcgbarer ist als ein Standardextrakt, das zur Erhaltung der Lebergesundheit beitr\u00e4gt, die Ansammlung von Fett verhindert und deren Abbau durch die Leber erleichtert;<br \/>\n&#8211; 300 mg Mausohrextrakt, der die Ausscheidungsfunktionen des K\u00f6rpers erleichtert;<br \/>\n&#8211; 83,3 mg Gr\u00fcntee-Extrakt, titriert mit 31,7 mg Polyphenolen und 20 mg Catechinen, der den K\u00f6rper sch\u00fctzt, indem er dank Antioxidantien seine nat\u00fcrlichen Abwehrkr\u00e4fte gegen die sch\u00e4dlichen Auswirkungen freier Radikale st\u00e4rkt;<br \/>\n&#8211; 100 % AR* in Selen, das zu einer normalen Schilddr\u00fcsenfunktion beitr\u00e4gt;<br \/>\n&#8211; Suvimine 13\u00ae Mikron\u00e4hrstoffkomplex.<br \/>\n1 wei\u00dfe Kapsel mit 300 mg N-Acetylcystein;<br \/>\n1 Beutel (nat\u00fcrliches Zitronenaroma) Enth\u00e4lt:\u2003- 450 mg Betain HCl;<br \/>\n&#8211; 100 mg L-Cystein;<br \/>\n&#8211; 2 g L-Glycin;<br \/>\n&#8211; 100 mg L-Methionin;<br \/>\n&#8211; 130 % AR* in Molybd\u00e4n, das zu einem normalen Stoffwechsel von schwefelhaltigen Aminos\u00e4uren beitr\u00e4gt;<br \/>\n&#8211; 100 mg L-Taurin;<br \/>\n&#8211; 20 mg Brokkoli-Glucoraphane;<br \/>\n&#8211; 140 mg Mariendistel-Silymarin, das zum Entgiftungspotential der Leber und zu deren Schutz beitr\u00e4gt.<\/p>\n<p>*AR: Referenzbeitr\u00e4ge<\/p>\n<p>Nutzungstipps<br \/>\nUm dem K\u00f6rper zu helfen, hormonaktive Stoffe zu entgiften und damit das hormonelle Gleichgewicht wieder herzustellen, ist es ratsam, regelm\u00e4\u00dfige Entgiftungskuren durchzuf\u00fchren, deren H\u00e4ufigkeit dem Belastungsgrad der Person angepasst werden muss.<\/p>\n<p>F\u00fcr die allgemeine Bev\u00f6lkerung ab 18 Jahren<br \/>\nMindestens 1 Kur von 10 Tagen* pro Jahr<\/p>\n<p>F\u00fcr M\u00e4nner und Frauen in der Zeit vor der Empf\u00e4ngnis oder mit Fruchtbarkeitsst\u00f6rungen<br \/>\n1 Kur von 10 Tagen* pro Monat f\u00fcr 6 Monate (abzubrechen bei Beginn der Schwangerschaft)<\/p>\n<p>W\u00e4hrend der Pubert\u00e4t<br \/>\nM\u00e4dchen von 12 bis 14 Jahren<br \/>\nJungen im Alter von 14 bis 16 Jahren<br \/>\n1 Kur von 10 Tagen* pro Semester in der jeweiligen Altersperiode<\/p>\n<p>F\u00fcr Patienten mit Typ-2-Diabetes<br \/>\n1 Kur \u00e0 10 Tage* pro Semester<\/p>\n<p>F\u00fcr Patienten mit Schilddr\u00fcsenpathologien<br \/>\n1 Kur \u00e0 10 Tage* pro Semester<\/p>\n<p>* 1 TAG = 1 BEUTEL + 3 BRAUNE KAPSELN + 1 WEISSE KAPSEL<\/p>\n<p>Geben Sie den Beutel in einen Shaker mit 150 ml Wasser und sch\u00fctteln Sie ihn kr\u00e4ftig, bevor Sie ihn gleichzeitig mit den 4 Kapseln einnehmen. Bei Bedarf zu erneuern.<\/p>\n<p>Vorsichtsma\u00dfnahmen f\u00fcr die Verwendung:<\/p>\n<p>Nicht an Kinder unter 12 Jahren verabreichen. Enth\u00e4lt Koffein (3,7 mg pro empfohlener Tagesdosis). Nicht empfohlen f\u00fcr Jugendliche, schwangere oder stillende Frauen, Diabetiker und bei gleichzeitiger Anwendung von Antikoagulanzien. Au\u00dferhalb der Mahlzeiten nicht zu empfehlen. \u00dcberwachung erforderlich bei Personen mit Schilddr\u00fcsenunterfunktion oder Schilddr\u00fcsenbehandlung und bei gleichzeitiger Einnahme von Medikamenten.<\/p>\n<p>Nahrungserg\u00e4nzungsmittel sollten im Rahmen einer gesunden Lebensweise verwendet werden und nicht als Ersatz f\u00fcr eine abwechslungsreiche und ausgewogene Ern\u00e4hrung verwendet werden. \u00dcberschreiten Sie nicht die empfohlene Tagesdosis. Bewahren Sie das Produkt au\u00dferhalb der Reichweite von kleinen Kindern auf. Bei Kombination mehrerer Nahrungserg\u00e4nzungsmittel fragen Sie Ihren Arzt um Rat.<\/p>","protected":false},"excerpt":{"rendered":"<p>Entgiften Sie regelm\u00e4\u00dfig gegen endokrine Disruptoren Formel entwickelt von Dr. Jacques Bassier*; Erstes Nahrungserg\u00e4nzungsmittel zur gezielten Entgiftung gegen endokrine Disruptoren; Innovative Kombination aus einem synergistischen Komplex f\u00fcr eine essentielle globale Wirkung und spezifischen Wirkstoffen zum Schutz vor endokrinen Disruptoren; Patentiertes Curcusentiel\u00ae Curcumin mit hoher Bioverf\u00fcgbarkeit: 270-mal besser bioverf\u00fcgbar als ein Standardextrakt; Optimale Bioverf\u00fcgbarkeit: Suvimine 13\u00ae [&hellip;]<\/p>\n","protected":false},"featured_media":32912,"template":"","meta":{"_acf_changed":false,"footnotes":""},"product_brand":[],"product_cat":[962,42,951,953,948,782],"product_tag":[],"class_list":{"0":"post-32911","1":"product","2":"type-product","3":"status-publish","4":"has-post-thumbnail","6":"product_cat-detoxssentiel","7":"product_cat-para-pharmacie","8":"product_cat-physiomance","9":"product_cat-complements-alimentaires","10":"product_cat-therascience-physionutrition","11":"product_cat-vegan","13":"first","14":"instock","15":"taxable","16":"shipping-taxable","17":"purchasable","18":"product-type-simple"},"acf":[],"_links":{"self":[{"href":"https:\/\/www.pharmacieonline.lu\/de\/wp-json\/wp\/v2\/product\/32911","targetHints":{"allow":["GET"]}}],"collection":[{"href":"https:\/\/www.pharmacieonline.lu\/de\/wp-json\/wp\/v2\/product"}],"about":[{"href":"https:\/\/www.pharmacieonline.lu\/de\/wp-json\/wp\/v2\/types\/product"}],"version-history":[{"count":0,"href":"https:\/\/www.pharmacieonline.lu\/de\/wp-json\/wp\/v2\/product\/32911\/revisions"}],"wp:featuredmedia":[{"embeddable":true,"href":"https:\/\/www.pharmacieonline.lu\/de\/wp-json\/wp\/v2\/media\/32912"}],"wp:attachment":[{"href":"https:\/\/www.pharmacieonline.lu\/de\/wp-json\/wp\/v2\/media?parent=32911"}],"wp:term":[{"taxonomy":"product_brand","embeddable":true,"href":"https:\/\/www.pharmacieonline.lu\/de\/wp-json\/wp\/v2\/product_brand?post=32911"},{"taxonomy":"product_cat","embeddable":true,"href":"https:\/\/www.pharmacieonline.lu\/de\/wp-json\/wp\/v2\/product_cat?post=32911"},{"taxonomy":"product_tag","embeddable":true,"href":"https:\/\/www.pharmacieonline.lu\/de\/wp-json\/wp\/v2\/product_tag?post=32911"}],"curies":[{"name":"wp","href":"https:\/\/api.w.org\/{rel}","templated":true}]}}