{"id":32916,"date":"2023-02-16T10:11:11","date_gmt":"2023-02-16T09:11:11","guid":{"rendered":"https:\/\/www.pharmacieonline.lu\/?post_type=product&#038;p=32916"},"modified":"2026-04-07T08:55:21","modified_gmt":"2026-04-07T06:55:21","slug":"physiomance-detox-10-sach","status":"publish","type":"product","link":"https:\/\/www.pharmacieonline.lu\/de\/produit\/physiomance-detox-10-sach\/","title":{"rendered":"PHYSIOMANCE DETOX 10 SACH"},"content":{"rendered":"<p>Entgiften Sie Ihren K\u00f6rper weltweit mit jedem Jahreszeitenwechsel<\/p>\n<p>Nahrungserg\u00e4nzungsmittel zur allgemeinen Entgiftung;<br \/>\nVollst\u00e4ndige Formel, die 5 Bio-Aktivstoffe (Brokkoli, gr\u00fcner Tee, Apfelpektin, schwarzer Rettich und Schachtelhalm) mit 3 Aminos\u00e4uren (Betain, L-Taurin und N-Acetylcystein) und einem Mikron\u00e4hrstoffkomplex kombiniert;<br \/>\nMit Selen abgeschiedenes Lynside\u00ae Forte Se+ in Selenomethioninform, das eine optimale Bioverf\u00fcgbarkeit gew\u00e4hrleistet<br \/>\nOptimale Bioverf\u00fcgbarkeit:\u2003\u2003- Magnesium in Glycerophosphatform1;<br \/>\n&#8211; Zink in Bisglycinatform2;<br \/>\nHigh Quality Process\u00ae;<br \/>\nClean-Label THERASCIENCE;<br \/>\nStevia: 100 % nat\u00fcrliches S\u00fc\u00dfungsmittel;<br \/>\nNat\u00fcrlicher Zitronengeschmack.<br \/>\nBeschreibung<\/p>\n<p>PHYSIOMANCE DETOX bietet f\u00fcr 1 Beutel oder 4 Tabletten:<\/p>\n<p>750 mg gr\u00fcner Tee, titriert auf 187,5 mg Catechine und 75 mg EGCG*, das hilft, den K\u00f6rper zu sch\u00fctzen, indem es dank Antioxidantien seine nat\u00fcrlichen Abwehrkr\u00e4fte gegen die sch\u00e4dlichen Auswirkungen freier Radikale st\u00e4rkt;<br \/>\n190 mg Betain und 143 % der AR** in Vitamin B6, 100 % der AR** in Vitamin B9 und 120 % der AR** in Vitamin B12, die zu einem normalen Stoffwechsel von Homocystein, einem Schwefel- enth\u00e4lt eine Aminos\u00e4ure, die die zellul\u00e4re Entgiftung erleichtert;<br \/>\n100 % AR** in Zink in Bisglycinat-Form, 55 % AR** in Selen in Selenomethionin-Form und 225 % AR** in Vitamin C, die helfen, die Zellen vor oxidativem Stress zu sch\u00fctzen;<br \/>\n53 % des AR** in Magnesium1 spielen eine Rolle im Prozess der Zellteilung;<br \/>\n500 mg Brokkoliextrakt, titriert in Glucoraphanen, 40 mg Schachtelhalmextrakt, 100 mg schwarzer Rettich, 300 mg Apfelpektin, 500 mg L-Taurin, 150 mg N-Acetylcystein und 225 % AR** in Vitamin B3, das die Formel vervollst\u00e4ndigt.<\/p>\n<p>*EGCG: Epigallocatechingallat<br \/>\n**AR: Referenzbeitr\u00e4ge<\/p>\n<p>1. Nur in der Beutelformel vorhanden<\/p>\n<p>Nutzungstipps<br \/>\n1 Beutel oder 4 Tabletten pro Tag morgens w\u00e4hrend des Fr\u00fchst\u00fccks f\u00fcr 10 Tage. Bei Bedarf zu erneuern. F\u00fcr das Sachet das Sachet in einen Shaker mit 100 ml Fruchtsaft geben und kr\u00e4ftig sch\u00fctteln.<\/p>\n<p>Vorsichtsma\u00dfnahmen f\u00fcr die Verwendung:<br \/>\nNicht anwenden bei Kindern unter 12 Jahren und bei Schilddr\u00fcsenfunktionsst\u00f6rungen. Enth\u00e4lt Koffein (34 mg pro empfohlener Tagesdosis). Nicht empfohlen f\u00fcr Kinder, Jugendliche und schwangere oder stillende Frauen. Au\u00dferhalb der Mahlzeiten nicht zu empfehlen. Personen, die Medikamente einnehmen, sollten das Produkt nur unter \u00e4rztlicher Aufsicht verwenden.<\/p>\n<p>F\u00fcr Tabletten: Nehmen Sie die Trockenmittelkapsel nicht in der Pillendose ein.<\/p>\n<p>Nahrungserg\u00e4nzungsmittel sollten im Rahmen einer gesunden Lebensweise verwendet werden und nicht als Ersatz f\u00fcr eine abwechslungsreiche und ausgewogene Ern\u00e4hrung verwendet werden. \u00dcberschreiten Sie nicht die empfohlene Tagesdosis. Bewahren Sie das Produkt au\u00dferhalb der Reichweite von kleinen Kindern auf. Bei Kombination mehrerer Nahrungserg\u00e4nzungsmittel fragen Sie Ihren Arzt um Rat.<\/p>","protected":false},"excerpt":{"rendered":"<p>Entgiften Sie Ihren K\u00f6rper weltweit mit jedem Jahreszeitenwechsel Nahrungserg\u00e4nzungsmittel zur allgemeinen Entgiftung; Vollst\u00e4ndige Formel, die 5 Bio-Aktivstoffe (Brokkoli, gr\u00fcner Tee, Apfelpektin, schwarzer Rettich und Schachtelhalm) mit 3 Aminos\u00e4uren (Betain, L-Taurin und N-Acetylcystein) und einem Mikron\u00e4hrstoffkomplex kombiniert; Mit Selen abgeschiedenes Lynside\u00ae Forte Se+ in Selenomethioninform, das eine optimale Bioverf\u00fcgbarkeit gew\u00e4hrleistet Optimale Bioverf\u00fcgbarkeit:\u2003\u2003- Magnesium in Glycerophosphatform1; &#8211; [&hellip;]<\/p>\n","protected":false},"featured_media":32917,"template":"","meta":{"_acf_changed":false,"footnotes":""},"product_brand":[],"product_cat":[962,42,49,953,948,782],"product_tag":[],"class_list":{"0":"post-32916","1":"product","2":"type-product","3":"status-publish","4":"has-post-thumbnail","6":"product_cat-detoxssentiel","7":"product_cat-para-pharmacie","8":"product_cat-minceurs","9":"product_cat-complements-alimentaires","10":"product_cat-therascience-physionutrition","11":"product_cat-vegan","13":"first","14":"instock","15":"taxable","16":"shipping-taxable","17":"purchasable","18":"product-type-simple"},"acf":[],"_links":{"self":[{"href":"https:\/\/www.pharmacieonline.lu\/de\/wp-json\/wp\/v2\/product\/32916","targetHints":{"allow":["GET"]}}],"collection":[{"href":"https:\/\/www.pharmacieonline.lu\/de\/wp-json\/wp\/v2\/product"}],"about":[{"href":"https:\/\/www.pharmacieonline.lu\/de\/wp-json\/wp\/v2\/types\/product"}],"version-history":[{"count":0,"href":"https:\/\/www.pharmacieonline.lu\/de\/wp-json\/wp\/v2\/product\/32916\/revisions"}],"wp:featuredmedia":[{"embeddable":true,"href":"https:\/\/www.pharmacieonline.lu\/de\/wp-json\/wp\/v2\/media\/32917"}],"wp:attachment":[{"href":"https:\/\/www.pharmacieonline.lu\/de\/wp-json\/wp\/v2\/media?parent=32916"}],"wp:term":[{"taxonomy":"product_brand","embeddable":true,"href":"https:\/\/www.pharmacieonline.lu\/de\/wp-json\/wp\/v2\/product_brand?post=32916"},{"taxonomy":"product_cat","embeddable":true,"href":"https:\/\/www.pharmacieonline.lu\/de\/wp-json\/wp\/v2\/product_cat?post=32916"},{"taxonomy":"product_tag","embeddable":true,"href":"https:\/\/www.pharmacieonline.lu\/de\/wp-json\/wp\/v2\/product_tag?post=32916"}],"curies":[{"name":"wp","href":"https:\/\/api.w.org\/{rel}","templated":true}]}}